{"id":145649,"date":"2025-02-22T20:49:06","date_gmt":"2025-02-22T17:49:06","guid":{"rendered":"https:\/\/kingarms.ee\/product\/ruike-p848-b\/"},"modified":"2025-07-27T16:59:12","modified_gmt":"2025-07-27T13:59:12","slug":"ruike-p848-b","status":"publish","type":"product","link":"https:\/\/kingarms.ee\/en\/product\/ruike-p848-b\/","title":{"rendered":"RUIKE P848-B"},"content":{"rendered":"","protected":false},"excerpt":{"rendered":"<p>Ruike P848-B yra klasikinis \u0161arnyrinis peilis su eleganti\u0161ka i\u0161vaizda. Tai vadinamasis saugus \u0161arnyrinis peilis be i\u0161ky\u0161\u0173 ir detali\u0173 u\u017edaroje pad\u0117tyje, d\u0117l kuri\u0173 peilis gali atsidaryti ki\u0161en\u0117je arba paimti i\u0161 jos. Kalbant apie i\u0161vaizd\u0105 ir dizain\u0105, tai yra pilno dyd\u017eio stilingas ir ergonomi\u0161kas peilis, pagardintas kukliais elektriniais m\u0117lynos spalvos dizaino elementais. A\u0161men\u0173 med\u017eiaga yra auk\u0161tos kokyb\u0117s Sandvik 14c28n ner\u016bdijantis plienas. A\u0161menys atidaromi rankiniu b\u016bdu susiuvant nagus ir yra labai patog\u016bs bei lyg\u016bs d\u0117l i\u0161 anksto sutept\u0173 atramini\u0173 ritinini\u0173 guoli\u0173. A\u0161menys yra u\u017erakinti atviroje pad\u0117tyje, naudojant \u012fd\u0117klo u\u017erakto metod\u0105. Rankena yra 420 ner\u016bdijan\u010dio plieno ir turi G10 kompozicinius dang\u010dius. Ruike P848-B skirtas tiems, kurie vertina saugi\u0105 ir klasikin\u0119 \u0161arnyrinio peilio strukt\u016br\u0105, eleganti\u0161k\u0105 dizain\u0105 ir auk\u0161tos kokyb\u0117s a\u0161men\u0173 med\u017eiag\u0105.<\/p>\n","protected":false},"featured_media":145265,"template":"","meta":{"_acf_changed":false},"product_brand":[],"product_cat":[617],"product_tag":[],"class_list":{"0":"post-145649","1":"product","2":"type-product","3":"status-publish","4":"has-post-thumbnail","6":"product_cat-knives-en","8":"first","9":"instock","10":"purchasable","11":"product-type-simple"},"acf":[],"_links":{"self":[{"href":"https:\/\/kingarms.ee\/en\/wp-json\/wp\/v2\/product\/145649","targetHints":{"allow":["GET"]}}],"collection":[{"href":"https:\/\/kingarms.ee\/en\/wp-json\/wp\/v2\/product"}],"about":[{"href":"https:\/\/kingarms.ee\/en\/wp-json\/wp\/v2\/types\/product"}],"wp:featuredmedia":[{"embeddable":true,"href":"https:\/\/kingarms.ee\/en\/wp-json\/wp\/v2\/media\/145265"}],"wp:attachment":[{"href":"https:\/\/kingarms.ee\/en\/wp-json\/wp\/v2\/media?parent=145649"}],"wp:term":[{"taxonomy":"product_brand","embeddable":true,"href":"https:\/\/kingarms.ee\/en\/wp-json\/wp\/v2\/product_brand?post=145649"},{"taxonomy":"product_cat","embeddable":true,"href":"https:\/\/kingarms.ee\/en\/wp-json\/wp\/v2\/product_cat?post=145649"},{"taxonomy":"product_tag","embeddable":true,"href":"https:\/\/kingarms.ee\/en\/wp-json\/wp\/v2\/product_tag?post=145649"}],"curies":[{"name":"wp","href":"https:\/\/api.w.org\/{rel}","templated":true}]}}