{"id":145659,"date":"2025-02-22T20:48:46","date_gmt":"2025-02-22T17:48:46","guid":{"rendered":"https:\/\/kingarms.ee\/product\/fenix-vutlar-alp-10l-kuni-34mm-peaga-taskulampidele\/"},"modified":"2025-07-27T16:59:05","modified_gmt":"2025-07-27T13:59:05","slug":"fenix-vutlar-alp-10l-kuni-34mm-peaga-taskulampidele","status":"publish","type":"product","link":"https:\/\/kingarms.ee\/en\/product\/fenix-vutlar-alp-10l-kuni-34mm-peaga-taskulampidele\/","title":{"rendered":"FENIKSO KORPUSAS ALP &#8211; 10L IKI 34 MM \u017dIBINTUV\u0116LIAMS"},"content":{"rendered":"","protected":false},"excerpt":{"rendered":"<p>Auk\u0161tos kokyb\u0117s korpusas \u017eibintuv\u0117liams, kuri\u0173 galvos skersmuo iki 34 mm, o bendras ilgis iki 150 mm.<\/p>\n<p>Feniksas ALP-10L yra d\u0117klas, skirtas papildomai apsaugoti j\u016bs\u0173 \u017eibintuv\u0117l\u012f, kai kiekvien\u0105 dien\u0105 atliekate \u012fvairias u\u017eduotis. Pagaminta i\u0161 nailono, pasi\u017eymin\u010dio papildomu atsparumu ply\u0161imui ir dilimui, susidedanti i\u0161 trij\u0173 skirting\u0173 med\u017eiag\u0173, sulydyt\u0173 kar\u0161to presavimo metodu. Striuk\u0117s gale yra molle tipo tvirtinimas, kur\u012f galima pritvirtinti prie liemen\u0117s, dir\u017e\u0173 ar dir\u017eo. Priedas yra pritvirtintas Velcro (velcro) ir \u0161akiniu krautuvu.<\/p>\n","protected":false},"featured_media":144437,"template":"","meta":{"_acf_changed":false},"product_brand":[],"product_cat":[216],"product_tag":[],"class_list":{"0":"post-145659","1":"product","2":"type-product","3":"status-publish","4":"has-post-thumbnail","6":"product_cat-flashlight","8":"first","9":"instock","10":"purchasable","11":"product-type-simple"},"acf":[],"_links":{"self":[{"href":"https:\/\/kingarms.ee\/en\/wp-json\/wp\/v2\/product\/145659","targetHints":{"allow":["GET"]}}],"collection":[{"href":"https:\/\/kingarms.ee\/en\/wp-json\/wp\/v2\/product"}],"about":[{"href":"https:\/\/kingarms.ee\/en\/wp-json\/wp\/v2\/types\/product"}],"wp:featuredmedia":[{"embeddable":true,"href":"https:\/\/kingarms.ee\/en\/wp-json\/wp\/v2\/media\/144437"}],"wp:attachment":[{"href":"https:\/\/kingarms.ee\/en\/wp-json\/wp\/v2\/media?parent=145659"}],"wp:term":[{"taxonomy":"product_brand","embeddable":true,"href":"https:\/\/kingarms.ee\/en\/wp-json\/wp\/v2\/product_brand?post=145659"},{"taxonomy":"product_cat","embeddable":true,"href":"https:\/\/kingarms.ee\/en\/wp-json\/wp\/v2\/product_cat?post=145659"},{"taxonomy":"product_tag","embeddable":true,"href":"https:\/\/kingarms.ee\/en\/wp-json\/wp\/v2\/product_tag?post=145659"}],"curies":[{"name":"wp","href":"https:\/\/api.w.org\/{rel}","templated":true}]}}