{"id":145664,"date":"2025-02-22T20:48:46","date_gmt":"2025-02-22T17:48:46","guid":{"rendered":"https:\/\/kingarms.ee\/product\/fenix-vutlar-alp-10s-kuni-264mm-peaga-taskulampidele\/"},"modified":"2025-07-27T16:59:05","modified_gmt":"2025-07-27T13:59:05","slug":"fenix-vutlar-alp-10s-kuni-26-4mm-peaga-taskulampidele","status":"publish","type":"product","link":"https:\/\/kingarms.ee\/en\/product\/fenix-vutlar-alp-10s-kuni-26-4mm-peaga-taskulampidele\/","title":{"rendered":"&#8216;FENIKSO KORPUSAS ALP-10S \u017dIBINTUV\u0116LIAMS SU GALVUTE IKI 26,4 MM&#8217;"},"content":{"rendered":"<p>FENIX VUTLAR ALP-10S KUNI 26.4MM PEAGA TASKULAMPIDELE<\/p>\n","protected":false},"excerpt":{"rendered":"<p>Fenikso korpusas ALP-10s iki 26,4 MM \u017eibintuv\u0117liams<\/p>\n<p>Auk\u0161tos kokyb\u0117s korpusas \u017eibintuv\u0117liams, kuri\u0173 galvos skersmuo iki 26,4 mm, o bendras ilgis iki 145 mm.<br \/>\nFeniksas ALP-10S yra d\u0117klas, skirtas suteikti papildom\u0105 apsaug\u0105 j\u016bs\u0173 \u017eibintuv\u0117liui kasdienini\u0173 ne\u0161iojimo misij\u0173 metu. Pagaminta i\u0161 nailono, pasi\u017eymin\u010dio papildomu atsparumu ply\u0161imui ir dilimui, susidedanti i\u0161 trij\u0173 skirting\u0173 med\u017eiag\u0173, sulydyt\u0173 kar\u0161to presavimo metodu. Striuk\u0117s gale yra molle tipo tvirtinimas, kur\u012f galima pritvirtinti prie liemen\u0117s, dir\u017e\u0173 ar dir\u017eo. Priedas yra pritvirtintas Velcro (velcro) ir \u0161akiniu krautuvu.&#8221;<\/p>\n","protected":false},"featured_media":144443,"template":"","meta":{"_acf_changed":false},"product_brand":[],"product_cat":[216],"product_tag":[],"class_list":{"0":"post-145664","1":"product","2":"type-product","3":"status-publish","4":"has-post-thumbnail","6":"product_cat-flashlight","8":"first","9":"instock","10":"purchasable","11":"product-type-simple"},"acf":[],"_links":{"self":[{"href":"https:\/\/kingarms.ee\/en\/wp-json\/wp\/v2\/product\/145664","targetHints":{"allow":["GET"]}}],"collection":[{"href":"https:\/\/kingarms.ee\/en\/wp-json\/wp\/v2\/product"}],"about":[{"href":"https:\/\/kingarms.ee\/en\/wp-json\/wp\/v2\/types\/product"}],"wp:featuredmedia":[{"embeddable":true,"href":"https:\/\/kingarms.ee\/en\/wp-json\/wp\/v2\/media\/144443"}],"wp:attachment":[{"href":"https:\/\/kingarms.ee\/en\/wp-json\/wp\/v2\/media?parent=145664"}],"wp:term":[{"taxonomy":"product_brand","embeddable":true,"href":"https:\/\/kingarms.ee\/en\/wp-json\/wp\/v2\/product_brand?post=145664"},{"taxonomy":"product_cat","embeddable":true,"href":"https:\/\/kingarms.ee\/en\/wp-json\/wp\/v2\/product_cat?post=145664"},{"taxonomy":"product_tag","embeddable":true,"href":"https:\/\/kingarms.ee\/en\/wp-json\/wp\/v2\/product_tag?post=145664"}],"curies":[{"name":"wp","href":"https:\/\/api.w.org\/{rel}","templated":true}]}}