{"id":145669,"date":"2025-02-22T20:48:46","date_gmt":"2025-02-22T17:48:46","guid":{"rendered":"https:\/\/kingarms.ee\/product\/fenix-wf11e-atex\/"},"modified":"2025-07-27T16:59:05","modified_gmt":"2025-07-27T13:59:05","slug":"fenix-wf11e-atex","status":"publish","type":"product","link":"https:\/\/kingarms.ee\/en\/product\/fenix-wf11e-atex\/","title":{"rendered":"FENIKSAS PF11E"},"content":{"rendered":"","protected":false},"excerpt":{"rendered":"<p>Feniksas FF11E yra patvarus profesionalus specialus \u0161viestuvas, skirtas naudoti \u012fvairiose potencialiai sprogiose aplinkose (po\u017eemin\u0117se kasyklose). Tai viduje saugaus dizaino \u0161viestuvas su Iecekso, ATEKSO ir SGS sertifikatais. VP11E tinka saugiam naudojimui 0, 1 ir 2 zonose, kur sprogstamasis mi\u0161inys priklauso IIA, IIB ir IIC klas\u0117ms, ir tais atvejais, kai degi\u0173 ir sprogstam\u0173j\u0173 laki\u0173j\u0173 daleli\u0173 (dulki\u0173) koncentracija atitinka 20, 21 ir 22 zon\u0173 s\u0105lygas (kuro ir chemijos pramon\u0117, tekstil\u0117s pramon\u0117, avarin\u0117s tarnybos, metalurgijos gamyklos, elektrin\u0117s, popieriaus ir celiulioz\u0117s gamyklos ir kt.).<\/p>\n<p>F11e yra gana kompakti\u0161kas \u017eibintuv\u0117lis (ilgis 167,5 mm, Maksimalus galvos skersmuo 49 mm), kuris naudoja tris AA dyd\u017eio baterijas kaip maitinimo \u0161altin\u012f. Did\u017eiausias lempos \u0161viesos intensyvumas yra 200 liumen\u0173, o \u0161viesos srauto diapazonas &#8211; 185 metrai. I\u0161 viso yra trys \u0161viesos i\u0161\u0117jimai: maks.200lm veikimo laikas iki 10h, maks.100lm veikimo laikas iki 29h30min, maks.30lm veikimo laikas iki 70h. lempa neturi speciali\u0173 mirks\u0117jimo re\u017eim\u0173. \u0160viesos \u0161altinis yra G2 LED elementas su neutralia balta \u0161viesa. Neutrali balta \u0161viesa pagerina suvokiamo objekto detalum\u0105, sustiprina trima\u010dio efekt\u0105 ir suma\u017eina aki\u0173 nuovarg\u012f dirbtin\u0117je \u0161viesoje, palyginti su \u0161altesne \u0161viesos temperat\u016bra. Feniksas PF11E naudoja tris pla\u010diai paplitusius AA tipo maitinimo \u0161altinius (baterijas). Baterijos lengvai ir greitai pakei\u010diamos. Lempos veikimo re\u017eimas yra prijungtas per patog\u0173 \u0161onin\u012f jungikl\u012f. \u0160viestuvo korpusas pagamintas i\u0161 antistatinio plastiko (RTP 399 ir 133887) ir yra su tvirtu ki\u0161eniniu segtuku. Fenikso ff11e apsaugos laipsnis yra IP67, buvo i\u0161bandytas d\u0117l 1 m atsparumo vandeniui ir atsparumo sm\u016bgiams kritus i\u0161 1,5 m auk\u0161\u010dio i\u0161 \u0161e\u0161i\u0173 pusi\u0173. Pf11e papildo du stipr\u016bs magnetai, vienas integruotas \u012f \u0161viestuvo galin\u0119 dal\u012f, o kitas-\u012f tvirtinimo laikikl\u012f. Magnetai leid\u017eia lemp\u0105 montuoti ant lygi\u0173 feromagnetini\u0173 pavir\u0161i\u0173 tiek vertikalioje, tiek horizontalioje pad\u0117tyje. Be lempos, pakuot\u0117je yra trys Energizer E91 AA dyd\u017eio \u0161arminiai maitinimo \u0161altiniai, atsarginis sandarinimo \u017eiedas, apyrank\u0117, ES atitikties deklaracija ir vartotojo vadovas.<\/p>\n","protected":false},"featured_media":144305,"template":"","meta":{"_acf_changed":false},"product_brand":[],"product_cat":[216],"product_tag":[],"class_list":{"0":"post-145669","1":"product","2":"type-product","3":"status-publish","4":"has-post-thumbnail","6":"product_cat-flashlight","8":"first","9":"instock","10":"purchasable","11":"product-type-simple"},"acf":[],"_links":{"self":[{"href":"https:\/\/kingarms.ee\/en\/wp-json\/wp\/v2\/product\/145669","targetHints":{"allow":["GET"]}}],"collection":[{"href":"https:\/\/kingarms.ee\/en\/wp-json\/wp\/v2\/product"}],"about":[{"href":"https:\/\/kingarms.ee\/en\/wp-json\/wp\/v2\/types\/product"}],"wp:featuredmedia":[{"embeddable":true,"href":"https:\/\/kingarms.ee\/en\/wp-json\/wp\/v2\/media\/144305"}],"wp:attachment":[{"href":"https:\/\/kingarms.ee\/en\/wp-json\/wp\/v2\/media?parent=145669"}],"wp:term":[{"taxonomy":"product_brand","embeddable":true,"href":"https:\/\/kingarms.ee\/en\/wp-json\/wp\/v2\/product_brand?post=145669"},{"taxonomy":"product_cat","embeddable":true,"href":"https:\/\/kingarms.ee\/en\/wp-json\/wp\/v2\/product_cat?post=145669"},{"taxonomy":"product_tag","embeddable":true,"href":"https:\/\/kingarms.ee\/en\/wp-json\/wp\/v2\/product_tag?post=145669"}],"curies":[{"name":"wp","href":"https:\/\/api.w.org\/{rel}","templated":true}]}}