{"id":145688,"date":"2025-02-22T20:48:46","date_gmt":"2025-02-22T17:48:46","guid":{"rendered":"https:\/\/kingarms.ee\/product\/ruike-hussar-p121-b-2\/"},"modified":"2025-07-27T16:59:11","modified_gmt":"2025-07-27T13:59:11","slug":"ruike-hussar-p121-b-2","status":"publish","type":"product","link":"https:\/\/kingarms.ee\/en\/product\/ruike-hussar-p121-b-2\/","title":{"rendered":"RUIKE HUSSAR P121-B"},"content":{"rendered":"","protected":false},"excerpt":{"rendered":"<p>P121 yra vienas populiariausi\u0173 ir perkamiausi\u0173 Ruike peili\u0173 d\u0117l savo universalumo ir bekompromis\u0117s kokyb\u0117s. Tai labai patogus dydis, plonas peilis su ilgu kra\u0161tu. A\u0161menys yra Sandvik 14c28n plieno ir turi rutulin\u012f guol\u012f i\u0161 abiej\u0173 pusi\u0173. Rankena yra G10 kompozicin\u0117 su neslystan\u010diu apdorojimu kartu su 420 ner\u016bdijan\u010dio plieno. Galimos juodos (P121-B) ir alyvuogi\u0173 \u017ealios (P121-G) rankenos.<\/p>\n","protected":false},"featured_media":88204,"template":"","meta":{"_acf_changed":false},"product_brand":[],"product_cat":[617],"product_tag":[],"class_list":{"0":"post-145688","1":"product","2":"type-product","3":"status-publish","4":"has-post-thumbnail","6":"product_cat-knives-en","8":"first","9":"instock","10":"purchasable","11":"product-type-simple"},"acf":[],"_links":{"self":[{"href":"https:\/\/kingarms.ee\/en\/wp-json\/wp\/v2\/product\/145688","targetHints":{"allow":["GET"]}}],"collection":[{"href":"https:\/\/kingarms.ee\/en\/wp-json\/wp\/v2\/product"}],"about":[{"href":"https:\/\/kingarms.ee\/en\/wp-json\/wp\/v2\/types\/product"}],"wp:featuredmedia":[{"embeddable":true,"href":"https:\/\/kingarms.ee\/en\/wp-json\/wp\/v2\/media\/88204"}],"wp:attachment":[{"href":"https:\/\/kingarms.ee\/en\/wp-json\/wp\/v2\/media?parent=145688"}],"wp:term":[{"taxonomy":"product_brand","embeddable":true,"href":"https:\/\/kingarms.ee\/en\/wp-json\/wp\/v2\/product_brand?post=145688"},{"taxonomy":"product_cat","embeddable":true,"href":"https:\/\/kingarms.ee\/en\/wp-json\/wp\/v2\/product_cat?post=145688"},{"taxonomy":"product_tag","embeddable":true,"href":"https:\/\/kingarms.ee\/en\/wp-json\/wp\/v2\/product_tag?post=145688"}],"curies":[{"name":"wp","href":"https:\/\/api.w.org\/{rel}","templated":true}]}}