{"id":145743,"date":"2025-02-22T20:48:46","date_gmt":"2025-02-22T17:48:46","guid":{"rendered":"https:\/\/kingarms.ee\/product\/ruike-p128-sb-2\/"},"modified":"2025-07-27T16:59:06","modified_gmt":"2025-07-27T13:59:06","slug":"ruike-p128-sb-2","status":"publish","type":"product","link":"https:\/\/kingarms.ee\/en\/product\/ruike-p128-sb-2\/","title":{"rendered":"RUIKE P128-SB"},"content":{"rendered":"","protected":false},"excerpt":{"rendered":"<p>Ruike P128 yra stilingas ir patvarus taktinis peilis, puikiai tinkantis pjovimui, pjovimui ir perforavimui. P128 pagamintas tik i\u0161 ner\u016bdijan\u010dio plieno. A\u0161men\u0173 med\u017eiaga yra Sandvik 14c28n, o rankenos med\u017eiaga yra 420 ner\u016bdijan\u010dio plieno. Peilio a\u0161menys yra sumontuoti ant i\u0161 anksto sutept\u0173 atramini\u0173 rutulini\u0173 guoli\u0173 ir, be standartin\u0117s r\u0117mo u\u017erakto sistemos, turi Ruike Beta Plus fiksavimo sistem\u0105.<\/p>\n<p>Ruike P128 yra dviej\u0173 skirting\u0173 pavir\u0161iaus apdorojimo b\u016bd\u0173. Modelis P128-sf turi nat\u016bral\u0173 \u0161lifuot\u0105 pavir\u0161i\u0173 (\u0161epet\u012f). Modelis p128-SB turi tamsaus akmens plovimo pavir\u0161iaus apdorojim\u0105.<\/p>\n","protected":false},"featured_media":145235,"template":"","meta":{"_acf_changed":false},"product_brand":[],"product_cat":[617],"product_tag":[],"class_list":{"0":"post-145743","1":"product","2":"type-product","3":"status-publish","4":"has-post-thumbnail","6":"product_cat-knives-en","8":"first","9":"instock","10":"purchasable","11":"product-type-simple"},"acf":[],"_links":{"self":[{"href":"https:\/\/kingarms.ee\/en\/wp-json\/wp\/v2\/product\/145743","targetHints":{"allow":["GET"]}}],"collection":[{"href":"https:\/\/kingarms.ee\/en\/wp-json\/wp\/v2\/product"}],"about":[{"href":"https:\/\/kingarms.ee\/en\/wp-json\/wp\/v2\/types\/product"}],"wp:featuredmedia":[{"embeddable":true,"href":"https:\/\/kingarms.ee\/en\/wp-json\/wp\/v2\/media\/145235"}],"wp:attachment":[{"href":"https:\/\/kingarms.ee\/en\/wp-json\/wp\/v2\/media?parent=145743"}],"wp:term":[{"taxonomy":"product_brand","embeddable":true,"href":"https:\/\/kingarms.ee\/en\/wp-json\/wp\/v2\/product_brand?post=145743"},{"taxonomy":"product_cat","embeddable":true,"href":"https:\/\/kingarms.ee\/en\/wp-json\/wp\/v2\/product_cat?post=145743"},{"taxonomy":"product_tag","embeddable":true,"href":"https:\/\/kingarms.ee\/en\/wp-json\/wp\/v2\/product_tag?post=145743"}],"curies":[{"name":"wp","href":"https:\/\/api.w.org\/{rel}","templated":true}]}}