{"id":145769,"date":"2025-02-22T20:48:22","date_gmt":"2025-02-22T17:48:22","guid":{"rendered":"https:\/\/kingarms.ee\/product\/fenix-pd36r-pro\/"},"modified":"2025-07-27T16:59:03","modified_gmt":"2025-07-27T13:59:03","slug":"fenix-pd36r-pro","status":"publish","type":"product","link":"https:\/\/kingarms.ee\/en\/product\/fenix-pd36r-pro\/","title":{"rendered":"PD36R PRO"},"content":{"rendered":"","protected":false},"excerpt":{"rendered":"<p>Feniksas pd36r Pro yra taktin\u0117s s\u0105sajos versija populiaraus Fenikso bendrosios paskirties \u017eibintuv\u0117lio pd36r. nuo \u0161iol tiek maitinimo jungikl\u012f, tiek b\u016bsenos jungikl\u012f galite rasti lempos gale. Padid\u0117jo \u0161viesos j\u0117ga ir diapazonas.<\/p>\n<p>Feniksas PD36R Pro yra plonas, kompakti\u0161kas (ilgis 145,8 mm, galvos skersmuo 25,7 mm, k\u016bno skersmuo 26,5 mm) ir gerai apdorotas. Tai \u0161viestuvas, pasi\u017eymintis i\u0161skirtiniu na\u0161umu pagal dyd\u012f ir labai gerai suprojektuotu dizainu. D\u0117l Luminus SFT70 LED elemento pd36r Pro maksimali \u0161viesos galia yra 2800 liumen\u0173, o \u0161viesos srauto diapazonas-iki 380 metr\u0173. Lempos naudojimas yra kuo paprastesnis. Pd36r Pro gale yra du taktiniai jungikliai, teikiantys ne tik standartines funkcijas, bet ir tiesioginius jungiklius tiek momentinio ap\u0161vietimo, tiek stroboskopo re\u017eimu. I\u0161 viso yra penki skirtingi \u0161viesos i\u0161\u0117jimai tarp 30&#8230;2800 liumen\u0173. Maitinamas naujos kartos didel\u0117s talpos 21700 tipo li\u010dio jon\u0173 baterija. Akumuliatoriaus nereikia atjungti nuo lempos, kad b\u016bt\u0173 galima \u012fkrauti, bet jis \u012fkraunamas tiesiogiai per USB-C \u012fkrovimo ki\u0161tuk\u0105, integruot\u0105 \u012f lemp\u0105. Lempa taip pat turi automatin\u0119 apsaug\u0105 nuo perkaitimo, \u012fsp\u0117jim\u0105 apie ma\u017e\u0105 \u012fkrovim\u0105, apsaug\u0105 nuo maitinimo \u0161altinio atvirk\u0161tinio poli\u0161kumo ir akumuliatoriaus \u012fkrovos lygio indikatori\u0173. Pd36r Pro \u012fkrovimo ki\u0161tukas yra visi\u0161kai atsparus vandeniui net ir be apsaugos, ta\u010diau jame yra dangtelis, apsaugantis nuo dulki\u0173 ir ne\u0161varum\u0173 patekimo bei mechanini\u0173 pa\u017eeidim\u0173. Feniksas PD36R Pro yra visi\u0161kai atsparus vandeniui su atvirais ir u\u017edarais \u012fkrovimo lizdais ir turi maksimal\u0173 apsaugos reiting\u0105 IP68 2m. Feniksas PD36R Pro sukurtas kaip speciali tarnybin\u0117 lempa policijai ir teis\u0117saugos institucijoms, ta\u010diau s\u0117kmingai naudojamas ir priva\u010diame sektoriuje bei nam\u0173 \u016bkiuose. Lempoje yra komplektas su lempa, didel\u0117s talpos (5000mah) Feniksas arb-L21-5000 v2.0 li\u010dio jon\u0173 baterija, USB-C \u012fkrovimo laidas, lengvas dir\u017eo d\u0117klas, apyrank\u0117, atsarginiai sandarinimo \u017eiedai ir vartotojo vadovas. Baterijos, diapazono jungiklis, pistoleto laikikliai, filtrai, reguliavimo pj\u016bklai ir dar daugiau.<\/p>\n","protected":false},"featured_media":145025,"template":"","meta":{"_acf_changed":false},"product_brand":[],"product_cat":[216],"product_tag":[],"class_list":{"0":"post-145769","1":"product","2":"type-product","3":"status-publish","4":"has-post-thumbnail","6":"product_cat-flashlight","8":"first","9":"instock","10":"purchasable","11":"product-type-simple"},"acf":[],"_links":{"self":[{"href":"https:\/\/kingarms.ee\/en\/wp-json\/wp\/v2\/product\/145769","targetHints":{"allow":["GET"]}}],"collection":[{"href":"https:\/\/kingarms.ee\/en\/wp-json\/wp\/v2\/product"}],"about":[{"href":"https:\/\/kingarms.ee\/en\/wp-json\/wp\/v2\/types\/product"}],"wp:featuredmedia":[{"embeddable":true,"href":"https:\/\/kingarms.ee\/en\/wp-json\/wp\/v2\/media\/145025"}],"wp:attachment":[{"href":"https:\/\/kingarms.ee\/en\/wp-json\/wp\/v2\/media?parent=145769"}],"wp:term":[{"taxonomy":"product_brand","embeddable":true,"href":"https:\/\/kingarms.ee\/en\/wp-json\/wp\/v2\/product_brand?post=145769"},{"taxonomy":"product_cat","embeddable":true,"href":"https:\/\/kingarms.ee\/en\/wp-json\/wp\/v2\/product_cat?post=145769"},{"taxonomy":"product_tag","embeddable":true,"href":"https:\/\/kingarms.ee\/en\/wp-json\/wp\/v2\/product_tag?post=145769"}],"curies":[{"name":"wp","href":"https:\/\/api.w.org\/{rel}","templated":true}]}}