{"id":145794,"date":"2025-02-22T20:48:22","date_gmt":"2025-02-22T17:48:22","guid":{"rendered":"https:\/\/kingarms.ee\/product\/fenix-tk11r\/"},"modified":"2025-07-27T16:59:01","modified_gmt":"2025-07-27T13:59:01","slug":"fenix-tk11r","status":"publish","type":"product","link":"https:\/\/kingarms.ee\/en\/product\/fenix-tk11r\/","title":{"rendered":"FENIKSAS TK11R"},"content":{"rendered":"","protected":false},"excerpt":{"rendered":"<p>Feniksas tk11r yra grynos veisl\u0117s taktin\u0117 tarnybin\u0117 lempa-Kompakti\u0161ka, paprasta ir pasi\u017eyminti i\u0161skirtiniu na\u0161umu pagal dyd\u012f. D\u0117l savo dyd\u017eio ir plono dizaino tk11r yra puikus pasirinkimas pistoleto lempai. Tai vidutinio dyd\u017eio \u017eibintuv\u0117lis, kurio ilgis 145 mm, galvos skersmuo 34 mm, o k\u016bno skersmuo 23,5 mm. did\u017eiausias \u0161viesos intensyvumas yra 1600 liumen\u0173, o did\u017eiausias \u0161viesos srauto diapazonas-420 metr\u0173. \u0160viesos br\u0117\u017einys yra pagamintas i\u0161 betono, su centriniu centriniu plotu ir ma\u017eiau ap\u0161viestu kra\u0161tu. Sveria tik 117,5 g Be maitinimo \u0161altinio. Galimi trys \u0161viesos intensyvumai (1600lm@420m, 350lm@200m, 30lm@60m) ir stroboskopo re\u017eimas. Tipi\u0161k\u0105 taktin\u0119 lemp\u0105 galima prijungti prie nuolatinio veikimo ir su momentinio ap\u0161vietimo funkcija. Be to, yra greitas perjungimas \u012f strobe re\u017eim\u0105. Naudojimui lempos gale yra du taktiniai jungikliai &#8211; maitinimo jungiklis ir b\u016bsenos jungiklis. Feniksas tk11r yra visi\u0161kai atsparus vandeniui ir atitinka maksimal\u0173 apsaugos reiting\u0105 IP68 2m.lempa \u012fkraunama tiesiai \u012f \u0161viestuv\u0105 per integruot\u0105 USB-C \u012fkrovimo ki\u0161tuk\u0105 su vandeniui atsparia konstrukcija. Tai rei\u0161kia, kad tk11r i\u0161laiko atsparum\u0105 vandeniui ir oro s\u0105lygoms, net jei pamir\u0161ote u\u017edengti \u012fkrovimo ki\u0161tuk\u0105. Kaip maitinimo \u0161altin\u012f tk11r naudoja standartin\u0119 18650 li\u010dio jon\u0173 baterij\u0105 (pridedama) arba auk\u0161tos kokyb\u0117s CR123A li\u010dio baterijas. Lempoje yra i\u0161sikrovusio akumuliatoriaus indikatorius, \u012fkrovimo indikatorius ir apsauga nuo perkaitimo. Feniksas tk11r koprus pagamintas i\u0161 A6061-T6 tipo aliuminio lydinio ir apsaugotas III tipo anodacija. At\u0161vaito apsauginis stiklas yra sustiprintas ir turi antirefleksin\u012f orum\u0105. Lempa komplektuojama su baterija, \u012fkrovimo laidu, apyranke, lengvu dir\u017eo d\u0117klu ir atsarginiu \u017eiedu. Be To, Feniksas tk11r prisitaiko prie plataus Fenikso pried\u0173 asortimento, \u012fskaitant diapazono jungikl\u012f, \u012fvairius pistolet\u0173 ir autobus\u0173 laikiklius, difuzorius, filtrus ir eismo valdymo pj\u016bklus.<\/p>\n","protected":false},"featured_media":145061,"template":"","meta":{"_acf_changed":false},"product_brand":[],"product_cat":[216],"product_tag":[],"class_list":{"0":"post-145794","1":"product","2":"type-product","3":"status-publish","4":"has-post-thumbnail","6":"product_cat-flashlight","8":"first","9":"instock","10":"purchasable","11":"product-type-simple"},"acf":[],"_links":{"self":[{"href":"https:\/\/kingarms.ee\/en\/wp-json\/wp\/v2\/product\/145794","targetHints":{"allow":["GET"]}}],"collection":[{"href":"https:\/\/kingarms.ee\/en\/wp-json\/wp\/v2\/product"}],"about":[{"href":"https:\/\/kingarms.ee\/en\/wp-json\/wp\/v2\/types\/product"}],"wp:featuredmedia":[{"embeddable":true,"href":"https:\/\/kingarms.ee\/en\/wp-json\/wp\/v2\/media\/145061"}],"wp:attachment":[{"href":"https:\/\/kingarms.ee\/en\/wp-json\/wp\/v2\/media?parent=145794"}],"wp:term":[{"taxonomy":"product_brand","embeddable":true,"href":"https:\/\/kingarms.ee\/en\/wp-json\/wp\/v2\/product_brand?post=145794"},{"taxonomy":"product_cat","embeddable":true,"href":"https:\/\/kingarms.ee\/en\/wp-json\/wp\/v2\/product_cat?post=145794"},{"taxonomy":"product_tag","embeddable":true,"href":"https:\/\/kingarms.ee\/en\/wp-json\/wp\/v2\/product_tag?post=145794"}],"curies":[{"name":"wp","href":"https:\/\/api.w.org\/{rel}","templated":true}]}}