{"id":145834,"date":"2025-02-22T20:48:22","date_gmt":"2025-02-22T17:48:22","guid":{"rendered":"https:\/\/kingarms.ee\/product\/fenix-tk22r\/"},"modified":"2025-07-27T16:58:59","modified_gmt":"2025-07-27T13:58:59","slug":"fenix-tk22r","status":"publish","type":"product","link":"https:\/\/kingarms.ee\/en\/product\/fenix-tk22r\/","title":{"rendered":"FENIKSAS TK22R"},"content":{"rendered":"","protected":false},"excerpt":{"rendered":"<p>Feniksas tk22r yra pilno dyd\u017eio (galvos skersmuo 40 mm) \u017eibintuv\u0117lis su savo taktine s\u0105saja. Lempos ilgis yra 158 mm, galvos skersmuo 40 mm, Korpuso skersmuo 25,4 mm. tai labai gerai suprojektuota lempa, pasi\u017eyminti i\u0161skirtiniu na\u0161umu pagal dyd\u012f ir taktin\u0119 s\u0105saj\u0105. Did\u017eiausia tk22r \u0161viesos galia Luminus SFT70 LED elemento d\u0117ka yra 3200 liumen\u0173, o \u0161viesos srauto diapazonas-iki 480 metr\u0173. \u0160viestuvo gale yra du viename maitinimo ir intensyvumo jungiklis ir atskiras, \u0161iek tiek \u012fleid\u017eiamas, u\u017esukamas re\u017eimo parinkiklio mygtukas (Fenikso Lankstusis jungiklis). Jei pirmasis mygtukas leid\u017eia \u012fjungti lemp\u0105 ir pasirinkti tinkam\u0105 \u0161viesos intensyvum\u0105, antrasis jungiklis leid\u017eia pasirinkti vartotojui tinkam\u0105 re\u017eimo grup\u0119. Yra trys grup\u0117s: Taktinis (galimas esant maksimaliam \u0161viesos srautui ir stroboskopo re\u017eimui esant maksimaliam \u0161viesos srautui), darbas arba darbas (galimas esant keturiems \u0161viesos i\u0161\u0117jimams, bet ne stroboskopui) ir u\u017erakinimas (lempa u\u017erakinta \u012f pasyv\u0173j\u012f re\u017eim\u0105). Taigi Feniksas tk22r yra visi\u0161kai pasiekiamas vienos rankos nyk\u0161\u010diu, neatkreipiant d\u0117mesio nuo \u0161viestuvo. TK22R i\u0161 viso yra keturi skirtingi \u0161viesos i\u0161\u0117jimai nuo 30&#8230;3200 liumen\u0173. Maitinamas naujos kartos didel\u0117s talpos 21700 tipo li\u010dio jon\u0173 baterija. Akumuliatoriaus nereikia atjungti nuo lempos, kad b\u016bt\u0173 galima \u012fkrauti, bet jis \u012fkraunamas tiesiogiai per USB-C \u012fkrovimo ki\u0161tuk\u0105, integruot\u0105 \u012f lemp\u0105. Tk22r \u012fkrovimo ki\u0161tukas yra visi\u0161kai atsparus vandeniui, net ir be apsaugos, ta\u010diau jame yra tvirta metalin\u0117 apsauga, neleid\u017eianti patekti dulk\u0117ms ir ne\u0161varumams bei apsauganti nuo mechanini\u0173 pa\u017eeidim\u0173 (dauguma lemp\u0173 naudoja tik silikonin\u0119 apsaug\u0105). Lempos akumuliatoriaus korpuse abiejuose galuose yra kompensacin\u0117s spyruokl\u0117s, kurios padidina lempos atsparum\u0105 sm\u016bgiams, kritimams ir ginklo atatrankai. Feniksas tk22r yra visi\u0161kai atsparus vandeniui tiek su atvirais, tiek su u\u017edarais \u012fkrovimo lizdais ir turi maksimal\u0173 IP68 2m apsaugos reiting\u0105, be to, lempa prisitaiko prie daugyb\u0117s pried\u0173-nuo \u012fvairi\u0173 ginkl\u0173 laikikli\u0173 iki nuotolio jungikli\u0173, valdymo pj\u016bkl\u0173 ir \u0161viesos filtr\u0173. Feniksas TK22R pirmiausia skirtas policijai ir teis\u0117saugos institucijoms, ta\u010diau s\u0117kmingai naudojamas ir priva\u010diame sektoriuje. Feniksas tk22r komplektuojamas su lempa, didel\u0117s talpos (5000mAh) Feniksas ARB-L21-5000 v2.0 li\u010dio jon\u0173 baterija, USB-C \u012fkrovimo laidu, lengvu dir\u017eo d\u0117klu, apyranke, atsargin\u0117mis padang\u0173 sandarikliais ir vartotojo vadovu. Baterijos, diapazono jungiklis, pistoleto laikikliai, filtrai, reguliavimo pj\u016bklai ir dar daugiau.<\/p>\n","protected":false},"featured_media":145109,"template":"","meta":{"_acf_changed":false},"product_brand":[],"product_cat":[216],"product_tag":[],"class_list":{"0":"post-145834","1":"product","2":"type-product","3":"status-publish","4":"has-post-thumbnail","6":"product_cat-flashlight","8":"first","9":"instock","10":"purchasable","11":"product-type-simple"},"acf":[],"_links":{"self":[{"href":"https:\/\/kingarms.ee\/en\/wp-json\/wp\/v2\/product\/145834","targetHints":{"allow":["GET"]}}],"collection":[{"href":"https:\/\/kingarms.ee\/en\/wp-json\/wp\/v2\/product"}],"about":[{"href":"https:\/\/kingarms.ee\/en\/wp-json\/wp\/v2\/types\/product"}],"wp:featuredmedia":[{"embeddable":true,"href":"https:\/\/kingarms.ee\/en\/wp-json\/wp\/v2\/media\/145109"}],"wp:attachment":[{"href":"https:\/\/kingarms.ee\/en\/wp-json\/wp\/v2\/media?parent=145834"}],"wp:term":[{"taxonomy":"product_brand","embeddable":true,"href":"https:\/\/kingarms.ee\/en\/wp-json\/wp\/v2\/product_brand?post=145834"},{"taxonomy":"product_cat","embeddable":true,"href":"https:\/\/kingarms.ee\/en\/wp-json\/wp\/v2\/product_cat?post=145834"},{"taxonomy":"product_tag","embeddable":true,"href":"https:\/\/kingarms.ee\/en\/wp-json\/wp\/v2\/product_tag?post=145834"}],"curies":[{"name":"wp","href":"https:\/\/api.w.org\/{rel}","templated":true}]}}