{"id":145859,"date":"2025-02-22T20:48:02","date_gmt":"2025-02-22T17:48:02","guid":{"rendered":"https:\/\/kingarms.ee\/product\/fenix-hm75r-se\/"},"modified":"2025-07-27T16:58:54","modified_gmt":"2025-07-27T13:58:54","slug":"fenix-hm75r-se","status":"publish","type":"product","link":"https:\/\/kingarms.ee\/en\/product\/fenix-hm75r-se\/","title":{"rendered":"HM75R SE"},"content":{"rendered":"","protected":false},"excerpt":{"rendered":"<p>Feniksas HM75R se (supaprastintas leidimas) yra daugiafunkcinis auk\u0161tos kokyb\u0117s Profesionalus priekinis \u017eibintas. Hm75r SE maksimalus \u0161viesos intensyvumas yra 1600 liumen\u0173, o \u0161viesos srauto diapazonas-223 metrai. Tiek balta ta\u0161kin\u0117 \u0161viesa (4 \u0161viesos intensyvumas 1600lm-50lm), difuzin\u0117 neutrali balta \u0161viesa (4 \u0161viesos intensyvumas 1000lm-5lm), tiek raudona \u0161viesa (3 \u0161viesos intensyvumas 120lm-5lm + mirks\u0117jimo re\u017eimas). \u012erengtas 3400mAh standartinis 18650 li\u010dio jon\u0173 akumuliatorius, Maksimalus veikimo laikas esant minimaliam 5 LM \u0161viesos intensyvumui jau yra 100 darbo valand\u0173 i\u0161 eil\u0117s arba \u0161iek tiek daugiau nei keturios dienos. Feniksas HM75R jis pagamintas i\u0161 ypa\u010d lengvo auk\u0161tos kokyb\u0117s magnio lydinio (svorio taupymas, palyginti su aliuminiu, yra apie 30%), o lempa i\u0161laik\u0117 kritimo bandymus i\u0161 2 metr\u0173 auk\u0161\u010dio \u012f \u0161e\u0161ias puses. Be to, HM75R jis yra visi\u0161kai atsparus vandeniui ir turi maksimal\u0173 apsaugos reiting\u0105 IP68 2m.to prijunkite lemp\u0105 prie veikimo ir perjungimo re\u017eim\u0173, lempoje yra paprastas pasukamas st\u016bmimo jungiklis, kur\u012f taip pat galima naudoti su pir\u0161tin\u0117mis. Norint pasirinkti tinkam\u0105 \u0161viesos funkcij\u0105, jungiklis turi b\u016bti pasuktas \u012f atitinkam\u0105 pad\u0117t\u012f ir jungiklis turi b\u016bti nuspaustas, kad b\u016bt\u0173 pakeistas \u0161viesos intensyvumas. Feniksas HM75R jame sumontuota i\u0161manioji \u0161viesos intensyvumo ma\u017einimo sistema, kuri suma\u017eina lempos \u0161viesos intensyvum\u0105, jei objektas lieka prie\u0161ais j\u012f (veikia i\u0161 6 cm atstumo). Feniksas HM75R SE taip pat yra standartinis su maitinimo \u0161altinio \u012fkrovos lygio indikatoriumi, \u012fkrovimo indikatoriumi, \u012fsp\u0117jimu apie nepakankam\u0105 i\u0161krovim\u0105 ir integruota automatine apsauga nuo perkaitimo (priklausomai nuo lempos darbin\u0117s temperat\u016bros). Feniksas HM75R jis tiekiamas kaip paruo\u0161tas naudoti komplektas, kuriame, be lempos ir pagrindinio pagrindo, yra 3400 mAh baterija, 5000 mAh baterija, atsarginiai sandarinimo \u017eiedai, papildomas akumuliatoriaus d\u0117klas, naudojamas kaip akumuliatoriaus bankas, prailginimo laidas ir vadovas. Skirtumas tarp hm75r ir HM75R SE yra tas, kad HM75R jis pristatomas be atskiro akumuliatoriaus skyriaus, atliekan\u010dio akumuliatoriaus banko funkcij\u0105, pritvirtint\u0105 prie pagrindinio pagrindo galo. Jei norite prie savo Fenikso hm75r se pagrindin\u0117s lempos prid\u0117ti papildom\u0105 akumuliatoriaus pagrind\u0105, pana\u0161\u0173 \u012f hm75r model\u012f, lempa tam paruo\u0161ta.<\/p>\n","protected":false},"featured_media":144905,"template":"","meta":{"_acf_changed":false},"product_brand":[],"product_cat":[216],"product_tag":[],"class_list":{"0":"post-145859","1":"product","2":"type-product","3":"status-publish","4":"has-post-thumbnail","6":"product_cat-flashlight","8":"first","9":"instock","10":"purchasable","11":"product-type-simple"},"acf":[],"_links":{"self":[{"href":"https:\/\/kingarms.ee\/en\/wp-json\/wp\/v2\/product\/145859","targetHints":{"allow":["GET"]}}],"collection":[{"href":"https:\/\/kingarms.ee\/en\/wp-json\/wp\/v2\/product"}],"about":[{"href":"https:\/\/kingarms.ee\/en\/wp-json\/wp\/v2\/types\/product"}],"wp:featuredmedia":[{"embeddable":true,"href":"https:\/\/kingarms.ee\/en\/wp-json\/wp\/v2\/media\/144905"}],"wp:attachment":[{"href":"https:\/\/kingarms.ee\/en\/wp-json\/wp\/v2\/media?parent=145859"}],"wp:term":[{"taxonomy":"product_brand","embeddable":true,"href":"https:\/\/kingarms.ee\/en\/wp-json\/wp\/v2\/product_brand?post=145859"},{"taxonomy":"product_cat","embeddable":true,"href":"https:\/\/kingarms.ee\/en\/wp-json\/wp\/v2\/product_cat?post=145859"},{"taxonomy":"product_tag","embeddable":true,"href":"https:\/\/kingarms.ee\/en\/wp-json\/wp\/v2\/product_tag?post=145859"}],"curies":[{"name":"wp","href":"https:\/\/api.w.org\/{rel}","templated":true}]}}