{"id":145869,"date":"2025-02-22T20:48:02","date_gmt":"2025-02-22T17:48:02","guid":{"rendered":"https:\/\/kingarms.ee\/product\/fenix-hp25r-v2-0\/"},"modified":"2025-07-27T16:58:53","modified_gmt":"2025-07-27T13:58:53","slug":"fenix-hp25r-v2-0","status":"publish","type":"product","link":"https:\/\/kingarms.ee\/en\/product\/fenix-hp25r-v2-0\/","title":{"rendered":"Feniksas HP25R V2. 0"},"content":{"rendered":"","protected":false},"excerpt":{"rendered":"<p>HP25R V2.0 priklauso feniks\u0173 \u0161eimai, kuri pirmiausia skirta darbui ir lauko veiklai (stovyklavimui). Tai savaranki\u0161kai valdoma pagrindin\u0117 \u0161viesa, kurios maksimali \u0161viesos galia yra 1600 liumen\u0173 ta\u0161kinio ap\u0161vietimo re\u017eimu ir 400 liumen\u0173 difuzin\u0117s \u0161viesos re\u017eimu. Maksimalus \u0161viesos srauto diapazonas iki 290 metr\u0173. Pagrindin\u0117 \u0161viestuvo dalis pagaminta i\u0161 aliuminio lydinio ir slepia abi ta\u0161kin\u0117s \u0161viesos optikas (maks.1600lm), difuzinis optinis (maks.400lm) ir raudonos \u0161viesos optika. Luminus sst40 baltos \u0161viesos LED elementas naudojamas kaip ta\u0161kiniai \u017eibintai, o Cree-G3 S4 neutralus baltos \u0161viesos LED elementas naudojamas kaip sklaidos \u017eibintai. 25R V2.0 bendras \u0161viesos intensyvumas yra penki ta\u0161kai, trys i\u0161sibarst\u0119 \u0161viesos intensyvumai ir du raudonos \u0161viesos re\u017eimai. Abiejuose baltos \u0161viesos re\u017eimuose lempa yra papildyta savo jungikliu. \u0160viesos re\u017eimus galima prijungti atskirai ir kartu. Tai leid\u017eia kiekvienam vartotojui vienu mygtuko paspaudimu lengvai pasirinkti norim\u0105 \u0161viesos pie\u0161in\u012f ir \u0161viesos intensyvum\u0105. Lempos maitinimo \u0161altinis yra sumontuotas pagrindin\u0117s galvos juostos gale. \u0160is i\u0161d\u0117stymas u\u017etikrina geresn\u012f pagrindin\u0117s lempos svorio pasiskirstym\u0105. HP25R v2.0 maitinamas naujos kartos standartine 5000 mAh talpos 21700 tipo li\u010dio jon\u0173 baterija. Akumuliatorius turi b\u016bti tiesiogiai \u012fkrautas nei\u0161imant lempos per standartin\u012f USB-C kabel\u012f (pridedamas). Jei akumuliatorius i\u0161sikrauna ir neturite laiko jo \u012fkrauti, j\u012f galima lengvai i\u0161imti ir pakeisti kita tokio paties dyd\u017eio Fenikso baterija. D\u0117l savo dizaino ir savybi\u0173 HP25R v2.0 Idealiai tinka naudoti kaip \u0161almo \u0161vies\u0105. Jei \u0161almas neturi tvirtinimo kilp\u0173 galvos apdangalui pritvirtinti, Feniksas \u012ftrauk\u0117 juos \u012f standartin\u012f rinkin\u012f. Hp25r v2. 0 yra visas komplektas, \u012fskaitant pagrindin\u0119 apykakl\u0119, naujos kartos 5000 mAh talpos 21700 Tipo \u012fkraunam\u0105 li\u010dio jon\u0173 baterij\u0105, \u0161almo spaustukus pagrindinei apykaklei, USB-C \u012fkrovimo laid\u0105 ir vartotojo vadov\u0105.<\/p>\n<p>Hp25r V2. 0 papildoma informacija ir funkcijos: raudona, balta ir neutrali balta \u0161viesa vienoje pagrindin\u0117je lempoje, lengvai kei\u010diama didel\u0117s talpos standartin\u0117 21700 baterija, jei reikia, nepriklausomas jungiklis \u012f bet kur\u012f \u0161viesos re\u017eim\u0105,fiksavimo funkcija, apsauganti nuo nety\u010dinio perjungimo, greito \u012fkrovimo protokolas, 60 laipsni\u0173 lempos galvut\u0117s pakreipimas auk\u0161tyn ir \u017eemyn, geras balansas pagrindin\u0117je galvos juostoje, lempos galvos juosta ir galinis maitinimo pagrindas su ma\u017eesniu \u0161viesos srautu, tinkamas naudoti temperat\u016bros diapazone-35&#8230;+ 45 laipsni\u0173.<\/p>\n","protected":false},"featured_media":144917,"template":"","meta":{"_acf_changed":false},"product_brand":[],"product_cat":[216],"product_tag":[],"class_list":{"0":"post-145869","1":"product","2":"type-product","3":"status-publish","4":"has-post-thumbnail","6":"product_cat-flashlight","8":"first","9":"instock","10":"purchasable","11":"product-type-simple"},"acf":[],"_links":{"self":[{"href":"https:\/\/kingarms.ee\/en\/wp-json\/wp\/v2\/product\/145869","targetHints":{"allow":["GET"]}}],"collection":[{"href":"https:\/\/kingarms.ee\/en\/wp-json\/wp\/v2\/product"}],"about":[{"href":"https:\/\/kingarms.ee\/en\/wp-json\/wp\/v2\/types\/product"}],"wp:featuredmedia":[{"embeddable":true,"href":"https:\/\/kingarms.ee\/en\/wp-json\/wp\/v2\/media\/144917"}],"wp:attachment":[{"href":"https:\/\/kingarms.ee\/en\/wp-json\/wp\/v2\/media?parent=145869"}],"wp:term":[{"taxonomy":"product_brand","embeddable":true,"href":"https:\/\/kingarms.ee\/en\/wp-json\/wp\/v2\/product_brand?post=145869"},{"taxonomy":"product_cat","embeddable":true,"href":"https:\/\/kingarms.ee\/en\/wp-json\/wp\/v2\/product_cat?post=145869"},{"taxonomy":"product_tag","embeddable":true,"href":"https:\/\/kingarms.ee\/en\/wp-json\/wp\/v2\/product_tag?post=145869"}],"curies":[{"name":"wp","href":"https:\/\/api.w.org\/{rel}","templated":true}]}}