{"id":145874,"date":"2025-02-22T20:48:02","date_gmt":"2025-02-22T17:48:02","guid":{"rendered":"https:\/\/kingarms.ee\/product\/fenix-hp30r-v2-0\/"},"modified":"2025-07-27T16:58:52","modified_gmt":"2025-07-27T13:58:52","slug":"fenix-hp30r-v2-0","status":"publish","type":"product","link":"https:\/\/kingarms.ee\/en\/product\/fenix-hp30r-v2-0\/","title":{"rendered":"Feniksas HP30R V2. 0"},"content":{"rendered":"","protected":false},"excerpt":{"rendered":"<p>Feniksas HP30R v2.0 yra profesionali vir\u0161utin\u0117 lempa gelb\u0117jimo ir paie\u0161kos tikslais. Tai taikoma ne tik \u0161viesos intensyvumui ir \u0161viesos srauto diapazonui, bet ir lemp\u0173 serijos vientisumui, dizainui ir visiems techniniams parametrams. Kiekviena \u0161ios lempos detal\u0117 egzistuoja d\u0117l prie\u017easties-b\u016bti geriausiu i\u0161 geriausi\u0173 gelb\u0117jimo darbuose! Fenikso HP30R v2.0 maksimalus \u0161viesos srautas yra 3000 liumen\u0173, o maksimalus spindulys-270 metr\u0173. Galite rinktis tarp baltos ta\u0161kin\u0117s \u0161viesos (2000lm \/ 251m) ir neutralios baltos i\u0161sklaidytos \u0161viesos (1000lm \/ 78m) arba jas derinti (3000lm \/ 270m). Lempos s\u0105saja yra paprasta, o perjungimas \u012f veikimo ir perjungimo re\u017eimus atliekamas tik vienu dideliu var\u017eto mygtuku. Ta\u0161kinio ap\u0161vietimo re\u017eimu i\u0161 viso galimi keturi intensyvumai, i\u0161sklaidytos \u0161viesos re\u017eimu &#8211; trys intensyvumai, o kombinuotu re\u017eimu-keturi papildomi intensyvumai-i\u0161 viso 11. paie\u0161kos ir gelb\u0117jimo lempoms svarbu, kad jos gal\u0117t\u0173 veikti kelias valandas, kol lemp\u0105 reikia \u012fkrauti. Fenikso hp30r v2.0 paklausa buvo i\u0161spr\u0119sta naudojant dvi naujos kartos didel\u0117s talpos 21700 tipo li\u010dio jon\u0173 baterijas. Bendra lempos akumuliatoriaus talpa yra 10000mah. Tai u\u017etikrina, kad HP30R V2.0 gali veikti nuosekliai 200lm re\u017eimu su pilna baterija 34 valandas (ap\u0161vie\u010dia diapazon\u0105 iki 78m ta\u0161kinio ap\u0161vietimo re\u017eimu ir 34m i\u0161sklaidytos \u0161viesos re\u017eimu), 800lm re\u017eimu 12 valand\u0173 (ap\u0161vie\u010dia iki 156m ta\u0161kinio ap\u0161vietimo re\u017eimu). Ekonomi\u0161ku 50Lm re\u017eimu lempa gali nepertraukiamai veikti iki 120 valand\u0173 ir ap\u0161viesti plot\u0105 iki 42 metr\u0173 atstumu. Esant did\u017eiausiam \u0161viesos srautui, veikimo laikas svyruoja nuo 5-10 h vienu \u012fkrovimu ir yra apsaugotas automatine lempos darbin\u0117s temperat\u016bros sistema, apsaugan\u010dia lemp\u0105 nuo perkaitimo. Be to, didel\u0117 hp30r V2.0 baterija taip pat veikia kaip akumuliatori\u0173 bankas, leid\u017eiantis prireikus \u012fkrauti i\u0161orinius elektroninius prietaisus. Lempos baterija yra tiesiogiai \u012fkraunama (greito \u012fkrovimo funkcija) per standartin\u012f USB-C \u012fkrovimo prievad\u0105. Baterijomis maitinamas hp30r V2. 0 gali \u012fkrauti i\u0161orinius \u012frenginius iki 2A. akumuliatoriuje taip pat yra penki\u0173 pakop\u0173 \u012fkrovimo procesas ir akumuliatoriaus \u012fkrovos lygio indikatorius. Taigi visada galite realiuoju laiku patikrinti, kada gali tekti \u012fkrauti lemp\u0105 arba kiek baterija jau visi\u0161kai \u012fkrauta. \u0160iame kain\u0173 diapazone yra labai labai ma\u017eai priekini\u0173 \u017eibint\u0173, kurie gali pasi\u016blyti net apytikslius veikimo parametrus, funkcijas ir ergonomik\u0105. Feniksas HP30R v2.0 yra didelis priekinis \u017eibintas su atskira baterija. Sukurta pirmiausia \u0161almui naudoti, bet taip pat tinka naudoti su galvos juosta. \u0160viestuv\u0105 galima montuoti prie pasirenkamo Fenikso ALG-03 v2.0 \u0161almo laikiklio, kuris leid\u017eia lemp\u0105 u\u017ed\u0117ti ant \u0161almo net ir be galvos juostos. Akumuliatori\u0173 galima montuoti ant pagrindin\u0117s apykakl\u0117s galo, dir\u017ee (\u012fskaitant ner\u016bdijan\u010dio plieno akumuliatoriaus dir\u017eo laikikl\u012f) arba ki\u0161en\u0117je. \u0160i parinktis ypa\u010d reikalinga gelb\u0117jimo darbams, tokiu atveju pagrindin\u0117 lemput\u0117 netrukdo kitai \u012frangai ir apsaugo akumuliatori\u0173 \u0161altomis s\u0105lygomis, kad suma\u017eint\u0173 talp\u0105. Lempos galvut\u0117 pagaminta i\u0161 monolitinio aliuminio, u\u017etikrinan\u010dio maksimal\u0173 mechanin\u012f patvarum\u0105 ir geriausi\u0105 \u0161ilumos i\u0161sklaidym\u0105. Nepriklausomai nuo to, kaip naudojamas \u0161viestuvas, jo pasvirimo kamp\u0105 galima reguliuoti auk\u0161tyn ir \u017eemyn dar 60 laipsni\u0173. Feniksas HP30R v2. 0 yra speciali gelb\u0117jimo ir paie\u0161kos lempa. Tod\u0117l ypatingas d\u0117mesys buvo skiriamas lempos gamybai ir bandymams. Hp30r V2.0 normali darbo aplinkos temperat\u016bra yra -35&#8230; Esant + 45 laipsni\u0173 Celsijaus laipsniui, jis yra patikrintas, ar krenta nuo 2 metr\u0173 iki \u0161e\u0161i\u0173 pusi\u0173, o jo apsaugos laipsnis yra IP66 &#8211; i\u0161laikant na\u0161um\u0105 esant nuolatiniam stipriam lietui, dr\u0117gnoje ir dulk\u0117toje\/ne\u0161varioje\/ne\u0161varioje aplinkoje. Hp30r v2.0 yra visas komplektas, kur\u012f sudaro lempa su galvos juosta, dvi originalios 5000 mAh baterijos, keturi \u0161almo tvirtinimo spaustukai prie galvos juostos, trys kabeli\u0173 spaustukai, USB-C \u012fkrovimo laidas, ner\u016bdijan\u010dio plieno akumuliatoriaus dir\u017eelio laikiklis, prailginimo laidas prie maitinimo laido, atsarginis o \u017eiedas ir vartotojo vadovas.<\/p>\n","protected":false},"featured_media":144923,"template":"","meta":{"_acf_changed":false},"product_brand":[],"product_cat":[216],"product_tag":[],"class_list":{"0":"post-145874","1":"product","2":"type-product","3":"status-publish","4":"has-post-thumbnail","6":"product_cat-flashlight","8":"first","9":"instock","10":"purchasable","11":"product-type-simple"},"acf":[],"_links":{"self":[{"href":"https:\/\/kingarms.ee\/en\/wp-json\/wp\/v2\/product\/145874","targetHints":{"allow":["GET"]}}],"collection":[{"href":"https:\/\/kingarms.ee\/en\/wp-json\/wp\/v2\/product"}],"about":[{"href":"https:\/\/kingarms.ee\/en\/wp-json\/wp\/v2\/types\/product"}],"wp:featuredmedia":[{"embeddable":true,"href":"https:\/\/kingarms.ee\/en\/wp-json\/wp\/v2\/media\/144923"}],"wp:attachment":[{"href":"https:\/\/kingarms.ee\/en\/wp-json\/wp\/v2\/media?parent=145874"}],"wp:term":[{"taxonomy":"product_brand","embeddable":true,"href":"https:\/\/kingarms.ee\/en\/wp-json\/wp\/v2\/product_brand?post=145874"},{"taxonomy":"product_cat","embeddable":true,"href":"https:\/\/kingarms.ee\/en\/wp-json\/wp\/v2\/product_cat?post=145874"},{"taxonomy":"product_tag","embeddable":true,"href":"https:\/\/kingarms.ee\/en\/wp-json\/wp\/v2\/product_tag?post=145874"}],"curies":[{"name":"wp","href":"https:\/\/api.w.org\/{rel}","templated":true}]}}