{"id":145884,"date":"2025-02-22T20:48:02","date_gmt":"2025-02-22T17:48:02","guid":{"rendered":"https:\/\/kingarms.ee\/product\/fenix-hp35r-sar\/"},"modified":"2025-07-27T16:58:52","modified_gmt":"2025-07-27T13:58:52","slug":"fenix-hp35r-sar","status":"publish","type":"product","link":"https:\/\/kingarms.ee\/en\/product\/fenix-hp35r-sar\/","title":{"rendered":"HP35R SAR"},"content":{"rendered":"","protected":false},"excerpt":{"rendered":"<p>&#8220;&#8221;Feniksas HP35R ir HP35R SAR yra grynaveisliai profesional\u016bs priekiniai \u017eibintai gelb\u0117jimo ir paie\u0161kos tikslais. Tai taikoma ne tik \u0161viesos intensyvumui ir \u0161viesos srauto diapazonui, bet ir lemp\u0173 serijos vientisumui, dizainui ir visiems techniniams parametrams. Kiekviena \u0161ios lempos detal\u0117 egzistuoja d\u0117l prie\u017easties-b\u016bti geriausiu i\u0161 geriausi\u0173 gelb\u0117jimo darbuose!<\/p>\n<p>Skirtumai tarp Fenikso HP35R ir HP35R SAR<\/p>\n<p>Feniksas HP35R: dviej\u0173 dali\u0173 plaunamas nailono galvos apdangalas. B\u016bti d\u0117vimi ant \u0161almo arba ant galvos. Norint pritvirtinti priekin\u012f \u017eibint\u0105 prie \u0161almo NVG s\u0105sajos be galvos juostos, reikalingas pasirenkamas Fenikso ALG-04 tvirtinimo adapteris. Norint pritvirtinti priekin\u012f \u017eibint\u0105 be galvos juostos be NVG angos prie \u0161almo pavir\u0161iaus, reikalinga pasirenkama Fenikso ALG-03 v2.0 tvirtinimo plok\u0161t\u0117.<\/p>\n<p>Feniksas HP35R SAR: vientisas itin neslystantis galvos apdangalas, pagamintas i\u0161 labai degios gumos. Galvos juosta, skirta ne\u0161ioti ant \u0161almo. Nuimant galvos juost\u0105, priekini\u0173 \u017eibint\u0173 laikikl\u012f su lempa galima pritvirtinti tiesiai prie \u0161almo standartin\u0117s angos.<\/p>\n<p>Feniksas HP35R yra laisv\u0173 rank\u0173 priekinis \u017eibintas, \u017eibintuv\u0117lis ir paie\u0161kos lemput\u0117 tuo pa\u010diu metu. Puiki ap\u0161vietimo sistema reikliems gelb\u0117jimo darbuotojams. \u0160viestuvo galas sujungia tiek i\u0161sklaidyt\u0105 \u0161vies\u0105, tiek ta\u0161kinius \u0161viesos \u0161altinius, kuriuos taip pat galima \u012fjungti vienu metu. Ta\u010diau svarbiausias paie\u0161kos aspektas yra \u0161viesos temperat\u016bra ir spalv\u0173 perteikimo indeksas. Feniksas hp35r \u0161viesos \u0161altiniai buvo parinkti taip, kad ne tik ap\u0161viest\u0173 vis\u0105 nagrin\u0117jam\u0105 plot\u0105, bet ir i\u0161ry\u0161kint\u0173 nagrin\u0117jamos srities detales, kont\u016brus ir teising\u0105 spalv\u0173 perteikim\u0105. Ta\u0161kin\u0119 \u0161vies\u0105 maitina Cree HP70 LED lemput\u0117 su neutralia balta \u0161viesa (4500K), kuri suteikia iki 3000 lm \u0161viesos intensyvum\u0105 ta\u0161kinio ap\u0161vietimo re\u017eimu ir iki 440 M diapazon\u0105 ap\u0161viestoje vietoje. Du Luminus SST20 LED elementai su \u0161ilta balta \u0161viesa (3000K), kurie ne tik pasi\u017eymi puikia \u0161ilto atspalvio \u0161viesa, bet ir puikiu spalv\u0173 perteikimo indeksu CRI94.5, r\u016bpinasi difuziniu darbu ir svetain\u0117s \u0161viesa. \u0160ilta \u0161viesa ir didelis spalv\u0173 perteikimo indeksas padidina lempos geb\u0117jim\u0105 ap\u0161viesti r\u016bke, lietuje, sningant ir d\u016bmin\u0117je aplinkoje. Tai padeda geriau pamatyti ir atskirti aplinkini\u0173 objekt\u0173 spalvas ir detales, nubr\u0117\u017eti objekt\u0173 kont\u016brus ir padaryti ma\u017eiau klaid\u0173 tamsoje. Difuzin\u0117s \u0161viesos re\u017eimu maksimalus \u0161viesumas yra 1200 liumen\u0173, tod\u0117l jis tolygiai \u0161vie\u010dia labai pla\u010diame 122 metr\u0173 plote. Du \u0161viesos re\u017eimai taip pat gali b\u016bti derinami, suteikiant pagrindinei lempai maksimal\u0173 \u0161viesos intensyvum\u0105 iki 4000 liumen\u0173, o \u0161viesos srauto diapazon\u0105-iki 450 metr\u0173. Galimi keturi skirtingi \u0161viesos intensyvumai tiek ta\u0161kiniam, tiek i\u0161sklaidytam, tiek kombinuotam \u0161viesos re\u017eimui. Fenikso hp35r s\u0105saja yra paprasta ir patogi naudoti net su pir\u0161tin\u0117mis. \u0160iuo tikslu \u0161viestuvo galvut\u0117s \u0161one yra sumontuotas didelis stumiamas ir pasukamas E jungiklis. Pasukdami jungikl\u012f \u012fjungiate ta\u0161kin\u012f, darbin\u012f arba kombinuot\u0105 \u0161viesos re\u017eim\u0105. Paspauskite mygtuk\u0105, kad pakeistum\u0117te re\u017eimo \u0161viesos intensyvum\u0105 i\u0161 \u017eemesnio \u012f stipresn\u012f. Be to, lempos akumuliatoriaus gale buvo sumontuota raudona prane\u0161imo lemput\u0117, kuri indeksuoja vartotojo viet\u0105 tamsoje kitiems komandos nariams. Feniksas HP35R maitinamas i\u0161orine li\u010dio jon\u0173 baterija, kurios talpa yra 10 000 mAh, tod\u0117l pagrindin\u0117 lempa turi ypa\u010d ilg\u0105 veikimo laik\u0105 tarp \u012fkrovim\u0173 net ir esant did\u017eiausiam \u0161viesos srautui. Akumuliatorius standarti\u0161kai pritvirtintas prie pagrindinio pagrindo galo. Akumuliatori\u0173 galima i\u0161imti i\u0161 pagrindin\u0117s apykakl\u0117s (pvz., jei \u0161viestuvas naudojamas \u0161alme be galvos juostos) ir j\u012f galima \u012fd\u0117ti \u012f ki\u0161en\u0119\/kr\u016btin\u0119 su pridedamu ilgintuvu arba pritvirtinti prie \u012frangos\/dir\u017e\u0173. Akumuliatorius greitai \u012fkraunamas ir taip pat veikia kaip greitas i\u0161montavimo (20 vat\u0173) akumuliatoriaus bankas. USB-C kabelis, \u012ftrauktas \u012f standartin\u012f gamini\u0173 asortiment\u0105, naudojamas akumuliatoriui \u012fkrauti ir i\u0161krauti. Feniksas HP35R yra visi\u0161kai atsparus vandeniui ir oro s\u0105lygoms (lempa IP68 2m, baterija IP66) ir i\u0161bandytas atsparumas sm\u016bgiams, kai numestas i\u0161 2 metr\u0173 \u012f \u0161e\u0161ias puses. Be To, Feniks HP35R yra \u012frengta protinga \u0161viesos intensyvumo ma\u017einimo sistema, jei lempos galas yra per arti aptikto objekto. Jei prie\u0161ais lemp\u0105 yra pa\u0161alinis daiktas ma\u017eesniu nei 60 mm atstumu, lempa suma\u017eina \u0161viesos intensyvum\u0105 iki ma\u017eo \u0161viesos intensyvumo. Kai i\u0161 lempos dingsta pa\u0161alinis daiktas, \u0161viesos intensyvumas automati\u0161kai pakyla iki pradinio lygio. Tai apsauginis mechanizmas, skirtas apsaugoti netoliese esan\u010dius daiktus nuo intensyvios lempos skleid\u017eiamos \u0161viesos ir \u0161ilumos, taip pat apsaugoti lemp\u0105 nuo perkaitimo, jei ji nety\u010dia u\u017edengta. Komplekte yra lempa su nedegia gumine neslystan\u010dia galvos juosta, 10000 mAh Li\u010dio jon\u0173 baterija, akumuliatoriaus prailginimo laidas, \u012fkrovimo laidas, laido tvirtinimas prie galvos juostos, keturi \u0161almo tvirtinimo kabliukai prie galvos juostos ir vartotojo vadovas.&#8221;&#8221;&#8221;<\/p>\n","protected":false},"featured_media":144935,"template":"","meta":{"_acf_changed":false},"product_brand":[],"product_cat":[216],"product_tag":[],"class_list":{"0":"post-145884","1":"product","2":"type-product","3":"status-publish","4":"has-post-thumbnail","6":"product_cat-flashlight","8":"first","9":"instock","10":"purchasable","11":"product-type-simple"},"acf":[],"_links":{"self":[{"href":"https:\/\/kingarms.ee\/en\/wp-json\/wp\/v2\/product\/145884","targetHints":{"allow":["GET"]}}],"collection":[{"href":"https:\/\/kingarms.ee\/en\/wp-json\/wp\/v2\/product"}],"about":[{"href":"https:\/\/kingarms.ee\/en\/wp-json\/wp\/v2\/types\/product"}],"wp:featuredmedia":[{"embeddable":true,"href":"https:\/\/kingarms.ee\/en\/wp-json\/wp\/v2\/media\/144935"}],"wp:attachment":[{"href":"https:\/\/kingarms.ee\/en\/wp-json\/wp\/v2\/media?parent=145884"}],"wp:term":[{"taxonomy":"product_brand","embeddable":true,"href":"https:\/\/kingarms.ee\/en\/wp-json\/wp\/v2\/product_brand?post=145884"},{"taxonomy":"product_cat","embeddable":true,"href":"https:\/\/kingarms.ee\/en\/wp-json\/wp\/v2\/product_cat?post=145884"},{"taxonomy":"product_tag","embeddable":true,"href":"https:\/\/kingarms.ee\/en\/wp-json\/wp\/v2\/product_tag?post=145884"}],"curies":[{"name":"wp","href":"https:\/\/api.w.org\/{rel}","templated":true}]}}