{"id":145891,"date":"2025-02-22T20:48:02","date_gmt":"2025-02-22T17:48:02","guid":{"rendered":"https:\/\/kingarms.ee\/product\/fenix-ht18r\/"},"modified":"2025-07-27T16:58:52","modified_gmt":"2025-07-27T13:58:52","slug":"fenix-ht18r","status":"publish","type":"product","link":"https:\/\/kingarms.ee\/en\/product\/fenix-ht18r\/","title":{"rendered":"FENIKSAS HT18R"},"content":{"rendered":"","protected":false},"excerpt":{"rendered":"<p>Feniksas HT18R yra kompakti\u0161kas tiesioginio \u012fkrovimo \u0161viestuvas, skirtas profesionaliam naudojimui. Ypa\u010d tinka med\u017eiotojams, gelb\u0117jimo personalui ir apsaugos personalui. Tai \u017eibintuv\u0117lis su \u012fsp\u016bdingomis savo dyd\u017eio savyb\u0117mis. Fenikso HT18R maksimalus \u0161viesos intensyvumas yra 2800 liumen\u0173, o \u0161viesos srauto diapazonas-iki 1100 metr\u0173 (1,1 km). \u0160viestuvas i\u0161 viso turi keturis \u0161viesos i\u0161\u0117jimus (2800lm, 1000lm, 350lm, 30lm) ir du pasl\u0117ptus specialius re\u017eimus (strobe, SOS). Maksimali Fenikso HT18R apsaugos klas\u0117 yra IP68, buvo i\u0161bandytas atsparumas vandeniui iki 2 metr\u0173 ir atsparumas sm\u016bgiams iki 1 metro. Jei norite naudoti su lempa, korpuso gale yra du taktiniai jungikliai &#8211; vienas skirtas \u012fjungti lemp\u0105, o kitas-pakeisti re\u017eimus. Feniksas HT18R yra pagamintas i\u0161 kieto aliuminio, kurio korpusas padengtas III tipo anodavimu. At\u0161vaito apsauginis stiklas yra gr\u016bdintas ir padengtas antirefleksiniu orumu. Kaip maitinimo \u0161altin\u012f HT18R naudoja kei\u010diam\u0105 didel\u0117s talpos (5000 mAh) naujos kartos 21700 tipo li\u010dio jon\u0173 baterij\u0105, kuri \u012fkraunama tiesiai per lempos USB-C \u012fkrovimo prievad\u0105. HT18R turi apsaug\u0105 nuo perkaitimo,akumuliatoriaus \u012fkrovos lygio indikatori\u0173, akumuliatoriaus i\u0161sikrovimo \u012fsp\u0117jimo indikatori\u0173 ir \u012fkrovimo indikatori\u0173. Be to, akumuliatoriaus d\u0117kle yra dvipusis spyruoklinis mechanizmas, kuris atleid\u017eia ginklo atatrank\u0105.<\/p>\n<p>\u012e komplekt\u0105 \u012feina lempa, Feniksas arb-L21-5000 li\u010dio jon\u0173 baterija, auk\u0161tos kokyb\u0117s raudonos ir \u017ealios \u0161viesos filtras, dir\u017eo d\u0117klas, apyrank\u0117, atsarginis sandarinimo \u017eiedas ir vadovas.<\/p>\n","protected":false},"featured_media":144941,"template":"","meta":{"_acf_changed":false},"product_brand":[],"product_cat":[216],"product_tag":[],"class_list":{"0":"post-145891","1":"product","2":"type-product","3":"status-publish","4":"has-post-thumbnail","6":"product_cat-flashlight","8":"first","9":"instock","10":"purchasable","11":"product-type-simple"},"acf":[],"_links":{"self":[{"href":"https:\/\/kingarms.ee\/en\/wp-json\/wp\/v2\/product\/145891","targetHints":{"allow":["GET"]}}],"collection":[{"href":"https:\/\/kingarms.ee\/en\/wp-json\/wp\/v2\/product"}],"about":[{"href":"https:\/\/kingarms.ee\/en\/wp-json\/wp\/v2\/types\/product"}],"wp:featuredmedia":[{"embeddable":true,"href":"https:\/\/kingarms.ee\/en\/wp-json\/wp\/v2\/media\/144941"}],"wp:attachment":[{"href":"https:\/\/kingarms.ee\/en\/wp-json\/wp\/v2\/media?parent=145891"}],"wp:term":[{"taxonomy":"product_brand","embeddable":true,"href":"https:\/\/kingarms.ee\/en\/wp-json\/wp\/v2\/product_brand?post=145891"},{"taxonomy":"product_cat","embeddable":true,"href":"https:\/\/kingarms.ee\/en\/wp-json\/wp\/v2\/product_cat?post=145891"},{"taxonomy":"product_tag","embeddable":true,"href":"https:\/\/kingarms.ee\/en\/wp-json\/wp\/v2\/product_tag?post=145891"}],"curies":[{"name":"wp","href":"https:\/\/api.w.org\/{rel}","templated":true}]}}