{"id":145901,"date":"2025-02-22T20:48:02","date_gmt":"2025-02-22T17:48:02","guid":{"rendered":"https:\/\/kingarms.ee\/product\/fenix-ht32\/"},"modified":"2025-07-27T16:58:51","modified_gmt":"2025-07-27T13:58:51","slug":"fenix-ht32","status":"publish","type":"product","link":"https:\/\/kingarms.ee\/en\/product\/fenix-ht32\/","title":{"rendered":"FENIKSAS HT32"},"content":{"rendered":"","protected":false},"excerpt":{"rendered":"<p>Feniksas HT32 yra profesionali auk\u0161tos kokyb\u0117s kompakti\u0161ka paie\u0161kos med\u017eiokl\u0117s lempa reikliam vartotojui. \u0160is \u017eibintuv\u0117lis yra visi\u0161kai atsparus vandeniui (apsaugos klas\u0117 IP 8 2m), jo matmenys yra 160 mm (Ilgis), 52 mm (galvos skersmuo) ir 25,4 mm (baga\u017ein\u0117s skersmuo). \u0160viestuvas turi tiek balt\u0105 (maks.2500lm \/ 640m), raudona (maks.400lm \/ 120m) \u017ealia (maks.1400lm \/ 210m) \u0161viesos re\u017eimai. Baltos \u0161viesos re\u017eime i\u0161 viso yra keturi \u0161viesos intensyvumai ir stroboskopo re\u017eimas; \u017ealios ir raudonos \u0161viesos re\u017eime i\u0161 viso yra du \u0161viesos intensyvumai (ma\u017eesnis, stipresnis). S\u0105saja yra paprasta ir logi\u0161ka, o perjungimo re\u017eimai atliekami per taktin\u012f jungikl\u012f lempos gale. Maitinamas Fenikso HT32, standartinio tipo 21700 li\u010dio jon\u0173 akumuliatoriaus talpa yra 5000 mAh. Akumuliatorius \u012fkraunamas tiesiogiai per standartin\u012f USB-C \u012fkrovimo prievad\u0105, integruot\u0105 \u012f akumuliatori\u0173. Kadangi lempa turi savo LED element\u0105 kiekvienai \u0161viesos spalvai (nereikia filtr\u0173), \u0161viesos pie\u0161inys yra ai\u0161kus ir nei\u0161kraipytas. Vandeniui ir sm\u016bgiams atsparaus korpuso med\u017eiaga yra III tipo anoduotas aliuminio lydinys. Korpusas susideda tik i\u0161 dviej\u0173 sulankstom\u0173 dali\u0173, kuri\u0173 viduryje yra akumuliatoriaus d\u0117klas. Be to, Feniksas HT32 prisitaiko prie daugyb\u0117s Fenikso pried\u0173, toki\u0173 kaip atstumo jungiklis (Aer-05), ginkl\u0173 laikikliai, gaiduk\u0173 laikikliai ir kt. Lempa yra komplekte, kuriame yra ne tik 5000 mAh Li\u010dio jon\u0173 baterija, USB-C \u012fkrovimo laidas, lengvas dir\u017eo d\u0117klas, apyrank\u0117, atsarginis sandarinimo \u017eiedas ir vartotojo vadovas. Feniksas HT32 yra geras pasirinkimas tiems, kuriems reikia efektyvaus kompakti\u0161ko pro\u017eektoriaus, kuris turi ne tik baltos, bet ir \u017ealios bei raudonos \u0161viesos re\u017eimus esant dideliam \u0161viesos srautui.<\/p>\n","protected":false},"featured_media":144953,"template":"","meta":{"_acf_changed":false},"product_brand":[],"product_cat":[216],"product_tag":[],"class_list":{"0":"post-145901","1":"product","2":"type-product","3":"status-publish","4":"has-post-thumbnail","6":"product_cat-flashlight","8":"first","9":"instock","10":"purchasable","11":"product-type-simple"},"acf":[],"_links":{"self":[{"href":"https:\/\/kingarms.ee\/en\/wp-json\/wp\/v2\/product\/145901","targetHints":{"allow":["GET"]}}],"collection":[{"href":"https:\/\/kingarms.ee\/en\/wp-json\/wp\/v2\/product"}],"about":[{"href":"https:\/\/kingarms.ee\/en\/wp-json\/wp\/v2\/types\/product"}],"wp:featuredmedia":[{"embeddable":true,"href":"https:\/\/kingarms.ee\/en\/wp-json\/wp\/v2\/media\/144953"}],"wp:attachment":[{"href":"https:\/\/kingarms.ee\/en\/wp-json\/wp\/v2\/media?parent=145901"}],"wp:term":[{"taxonomy":"product_brand","embeddable":true,"href":"https:\/\/kingarms.ee\/en\/wp-json\/wp\/v2\/product_brand?post=145901"},{"taxonomy":"product_cat","embeddable":true,"href":"https:\/\/kingarms.ee\/en\/wp-json\/wp\/v2\/product_cat?post=145901"},{"taxonomy":"product_tag","embeddable":true,"href":"https:\/\/kingarms.ee\/en\/wp-json\/wp\/v2\/product_tag?post=145901"}],"curies":[{"name":"wp","href":"https:\/\/api.w.org\/{rel}","templated":true}]}}