{"id":145911,"date":"2025-02-22T20:48:02","date_gmt":"2025-02-22T17:48:02","guid":{"rendered":"https:\/\/kingarms.ee\/product\/fenix-laadimiskaabel-mikro-usb-laadimispordiga-lampidele\/"},"modified":"2025-07-27T16:58:51","modified_gmt":"2025-07-27T13:58:51","slug":"fenix-laadimiskaabel-mikro-usb-laadimispordiga-lampidele","status":"publish","type":"product","link":"https:\/\/kingarms.ee\/en\/product\/fenix-laadimiskaabel-mikro-usb-laadimispordiga-lampidele\/","title":{"rendered":"\u012eKROVIMO KABELIS LEMPOMS SU MIKRO USB \u012eKROVIMO PRIEVADU"},"content":{"rendered":"","protected":false},"excerpt":{"rendered":"<p>Universalus \u012fkrovimo kabelis Fenikso lempoms su mikro-USB (mikro-USB) \u012fkrovimo s\u0105saja. Viename gale yra Mikro-USB antgalis, kitame-USB antgalis.<\/p>\n<p>Tinka: Fenikso lempos su mikro-USB \u012fkrovimo lizdu<\/p>\n","protected":false},"featured_media":145145,"template":"","meta":{"_acf_changed":false},"product_brand":[],"product_cat":[216],"product_tag":[],"class_list":{"0":"post-145911","1":"product","2":"type-product","3":"status-publish","4":"has-post-thumbnail","6":"product_cat-flashlight","8":"first","9":"instock","10":"purchasable","11":"product-type-simple"},"acf":[],"_links":{"self":[{"href":"https:\/\/kingarms.ee\/en\/wp-json\/wp\/v2\/product\/145911","targetHints":{"allow":["GET"]}}],"collection":[{"href":"https:\/\/kingarms.ee\/en\/wp-json\/wp\/v2\/product"}],"about":[{"href":"https:\/\/kingarms.ee\/en\/wp-json\/wp\/v2\/types\/product"}],"wp:featuredmedia":[{"embeddable":true,"href":"https:\/\/kingarms.ee\/en\/wp-json\/wp\/v2\/media\/145145"}],"wp:attachment":[{"href":"https:\/\/kingarms.ee\/en\/wp-json\/wp\/v2\/media?parent=145911"}],"wp:term":[{"taxonomy":"product_brand","embeddable":true,"href":"https:\/\/kingarms.ee\/en\/wp-json\/wp\/v2\/product_brand?post=145911"},{"taxonomy":"product_cat","embeddable":true,"href":"https:\/\/kingarms.ee\/en\/wp-json\/wp\/v2\/product_cat?post=145911"},{"taxonomy":"product_tag","embeddable":true,"href":"https:\/\/kingarms.ee\/en\/wp-json\/wp\/v2\/product_tag?post=145911"}],"curies":[{"name":"wp","href":"https:\/\/api.w.org\/{rel}","templated":true}]}}