{"id":145926,"date":"2025-02-22T20:48:02","date_gmt":"2025-02-22T17:48:02","guid":{"rendered":"https:\/\/kingarms.ee\/product\/fenix-ld45r\/"},"modified":"2025-07-27T16:58:50","modified_gmt":"2025-07-27T13:58:50","slug":"fenix-ld45r","status":"publish","type":"product","link":"https:\/\/kingarms.ee\/en\/product\/fenix-ld45r\/","title":{"rendered":"FENIKSAS LD45R"},"content":{"rendered":"","protected":false},"excerpt":{"rendered":"<p>Feniksas LD45R yra labai unikalus \u017dibintuv\u0117lis ir Reddot dizaino apdovanojimo laureatas u\u017e novatori\u0161k\u0105 fokusavimo technologij\u0105 (zoom). Tai tre\u010dias ir kompakti\u0161kiausias i\u0161 trij\u0173 serijini\u0173 \u017eibintuv\u0117li\u0173 pasaulyje su skaitmeniniu priartinimu ir yra visi\u0161kai atsparus vandeniui ir oro s\u0105lygoms (apsaugos klas\u0117 IP68, i\u0161bandyta 2 metr\u0173 gylyje). Tai rei\u0161kia, kad skirtingai nuo kit\u0173 gamyboje naudojam\u0173 mechani\u0161kai priartint\u0173 \u017eibintuv\u0117li\u0173, Feniksas LD45R neturi judan\u010di\u0173 dali\u0173, tod\u0117l n\u0117ra sl\u0117gio ar vir\u0161sl\u0117gio, kuris sugert\u0173 vanden\u012f ir dr\u0117gm\u0119 \u012f lemp\u0105. Fokusavimas yra paprastas ir greitas, nereikalauja dviej\u0173 rank\u0173, o \u017eibintuv\u0117lio dizainas neturi i\u0161gaubt\u0173 l\u0119\u0161i\u0173, kurie yra lengvai su\u017eeisti ir link\u0119 d\u0117v\u0117ti. Fokusavimo funkcija pagr\u012fsta fiziniu difrakcijos rei\u0161kiniu, kur\u012f sukelia elektrooptinis l\u0119\u0161is, sumontuotas lempos viduje. I\u0161skyrus sud\u0117ting\u0105 terminologij\u0105, tai rei\u0161kia, kad u\u017e apsauginio stiklo yra sumontuotas specialus stiklas (skyst\u0173j\u0173 kristal\u0173 Difrakcinis l\u0119\u0161is), kurio gr\u016bdintas antirefleksinis orumas yra i\u0161kart prie\u0161ais LED element\u0105. Jei l\u0119\u0161is pradeda vykdyti elektros srov\u0119 i\u0161 lempos maitinimo \u0161altinio, skyst\u0173j\u0173 kristal\u0173 dalel\u0117s sluoksniuose pradeda sulenkti \u0161viesos bangas (atsiranda difrakcija). Tai leid\u017eia tolygiai reguliuoti fokusavimo efekt\u0105 be judan\u010di\u0173 dali\u0173. Kitas Fenikso LD45R bruo\u017eas, bet \u0161iek tiek labiau paplit\u0119s auk\u0161\u010diausios kokyb\u0117s \u017eibintuv\u0117liuose, yra integruotas OLED informacijos ekranas. Realiuoju laiku galima pamatyti darbo re\u017eimo vert\u0119 su maksimaliu sniego kiekiu, likus\u012f akumuliatoriaus \u012fkrovos lyg\u012f, \u012fkrovimo proceso eigos procent\u0105 ir lempos b\u016bsen\u0105 (pvz . kai \u012fjungtas lempos u\u017erakto re\u017eimas).<\/p>\n<p>Feniksas LD45R yra vidutinio dyd\u017eio Universalus \u017eibintuv\u0117lis, kuris i\u0161 esm\u0117s tinka bet kuriai gyvenimo sri\u010diai, ta\u010diau jo dizaino prana\u0161umai akivaizd\u017eiausi gamtoje ir \u017eygiuose. Maksimalus skaitmeniniu b\u016bdu sufokusuoto \u017eibintuv\u0117lio \u0161viesos intensyvumas yra 2800 liumen\u0173, o \u0161viesos srauto diapazonas-iki 480 metr\u0173. Lempai prijungti ir sufokusuoti naudojamas patogus \u0161oninis jungiklis. Paspaud\u0119 jungikl\u012f, galite \u012fjungti lemp\u0105 \u012f veiksm\u0105 ir pakeisti \u0161viesos intensyvum\u0105. Aplink jungikl\u012f yra \u017eiedas, kuris, pasukdamas pir\u0161t\u0105, leid\u017eia suskaidyti (nutolinti) arba sufokusuoti (priartinti) \u0161viesos linij\u0105. Mastelio keitimas atliekamas skland\u017eiai be \u017eingsni\u0173. Feniksas LD45R maitinamas naujos kartos 21700 tipo li\u010dio jon\u0173 baterija. Tai standartinis kei\u010diamas maitinimo \u0161altinis. Akumuliatorius \u012fkraunamas tiesiai \u012f \u0161viestuv\u0105 per integruot\u0105 USB-C \u012fkrovimo ki\u0161tuk\u0105. Kaip b\u016bdinga profesionaliems Fenikso \u0161viestuvams, \u012fkrovimo lizdas turi vidin\u012f atsparum\u0105 vandeniui. Tai rei\u0161kia, kad pamir\u0161us atidaryti \u012fkrovimo ki\u0161tuko dulki\u0173 dangtel\u012f, \u012f lemp\u0105 nety\u010dia nepateks vandens ar dr\u0117gm\u0117s. Feniksas LD45R korpusas yra tvirtas, pagamintas i\u0161 auk\u0161tos kokyb\u0117s aliuminio lydinio su III tipo anodavimu, i\u0161bandytas atsparumas sm\u016bgiams ir, skirtingai nei visos kitos lempos su mechanine fokusavimo sistema, pasi\u017eymi puikiu atsparumu vandeniui ir oro s\u0105lygoms (apsaugos klas\u0117 IP68). Feniksas LD45R yra komplekte, kuriame, be lempos, yra li\u010dio jon\u0173 baterija Feniksas ARB-L21-5000mah, \u012fkrovimo laidas, lengvas dir\u017eo d\u0117klas, apyrank\u0117, atsarginis sandarinimo \u017eiedas ir vartotojo vadovas.<\/p>\n","protected":false},"featured_media":144971,"template":"","meta":{"_acf_changed":false},"product_brand":[],"product_cat":[216],"product_tag":[],"class_list":{"0":"post-145926","1":"product","2":"type-product","3":"status-publish","4":"has-post-thumbnail","6":"product_cat-flashlight","8":"first","9":"instock","10":"purchasable","11":"product-type-simple"},"acf":[],"_links":{"self":[{"href":"https:\/\/kingarms.ee\/en\/wp-json\/wp\/v2\/product\/145926","targetHints":{"allow":["GET"]}}],"collection":[{"href":"https:\/\/kingarms.ee\/en\/wp-json\/wp\/v2\/product"}],"about":[{"href":"https:\/\/kingarms.ee\/en\/wp-json\/wp\/v2\/types\/product"}],"wp:featuredmedia":[{"embeddable":true,"href":"https:\/\/kingarms.ee\/en\/wp-json\/wp\/v2\/media\/144971"}],"wp:attachment":[{"href":"https:\/\/kingarms.ee\/en\/wp-json\/wp\/v2\/media?parent=145926"}],"wp:term":[{"taxonomy":"product_brand","embeddable":true,"href":"https:\/\/kingarms.ee\/en\/wp-json\/wp\/v2\/product_brand?post=145926"},{"taxonomy":"product_cat","embeddable":true,"href":"https:\/\/kingarms.ee\/en\/wp-json\/wp\/v2\/product_cat?post=145926"},{"taxonomy":"product_tag","embeddable":true,"href":"https:\/\/kingarms.ee\/en\/wp-json\/wp\/v2\/product_tag?post=145926"}],"curies":[{"name":"wp","href":"https:\/\/api.w.org\/{rel}","templated":true}]}}