{"id":145936,"date":"2025-02-22T20:48:02","date_gmt":"2025-02-22T17:48:02","guid":{"rendered":"https:\/\/kingarms.ee\/product\/fenix-lr50r-2\/"},"modified":"2025-07-27T16:58:49","modified_gmt":"2025-07-27T13:58:49","slug":"fenix-lr50r-2","status":"publish","type":"product","link":"https:\/\/kingarms.ee\/en\/product\/fenix-lr50r-2\/","title":{"rendered":"FENIKSAS LR50R"},"content":{"rendered":"","protected":false},"excerpt":{"rendered":"<p>Feniksas lr50r yra rimta ir kompakti\u0161ka super lemput\u0117. Skirta paie\u0161kos ir gelb\u0117jimo specialist\u0173 \u012fvairov\u0117. Lempos ilgis yra tik 163 mm, maksimalus \u0161viesos intensyvumas yra 12 000 liumen\u0173, o \u0161viesos srauto diapazonas-950 metr\u0173. \u0160viesos pie\u0161inys yra gerai subalansuotas, subalansuotai ap\u0161vie\u010dia toli ir arti esan\u010dius objektus. I\u0161 viso yra \u0161e\u0161i \u0161viestuvai: maks.12000LM, daugiausia.6000lm, daugiausia.3,000, 1,000, 350, 50. s\u0105saja yra labai paprasta. Lempos \u0161one yra du ner\u016bdijan\u010dio plieno jungikliai, per kuriuos galima \u012fjungti lemp\u0105 ir pakeisti \u0161viesos intensyvum\u0105. Be standartini\u0173 re\u017eim\u0173, LR50R taip pat turi pasl\u0117pt\u0105 stroboskop\u0105 ir SOS re\u017eim\u0105. Lr50r yra pirmoji auk\u0161\u010diausios klas\u0117s gamintojo lempa, naudojanti keturias naujos kartos didel\u0117s talpos 21 700 li\u010dio jon\u0173 baterijas. Lempoje yra baterija, pagr\u012fsta 21 700 baterij\u0173, kuri\u0173 bendra talpa yra 16 000 mAh. Jei reikia, lemp\u0105 taip pat galima naudoti su keturiomis standartin\u0117mis 21700 tipo li\u010dio jon\u0173 baterijomis, iki trij\u0173, dviej\u0173 arba tik vienos 21700 tipo li\u010dio jon\u0173 baterijomis avariniu atveju. Lr50r \u012fkrovimas atliekamas nei\u0161imant akumuliatoriaus i\u0161 lempos. \u0160iuo tikslu atsparus vandeniui ir oro s\u0105lygoms USB-C greito \u012fkrovimo prievadas (maks.4a \u012fkrovimo srov\u0117). Naudodami greito \u012fkrovimo funkcij\u0105, standartin\u0119 lr50r 16000mAh baterij\u0105 galite \u012fkrauti vos per 4 valandas su pakankama galia. Kaip papildoma funkcija, lr50r 16000mAh baterija taip pat gali b\u016bti naudojama kaip akumuliatoriaus bankas per \u012fkrovimo prievad\u0105. Did\u017eiausias i\u0161\u0117jimo srov\u0117s stipris jau yra 2,5 Ampero. Viskas, ko reikia lempai \u012fkrauti ir naudoti kaip akumuliatoriaus bank\u0105, yra \u012ftrauktas \u012f vis\u0105 lempos komplekt\u0105. Lr50r yra labai didelio \u0161viesos intensyvumo lempa, maksimaliu darbo re\u017eimu skleid\u017eiama \u0161viesa gali ap\u0161viesti netoliese esan\u010dius objektus \/ objektus. Siekiant i\u0161vengti \u0161ios situacijos, LR50R turi jutikl\u012f, kuris aptinka objektus \u0161alia lempos at\u0161vaito (ar\u010diau nei 6 cm) ir automati\u0161kai suma\u017eina \u0161viesos intensyvum\u0105, kad b\u016bt\u0173 i\u0161vengta u\u017esidegimo pavojaus ar perkaitimo (jei objekto artumas aptinkamas ma\u017edaug per 1,5 sekund\u0117s). Jei u\u017esienio objekt\u0173 pavojus neb\u0117ra aptiktas, lemput\u0117 automati\u0161kai atkurs pradin\u0117s \u0161viesos intensyvum\u0105. \u017dinoma, Lr50r nelie\u010dia vis\u0173 \u0161iuolaikinio auk\u0161tos kokyb\u0117s \u017eibintuv\u0117lio pried\u0173 ir funkcij\u0173. Pavyzd\u017eiui, lempa turi daugiapakop\u012f maitinimo \u0161altinio \u012fkrovos lygio indikatori\u0173, apsaug\u0105 nuo perkaitimo po lempos darbin\u0117s temperat\u016bros (aktyvi esant keturiems stipriausiems lempos \u0161viesos intensyvumams), elektronin\u0119 apsaugos nuo atsitiktinio sukabinimo funkcij\u0105, stovo laikikl\u012f, pe\u010di\u0173 dir\u017e\u0105, apsaugos nuo akinimo optikos stikl\u0105 ir kt. Nat\u016bralu, kad lr50r maksimali apsaugos klas\u0117 yra IP68 2m, i\u0161bandyta su 1m atsparumu sm\u016bgiams ir skirta veikti esant -35 darbinei temperat\u016brai&#8230;+45 laipsniai C. Jei ie\u0161kote kompakti\u0161kos ir universalios paie\u0161kos lempos, Feniksas LR50R yra tikras pasirinkimas!<\/p>\n","protected":false},"featured_media":144983,"template":"","meta":{"_acf_changed":false},"product_brand":[],"product_cat":[216],"product_tag":[],"class_list":{"0":"post-145936","1":"product","2":"type-product","3":"status-publish","4":"has-post-thumbnail","6":"product_cat-flashlight","8":"first","9":"instock","10":"purchasable","11":"product-type-simple"},"acf":[],"_links":{"self":[{"href":"https:\/\/kingarms.ee\/en\/wp-json\/wp\/v2\/product\/145936","targetHints":{"allow":["GET"]}}],"collection":[{"href":"https:\/\/kingarms.ee\/en\/wp-json\/wp\/v2\/product"}],"about":[{"href":"https:\/\/kingarms.ee\/en\/wp-json\/wp\/v2\/types\/product"}],"wp:featuredmedia":[{"embeddable":true,"href":"https:\/\/kingarms.ee\/en\/wp-json\/wp\/v2\/media\/144983"}],"wp:attachment":[{"href":"https:\/\/kingarms.ee\/en\/wp-json\/wp\/v2\/media?parent=145936"}],"wp:term":[{"taxonomy":"product_brand","embeddable":true,"href":"https:\/\/kingarms.ee\/en\/wp-json\/wp\/v2\/product_brand?post=145936"},{"taxonomy":"product_cat","embeddable":true,"href":"https:\/\/kingarms.ee\/en\/wp-json\/wp\/v2\/product_cat?post=145936"},{"taxonomy":"product_tag","embeddable":true,"href":"https:\/\/kingarms.ee\/en\/wp-json\/wp\/v2\/product_tag?post=145936"}],"curies":[{"name":"wp","href":"https:\/\/api.w.org\/{rel}","templated":true}]}}