{"id":145939,"date":"2025-02-22T20:48:02","date_gmt":"2025-02-22T17:48:02","guid":{"rendered":"https:\/\/kingarms.ee\/product\/fenix-lr60r\/"},"modified":"2025-07-27T16:58:49","modified_gmt":"2025-07-27T13:58:49","slug":"fenix-lr60r","status":"publish","type":"product","link":"https:\/\/kingarms.ee\/en\/product\/fenix-lr60r\/","title":{"rendered":"FENIKSAS LR60R"},"content":{"rendered":"","protected":false},"excerpt":{"rendered":"<p>Feniksas lr60r yra Fenikso profesionali\u0173 paie\u0161kos lemp\u0173 serijos dalis. Tai daugiafunkcin\u0117 lempa, slepianti dvi skirtingas \u0161viesos kryptis (optikos derinys). Lr60r turi didelio ir gilaus skersmens at\u0161vait\u0105, integruot\u0105 \u012f \u0161viesos galvut\u0117s centr\u0105, kuris suteikia \u017eibintui a\u0161tr\u0173 pro\u017eektori\u0173, kurio \u0161viesos intensyvumas yra iki 3000 lm, o \u0161viesos srauto diapazonas-iki 1000 m (1 km). Aplink j\u012f 12 ma\u017e\u0173 ma\u017eo gylio at\u0161vait\u0173 yra integruoti \u012f tris grupes, kurios suteikia lempai labai i\u0161sklaidyt\u0105 ir labai plat\u0173 \u0161viesos model\u012f, kurio maksimalus \u0161viesos intensyvumas yra iki 15 000 lm, o \u0161viesos srauto diapazonas-iki 352 metr\u0173. Abi re\u017eim\u0173 grup\u0117s gali b\u016bti valdomos atskirai arba sujungtos esant maksimaliam \u0161viesos intensyvumui, suteikiant bendr\u0105 \u0161viesos intensyvum\u0105 iki 21 000 liumen\u0173, o \u0161viesos srauto diapazon\u0105-iki 1 085 metr\u0173 (1 km85 m). Lr60r maksimalus apsaugos laipsnis yra IP68 ir buvo i\u0161bandytas d\u0117l atsparumo vandeniui 2 metr\u0173 gylyje 4 valandas. Lemp\u0105 maitina kei\u010diama li\u010dio jon\u0173 baterija, kurios \u012ftampa yra 14,4 V, o talpa-4000 mAh (3,6 V 16000 mAh), integruota \u012f ranken\u0105. Akumuliatori\u0173 reikia \u012fkrauti nei\u0161imant lempos su pridedamu USB-C \u012fkrovimo laidu. Lr60r turi 45 vat\u0173 greito \u012fkrovimo talp\u0105, kuri su tinkamu tinklo adapteriu gali visi\u0161kai \u012fkrauti akumuliatori\u0173 vos per 1,5 valandos. Jei greito \u012fkrovimo adapterio n\u0117ra, lemp\u0105 taip pat galima \u012fkrauti naudojant standartin\u0119 USB jungt\u012f. Be to, LR60R turi atskir\u0105 USB-A lizd\u0105, per kur\u012f jis veikia kaip akumuliatoriaus bankas (20 vat\u0173 i\u0161krovimas). USB-C \u012fkrovimo lizdas lempoje (45 vat\u0173 i\u0161krovimas) taip pat veikia baterij\u0173 bankininkyst\u0117je. D\u0117l didel\u0117s talpos akumuliatoriaus, lempa gali nepertraukiamai veikti iki 113 valand\u0173 (su 50 liumen\u0173 \u0161viesos intensyvumu, u\u017etikrinan\u010diu \u0161viesos srauto diapazon\u0105 iki 132 metr\u0173). Lempos veikimas yra labai paprastas-Lr60r pro\u017eektoriuje yra unikalus mechaninis \u017eiedinis jungiklis, kuris, pasukdamas j\u012f \u012f vien\u0105 ar kit\u0105 pus\u0119, suteikia prieig\u0105 prie vis\u0173 lempos veikimo re\u017eim\u0173. Sukdami \u017eiedin\u012f jungikl\u012f prie\u0161 laikrod\u017eio rodykl\u0119, galite naudoti vis\u0105 i\u0161sklaidytos \u0161viesos, SOS ir strobe re\u017eimo \u0161viesos intensyvum\u0105. Sukdami \u017eiedin\u012f jungikl\u012f pagal laikrod\u017eio rodykl\u0119, galite naudoti vis\u0105 ta\u0161kin\u0117s \u0161viesos \u0161viesos intensyvum\u0105 ir maksimali\u0105 bendr\u0105 difuzin\u0117s ir ta\u0161kin\u0117s \u0161viesos erdv\u0119. LR60R yra \u012frengtas OLED informacinis ekranas, kuris realiu laiku \u012fsp\u0117ja vartotoj\u0105 apie \u012fjungto re\u017eimo \u0161viesos intensyvum\u0105, akumuliatoriaus \u012fkrovos lyg\u012f, likus\u012f veikimo laik\u0105 ir perduoda informacij\u0105 apie \u012fkrovimo ir i\u0161krovimo proceso eig\u0105. Maksimali LR60R \u0161viesos galia yra tokia didel\u0117, kad lempos skleid\u017eiama \u0161iluma gali u\u017edegti degias med\u017eiagas. \u0160iuo tikslu lr60r turi integruot\u0105 vartotojo saugos jutikl\u012f, kuris yra skirtas automati\u0161kai suma\u017einti (o v\u0117liau v\u0117l padidinti) lempos \u0161viesos intensyvum\u0105, jei ji per arti kito r\u0117mo (ma\u017eiau nei 6 cm). Be lempos, \u012fkrovimo pried\u0173 ir pe\u010di\u0173 dir\u017eelio, Lr60r taip pat turi nuimam\u0105 ranken\u0105, d\u0117l kurios lemp\u0105 patogu ne\u0161iotis ir kur yra standartinis stovo laikiklis. Jei ie\u0161kote labai didelio maksimalaus \u0161viesos intensyvumo paie\u0161kos lempos, galin\u010dios skleisti tiek centrin\u0119 centrin\u0119 \u0161vies\u0105, tiek labai plat\u0173 i\u0161sklaidytos \u0161viesos diapazon\u0105, LR60R yra vienas geriausi\u0173 pasirinkim\u0173!<\/p>\n","protected":false},"featured_media":144293,"template":"","meta":{"_acf_changed":false},"product_brand":[],"product_cat":[216],"product_tag":[],"class_list":{"0":"post-145939","1":"product","2":"type-product","3":"status-publish","4":"has-post-thumbnail","6":"product_cat-flashlight","8":"first","9":"instock","10":"purchasable","11":"product-type-simple"},"acf":[],"_links":{"self":[{"href":"https:\/\/kingarms.ee\/en\/wp-json\/wp\/v2\/product\/145939","targetHints":{"allow":["GET"]}}],"collection":[{"href":"https:\/\/kingarms.ee\/en\/wp-json\/wp\/v2\/product"}],"about":[{"href":"https:\/\/kingarms.ee\/en\/wp-json\/wp\/v2\/types\/product"}],"wp:featuredmedia":[{"embeddable":true,"href":"https:\/\/kingarms.ee\/en\/wp-json\/wp\/v2\/media\/144293"}],"wp:attachment":[{"href":"https:\/\/kingarms.ee\/en\/wp-json\/wp\/v2\/media?parent=145939"}],"wp:term":[{"taxonomy":"product_brand","embeddable":true,"href":"https:\/\/kingarms.ee\/en\/wp-json\/wp\/v2\/product_brand?post=145939"},{"taxonomy":"product_cat","embeddable":true,"href":"https:\/\/kingarms.ee\/en\/wp-json\/wp\/v2\/product_cat?post=145939"},{"taxonomy":"product_tag","embeddable":true,"href":"https:\/\/kingarms.ee\/en\/wp-json\/wp\/v2\/product_tag?post=145939"}],"curies":[{"name":"wp","href":"https:\/\/api.w.org\/{rel}","templated":true}]}}