{"id":145951,"date":"2025-02-22T20:48:02","date_gmt":"2025-02-22T17:48:02","guid":{"rendered":"https:\/\/kingarms.ee\/product\/fenix-pd25r\/"},"modified":"2025-07-27T16:58:48","modified_gmt":"2025-07-27T13:58:48","slug":"fenix-pd25r","status":"publish","type":"product","link":"https:\/\/kingarms.ee\/en\/product\/fenix-pd25r\/","title":{"rendered":"FENIKSAS PD25R"},"content":{"rendered":"","protected":false},"excerpt":{"rendered":"<p>Feniksas PD25R yra patogus ir kompakti\u0161kas \u017eibintuv\u0117lis, pasi\u017eymintis dideliu na\u0161umu. Tai stiprus \u0161viestuvas, tinkantis kasdieniam ne\u0161iojimui, buitiniam naudojimui, taip pat stovyklavimui ir kelion\u0117ms d\u0117l savo lengvo svorio ir gero lengvo dizaino. Kur reikalinga ypa\u010d kompakti\u0161ka ir didelio na\u0161umo tiesioginio \u012fkrovimo lempa. Feniksas pd25r yra atsparus vandeniui ir sm\u016bgiams, jo maksimali apsauga yra IP68. bendras lempos ilgis yra tik 92 mm, galvos skersmuo yra 24 mm, o k\u016bno skersmuo taip pat yra 24 mm. pridedamos li\u010dio jon\u0173 baterijos svoris yra 78g. LED elemento klasifikacija yra Luminus SFT20. D\u0117l galingo LED elemento ir kompakti\u0161ko at\u0161vaito \u0161viesos pie\u0161inys yra labai universalus (vidutin\u0117s klas\u0117s su stipria \u0161viesa, skland\u017eiai pereinant \u012f gerai ap\u0161viestas atokias vietas). Did\u017eiausias \u0161viesos intensyvumas yra 800 liumen\u0173, o \u0161viesos srauto diapazonas &#8211; iki 250 metr\u0173. Fenikso PD25R bendras \u0161viesos intensyvumas yra penki 5-800 liumen\u0173, taip pat yra stroboskopo re\u017eimas. Yra du jungikliai. Taktinis maitinimo jungiklis turi \u012fjungimo-i\u0161jungimo ir momentin\u012f ap\u0161vietim\u0105. \u0160oninis jungiklis skirtas pakeisti \u0161viesos intensyvum\u0105 ir perjungti \u012f stroboskopo re\u017eim\u0105. Naudojimui PD25R naudoja paprastas PCB apsaugotas didel\u0117s apkrovos 16340 tipo li\u010dio jon\u0173 baterijas arba CR123A li\u010dio baterijas. Akumuliatoriaus nereikia atjungti nuo lempos, kad b\u016bt\u0173 galima \u012fkrauti, bet jis \u012fkraunamas tiesiogiai per USB-C \u012fkrovimo ki\u0161tuk\u0105, integruot\u0105 \u012f lemp\u0105. Pd25r \u012fkrovimo ki\u0161tukas yra visi\u0161kai atsparus vandeniui, net ir be apsaugos, ta\u010diau jame yra stipri metalin\u0117 apsauga, apsauganti nuo dulki\u0173 ir ne\u0161varum\u0173 patekimo ir mechanini\u0173 pa\u017eeidim\u0173 (dauguma lemp\u0173 naudoja tik silikonin\u0119 apsaug\u0105). Fenikso li\u010dio jon\u0173 baterija arb-L16 &#8211; 700p su \u012fkrovimo laidu yra standartin\u0117je \u0161viestuvo pakuot\u0117je. Tod\u0117l viskas reikalinga nedelsiant naudoti ir \u012fkrauti lemp\u0105.<\/p>\n<p>Pd25r papildoma informacija ir funkcijos: skaitmeniniu b\u016bdu reguliuojama grandin\u0117, integruota lempos darbin\u0117s temperat\u016bros apsauga nuo perkaitimo, sustiprintas antirefleksinis at\u0161vaito apsauginis stiklas, metalinis \u0161oninis jungiklis, \u012f jungikl\u012f integruotas akumuliatoriaus \u012fkrovos lygio indikatorius, Neslystantis ir nevyniojamas dizainas, Nuimamas ki\u0161eninis segtukas, Rie\u0161o dir\u017eelio tvirtinimo kilpa.<\/p>\n","protected":false},"featured_media":145007,"template":"","meta":{"_acf_changed":false},"product_brand":[],"product_cat":[216],"product_tag":[],"class_list":{"0":"post-145951","1":"product","2":"type-product","3":"status-publish","4":"has-post-thumbnail","6":"product_cat-flashlight","8":"first","9":"instock","10":"purchasable","11":"product-type-simple"},"acf":[],"_links":{"self":[{"href":"https:\/\/kingarms.ee\/en\/wp-json\/wp\/v2\/product\/145951","targetHints":{"allow":["GET"]}}],"collection":[{"href":"https:\/\/kingarms.ee\/en\/wp-json\/wp\/v2\/product"}],"about":[{"href":"https:\/\/kingarms.ee\/en\/wp-json\/wp\/v2\/types\/product"}],"wp:featuredmedia":[{"embeddable":true,"href":"https:\/\/kingarms.ee\/en\/wp-json\/wp\/v2\/media\/145007"}],"wp:attachment":[{"href":"https:\/\/kingarms.ee\/en\/wp-json\/wp\/v2\/media?parent=145951"}],"wp:term":[{"taxonomy":"product_brand","embeddable":true,"href":"https:\/\/kingarms.ee\/en\/wp-json\/wp\/v2\/product_brand?post=145951"},{"taxonomy":"product_cat","embeddable":true,"href":"https:\/\/kingarms.ee\/en\/wp-json\/wp\/v2\/product_cat?post=145951"},{"taxonomy":"product_tag","embeddable":true,"href":"https:\/\/kingarms.ee\/en\/wp-json\/wp\/v2\/product_tag?post=145951"}],"curies":[{"name":"wp","href":"https:\/\/api.w.org\/{rel}","templated":true}]}}