{"id":145956,"date":"2025-02-22T20:48:02","date_gmt":"2025-02-22T17:48:02","guid":{"rendered":"https:\/\/kingarms.ee\/product\/fenix-pd32r\/"},"modified":"2025-07-27T16:58:48","modified_gmt":"2025-07-27T13:58:48","slug":"fenix-pd32r","status":"publish","type":"product","link":"https:\/\/kingarms.ee\/en\/product\/fenix-pd32r\/","title":{"rendered":"FENIKSAS PD32R"},"content":{"rendered":"","protected":false},"excerpt":{"rendered":"<p>Feniksas PD32R yra labai kompakti\u0161ka taktin\u0117 prie\u017ei\u016bros lempa su tyliu perjungimo mechanizmu. \u017dibintuv\u0117lio su specialiu \u0161viesos pie\u0161iniu ir labai koncentruotu \u0161viesos ta\u0161ku maksimalus \u0161viesos intensyvumas yra 1400 liumen\u0173, o maksimalus \u0161viesos srauto diapazonas-344 metrai. Yra keturi skirtingi \u0161viesos i\u0161\u0117jimai ir tiesioginis jungiklis \u012f stroboskopo re\u017eim\u0105. Lempos prijungimas prie veikimo ir perjungimo re\u017eim\u0173 yra tylus taktinis jungiklis lempos gale. Feniksas PD32R yra tik \u0161iek tiek didesnis nei vidutinis \u017eymeklis. Ilgis yra 135 mm, galvos skersmuo 26,5 mm, o korpuso skersmuo 23,6 mm. lempa pagaminta i\u0161 auk\u0161tos kokyb\u0117s aliuminio lydinio, padengto III tipo anodavimu. I\u0161orinis korpuso pavir\u0161ius yra apdorotas smulkia spiral\u0117s formos tekst\u016bra per vis\u0105 galv\u0105, kad b\u016bt\u0173 geriausias sukibimas. Pd32r yra atsparus oro s\u0105lygoms ir vandeniui, jo maksimali apsaugos klas\u0117 yra IP68 2m (i\u0161bandyta 2 metr\u0173 gylyje vandenyje per 4 valandas). Maitinimo \u0161altinis yra standartin\u0117s 18650 li\u010dio jon\u0173 baterijos (\u012fskaitant 3400 mAh) arba CR123A li\u010dio baterijos. Lempos akumuliatorius \u012fkraunamas per USB-C tiesioginio \u012fkrovimo prievad\u0105, integruot\u0105 \u012f lemp\u0105. Feniksas PD32R ypatingas tuo, kad \u012fkrovimo prievadas yra padengtas tvirtu aliuminio apsauginiu \u017eiedu, o ne polimeriniu skydu. Tai suteikia \u012fkrovimo lizdui dar stipresn\u0119 mechanin\u0119 apsaug\u0105. Kaip ir visi Fenikso profesionalios serijos \u017eibintuv\u0117liai, Pd32r turi vidin\u012f vandeniui atspar\u0173 \u012fkrovimo prievad\u0105. Tai rei\u0161kia, kad pamir\u0161us nuimti \u012fkrovimo prievado dangtel\u012f, vanduo, nety\u010dia patek\u0119s \u012f \u012fkrovimo prievad\u0105, nepateks \u012f lempos vid\u0173. Feniksas PD32R yra skirtas kasdieniam naudojimui sunkiausiomis s\u0105lygomis, \u012fskaitant tvirtinim\u0105 prie ginkl\u0173. Lempos akumuliatoriaus skyriuje abiejuose galuose yra spyruokl\u0117s, kompensuojan\u010dios sm\u016bgius. Be to, PD32R yra suderinamas su keliais Fenikso priedais, tokiais kaip atstumo jungiklis, \u012fvair\u016bs pistoleto laikikliai, filtrai, reguliavimo pj\u016bklai, difuzoriai ir kt. Nepaisant taktin\u0117s orientacijos, PD32R yra puiki bendra \u0161viesa lauko veiklai ir situacijoms, kai svarbus ma\u017eas dydis ir didelis \u0161viesos srauto diapazonas. Be \u0161viestuvo, visame asortimente yra Fenikso Tipo 18650 3400mAh li\u010dio jon\u0173 baterija, \u012fkrovimo laidas, lengvas dir\u017eo korpusas, apyrank\u0117 ir vartotojo vadovas.<\/p>\n","protected":false},"featured_media":145013,"template":"","meta":{"_acf_changed":false},"product_brand":[],"product_cat":[216],"product_tag":[],"class_list":{"0":"post-145956","1":"product","2":"type-product","3":"status-publish","4":"has-post-thumbnail","6":"product_cat-flashlight","8":"first","9":"instock","10":"purchasable","11":"product-type-simple"},"acf":[],"_links":{"self":[{"href":"https:\/\/kingarms.ee\/en\/wp-json\/wp\/v2\/product\/145956","targetHints":{"allow":["GET"]}}],"collection":[{"href":"https:\/\/kingarms.ee\/en\/wp-json\/wp\/v2\/product"}],"about":[{"href":"https:\/\/kingarms.ee\/en\/wp-json\/wp\/v2\/types\/product"}],"wp:featuredmedia":[{"embeddable":true,"href":"https:\/\/kingarms.ee\/en\/wp-json\/wp\/v2\/media\/145013"}],"wp:attachment":[{"href":"https:\/\/kingarms.ee\/en\/wp-json\/wp\/v2\/media?parent=145956"}],"wp:term":[{"taxonomy":"product_brand","embeddable":true,"href":"https:\/\/kingarms.ee\/en\/wp-json\/wp\/v2\/product_brand?post=145956"},{"taxonomy":"product_cat","embeddable":true,"href":"https:\/\/kingarms.ee\/en\/wp-json\/wp\/v2\/product_cat?post=145956"},{"taxonomy":"product_tag","embeddable":true,"href":"https:\/\/kingarms.ee\/en\/wp-json\/wp\/v2\/product_tag?post=145956"}],"curies":[{"name":"wp","href":"https:\/\/api.w.org\/{rel}","templated":true}]}}