{"id":145966,"date":"2025-02-22T20:47:36","date_gmt":"2025-02-22T17:47:36","guid":{"rendered":"https:\/\/kingarms.ee\/product\/fenix-gl22-pustolilamp\/"},"modified":"2025-07-27T16:58:48","modified_gmt":"2025-07-27T13:58:48","slug":"fenix-gl22-pustolilamp","status":"publish","type":"product","link":"https:\/\/kingarms.ee\/en\/product\/fenix-gl22-pustolilamp\/","title":{"rendered":"FENIKSAS GL22 PISTOLETO LEMPA"},"content":{"rendered":"","protected":false},"excerpt":{"rendered":"<p>Feniksas GL22 yra labai kompakti\u0161ka pistoleto lempa su raudonu lazerio ta\u0161ku, be baltos \u0161viesos. Fenikso GL22 maksimalus \u0161viesos intensyvumas yra 750 liumen\u0173, o maksimalus \u0161viesos srauto diapazonas-iki 180 metr\u0173. Galimas baltos \u0161viesos re\u017eimas, raudono lazerio re\u017eimas ir kombinuotas re\u017eimas, kuriame abu \u0161viesos \u0161altiniai yra aktyv\u016bs. Be to, baltai \u0161viesai taip pat yra stroboskopo funkcija. Lempos \u012fjungimas atliekamas persidengian\u010diais jungikliais, nukreiptais \u012f lempos gal\u0105 link pistoleto gaiduko. Lemp\u0105 galima perjungti \u012f nuolatin\u012f veikim\u0105 ir naudoti tik laikinam ap\u0161vietimui (lempa veikia tik laikant jungikl\u012f \u017eemyn). GL22 tvirtinamas prie pistoleto tvirtu mechaniniu u\u017eraktu ir turi tvirtinimo plok\u0161tes, tod\u0117l lempa suderinama tiek su Picatinny, tiek su glock standartiniais laikikliais. Gl22 korpusas pagamintas i\u0161 patvaraus aliuminio lydinio ir padengtas III tipo anodavimu. Maitinimo \u0161altiniui tinka standartin\u0117s 16340 li\u010dio jon\u0173 baterijos su dideliu atsparumu apkrovai ir PCB apsaugos mechanizmu (komplekte) bei auk\u0161tos kokyb\u0117s standartin\u0117s CR123A li\u010dio baterijos. Su lempa tiekiama baterija yra su mikro-USB tiesioginio \u012fkrovimo prievadu. Taigi nereikia tur\u0117ti papildomo \u012fkroviklio ar \u012fkrovimo \u012frengini\u0173. Feniksas GL22 turi IP66 apsaugos reiting\u0105 ir yra atsparus purvui, pa\u0161aliniam ir stipriam lietui.<\/p>\n<p>D\u0117mesio! Fenksas GL22 tinka daugumai standartinio dyd\u017eio pistolet\u0173 su glock arba MIL-STD-1913 (Picatinny) standartiniu laikikliu. Feniksas GL19R tinka tik keliems kompakti\u0161kiems pistoletams, tokiems kaip glock36 \/ Springfield standartiniai laikikliai. Feniksas GL22 netinka \u0161auli\u0173 ginklams su trumpais tvirtinimo \u012ftaisais arba be joki\u0173 tvirtinimo \u012ftais\u0173. Feniksas GL22 nesuderinamas su Sig Sauer, Taurus F&#038;N, CZ ir Smith&#038;Vesono kompakti\u0161kais modeliais su trumpomis rel\u0117mis arba be j\u0173.<\/p>\n","protected":false},"featured_media":144797,"template":"","meta":{"_acf_changed":false},"product_brand":[],"product_cat":[216],"product_tag":[],"class_list":{"0":"post-145966","1":"product","2":"type-product","3":"status-publish","4":"has-post-thumbnail","6":"product_cat-flashlight","8":"first","9":"instock","10":"purchasable","11":"product-type-simple"},"acf":[],"_links":{"self":[{"href":"https:\/\/kingarms.ee\/en\/wp-json\/wp\/v2\/product\/145966","targetHints":{"allow":["GET"]}}],"collection":[{"href":"https:\/\/kingarms.ee\/en\/wp-json\/wp\/v2\/product"}],"about":[{"href":"https:\/\/kingarms.ee\/en\/wp-json\/wp\/v2\/types\/product"}],"wp:featuredmedia":[{"embeddable":true,"href":"https:\/\/kingarms.ee\/en\/wp-json\/wp\/v2\/media\/144797"}],"wp:attachment":[{"href":"https:\/\/kingarms.ee\/en\/wp-json\/wp\/v2\/media?parent=145966"}],"wp:term":[{"taxonomy":"product_brand","embeddable":true,"href":"https:\/\/kingarms.ee\/en\/wp-json\/wp\/v2\/product_brand?post=145966"},{"taxonomy":"product_cat","embeddable":true,"href":"https:\/\/kingarms.ee\/en\/wp-json\/wp\/v2\/product_cat?post=145966"},{"taxonomy":"product_tag","embeddable":true,"href":"https:\/\/kingarms.ee\/en\/wp-json\/wp\/v2\/product_tag?post=145966"}],"curies":[{"name":"wp","href":"https:\/\/api.w.org\/{rel}","templated":true}]}}