{"id":145971,"date":"2025-02-22T20:47:36","date_gmt":"2025-02-22T17:47:36","guid":{"rendered":"https:\/\/kingarms.ee\/product\/fenix-gl23r\/"},"modified":"2025-07-27T16:58:48","modified_gmt":"2025-07-27T13:58:48","slug":"fenix-gl23r","status":"publish","type":"product","link":"https:\/\/kingarms.ee\/en\/product\/fenix-gl23r\/","title":{"rendered":"FENIKSAS GL23R"},"content":{"rendered":"","protected":false},"excerpt":{"rendered":"<p>Feniksas GL23R yra kompakti\u0161ka ir didelio na\u0161umo pistoleto lempa, be baltos \u0161viesos, turinti \u017eali\u0105 lazerio ta\u0161k\u0105. Fenikso GL23R maksimalus \u0161viesos intensyvumas yra 1200 liumen\u0173, o maksimalus \u0161viesos srauto diapazonas-iki 240 metr\u0173. Galimas baltos \u0161viesos re\u017eimas, raudono lazerio re\u017eimas ir kombinuotas re\u017eimas, kuriame abu \u0161viesos \u0161altiniai yra aktyv\u016bs. Lempos \u012fjungimas atliekamas persidengian\u010diais jungikliais, nukreiptais \u012f lempos gal\u0105 link pistoleto gaiduko. Lemp\u0105 galima perjungti \u012f nuolatin\u012f veikim\u0105 ir naudoti tik laikinam ap\u0161vietimui (lempa veikia tik laikant jungikl\u012f \u017eemyn). Kad b\u016bt\u0173 lengviau naudoti ir lengviau pritaikyti skirtingiems vartotojams ir ginklams, jo jungikliai yra kei\u010diami. \u012e serij\u0105 \u012ftraukta Pora standartinio dyd\u017eio jungikli\u0173, Pora \u017eemo profilio jungikli\u0173 ir pora i\u0161pl\u0117stinio profilio jungikli\u0173. GL23R tvirtinamas prie pistoleto su stipriu mechaniniu u\u017eraktu ir turi tvirtinimo plok\u0161t\u0119, tod\u0117l lempa tinka tiek Picatinny, tiek Glock standartiniams laikikliams. Gl23r korpusas pagamintas i\u0161 patvaraus aliuminio lydinio ir padengtas III tipo anodavimu. Maitinimo \u0161altinis yra standartinio pakrovimo Tipo 18350 li\u010dio jon\u0173 akumuliatorius (Feniksas ARB-L18-1100), prie kurio Feniksas prid\u0117jo papildom\u0105 apsaugin\u012f modul\u012f nuo perkrovimo, nepakankamo \u012fkrovimo, perkaitimo, vir\u0161\u012ftampio ir trumpojo jungimo jungties. Norint \u012fkrauti, nereikia atjungti akumuliatoriaus nuo lempos. Lempoje yra integruotas USB-C \u012fkrovimo prievadas, skirtas tiesioginiam \u012fkrovimui. Feniksas GL23R yra oro ir vandeniui atsparus \u0161viestuvas su IP66 apsaugos klase.<\/p>\n<p>D\u0117mesio! Fenksas GL23R tinka daugumai standartinio dyd\u017eio pistolet\u0173 su glock arba MIL-STD-1913 (Picatinny) standartiniu laikikliu. Feniksas GL23R tinka tik keliems kompakti\u0161kiems pistoletams, tokiems kaip glock36 \/ Springfield DK standartiniai laikikliai. Feniksas GL23R netinka ma\u017eo skersmens \u0161autuvams su trumpu tvirtinimo ta\u0161ku arba be jokio tvirtinimo ta\u0161ko. Feniksas GL22 nesuderinamas su Sig Sauer, Taurus F&#038;N, CZ ir Smith&#038;Vesono kompakti\u0161kais modeliais su trumpomis rel\u0117mis arba be j\u0173.<\/p>\n","protected":false},"featured_media":144803,"template":"","meta":{"_acf_changed":false},"product_brand":[],"product_cat":[216],"product_tag":[],"class_list":{"0":"post-145971","1":"product","2":"type-product","3":"status-publish","4":"has-post-thumbnail","6":"product_cat-flashlight","8":"first","9":"instock","10":"purchasable","11":"product-type-simple"},"acf":[],"_links":{"self":[{"href":"https:\/\/kingarms.ee\/en\/wp-json\/wp\/v2\/product\/145971","targetHints":{"allow":["GET"]}}],"collection":[{"href":"https:\/\/kingarms.ee\/en\/wp-json\/wp\/v2\/product"}],"about":[{"href":"https:\/\/kingarms.ee\/en\/wp-json\/wp\/v2\/types\/product"}],"wp:featuredmedia":[{"embeddable":true,"href":"https:\/\/kingarms.ee\/en\/wp-json\/wp\/v2\/media\/144803"}],"wp:attachment":[{"href":"https:\/\/kingarms.ee\/en\/wp-json\/wp\/v2\/media?parent=145971"}],"wp:term":[{"taxonomy":"product_brand","embeddable":true,"href":"https:\/\/kingarms.ee\/en\/wp-json\/wp\/v2\/product_brand?post=145971"},{"taxonomy":"product_cat","embeddable":true,"href":"https:\/\/kingarms.ee\/en\/wp-json\/wp\/v2\/product_cat?post=145971"},{"taxonomy":"product_tag","embeddable":true,"href":"https:\/\/kingarms.ee\/en\/wp-json\/wp\/v2\/product_tag?post=145971"}],"curies":[{"name":"wp","href":"https:\/\/api.w.org\/{rel}","templated":true}]}}