{"id":145976,"date":"2025-02-22T20:47:36","date_gmt":"2025-02-22T17:47:36","guid":{"rendered":"https:\/\/kingarms.ee\/product\/fenix-hl16\/"},"modified":"2025-07-27T16:58:47","modified_gmt":"2025-07-27T13:58:47","slug":"fenix-hl16","status":"publish","type":"product","link":"https:\/\/kingarms.ee\/en\/product\/fenix-hl16\/","title":{"rendered":"FENIKSAS HL16"},"content":{"rendered":"","protected":false},"excerpt":{"rendered":"<p>Feniksas HL16 yra paprastas, lengvas ir kompakti\u0161kas priekinis \u017eibintas. Jame yra trys AAA patere (komplekte) arba baterijomis maitinamos lempos, kuri\u0173 maksimalus \u0161viesos intensyvumas yra iki 450 liumen\u0173, o \u0161viesos srauto diapazonas-iki 104 metr\u0173. Be to, \u0161viestuvas turi antrin\u012f raudonos \u0161viesos element\u0105 su ma\u017eesniu \u0161viesos intensyvumu. Lempos veikim\u0105 valdo jungiklis, sumontuotas ant \u012flankos lempos vir\u0161aus, ir i\u0161 viso yra keturi baltos \u0161viesos intensyvumai (450lm, 150lm, 50Lm, 5lm), 5lm raudonos \u0161viesos re\u017eimas ir 5lm raudonos SOS re\u017eimas. Feniksas hl16r pagamintas i\u0161 auk\u0161tos kokyb\u0117s plastiko ir sveria vos 97,2 gramo su trimis AAA baterijomis ir galvos juosta. Galvos juosta yra platesn\u0117 nei \u012fprasta galvos juosta (36 mm) ir perforuota, kad b\u016bt\u0173 u\u017etikrintas geresnis med\u017eiagos \u012fvertinimas. Galvos apdangal\u0105 galima lengvai ir greitai nuimti skalbimui arba pakeisti, jei jis d\u0117vimas. Feniksas HL16 taip pat turi u\u017erakto re\u017eim\u0105, kuris apsaugo nuo nenumatyto u\u017evedimo, lempos galvut\u0117 reguliuojama auk\u0161tyn ir \u017eemyn iki 60 laipsni\u0173, lempa i\u0161laik\u0117 kritimo test\u0105 nuo 1,5 metro i\u0161 vis\u0173 \u0161e\u0161i\u0173 pusi\u0173 ir turi IP66 apsaugos reiting\u0105.<\/p>\n","protected":false},"featured_media":144815,"template":"","meta":{"_acf_changed":false},"product_brand":[],"product_cat":[216],"product_tag":[],"class_list":{"0":"post-145976","1":"product","2":"type-product","3":"status-publish","4":"has-post-thumbnail","6":"product_cat-flashlight","8":"first","9":"instock","10":"purchasable","11":"product-type-simple"},"acf":[],"_links":{"self":[{"href":"https:\/\/kingarms.ee\/en\/wp-json\/wp\/v2\/product\/145976","targetHints":{"allow":["GET"]}}],"collection":[{"href":"https:\/\/kingarms.ee\/en\/wp-json\/wp\/v2\/product"}],"about":[{"href":"https:\/\/kingarms.ee\/en\/wp-json\/wp\/v2\/types\/product"}],"wp:featuredmedia":[{"embeddable":true,"href":"https:\/\/kingarms.ee\/en\/wp-json\/wp\/v2\/media\/144815"}],"wp:attachment":[{"href":"https:\/\/kingarms.ee\/en\/wp-json\/wp\/v2\/media?parent=145976"}],"wp:term":[{"taxonomy":"product_brand","embeddable":true,"href":"https:\/\/kingarms.ee\/en\/wp-json\/wp\/v2\/product_brand?post=145976"},{"taxonomy":"product_cat","embeddable":true,"href":"https:\/\/kingarms.ee\/en\/wp-json\/wp\/v2\/product_cat?post=145976"},{"taxonomy":"product_tag","embeddable":true,"href":"https:\/\/kingarms.ee\/en\/wp-json\/wp\/v2\/product_tag?post=145976"}],"curies":[{"name":"wp","href":"https:\/\/api.w.org\/{rel}","templated":true}]}}