{"id":145991,"date":"2025-02-22T20:47:36","date_gmt":"2025-02-22T17:47:36","guid":{"rendered":"https:\/\/kingarms.ee\/product\/fenix-hm60r\/"},"modified":"2025-07-27T16:58:47","modified_gmt":"2025-07-27T13:58:47","slug":"fenix-hm60r","status":"publish","type":"product","link":"https:\/\/kingarms.ee\/en\/product\/fenix-hm60r\/","title":{"rendered":"FENIKSAS HM60R"},"content":{"rendered":"","protected":false},"excerpt":{"rendered":"<p>Feniksas HM60R yra ma\u017eesnis didesnio modelio hm70r brolis.nors i\u0161ori\u0161kai lempos yra beveik identi\u0161kos (V. a Dydis), tai yra du labai skirtingi gaminiai pagal turin\u012f ir charakteristikas. HM70R yra sukurtas ir pritaikytas pirmiausia profesionaliam naudojimui pramon\u0117je ir situacijose, kai reikalingas labai didelis na\u0161umas. HM60R pirmiausia skirtas aktyviam \u017emogui, kuris daug juda lauke. Tai idealus priekinis \u017eibintas \u017eygiams p\u0117s\u010diomis, kelion\u0117ms, \u017eygiams p\u0117s\u010diomis, vakariniams pasivaik\u0161\u010diojimams ir lengvoms mank\u0161tai lauke.<\/p>\n<p>Feniksas HM60R yra kompakti\u0161kas priekinis \u017eibintas, sukurtas taip, kad, atsi\u017evelgiant \u012f jo dyd\u012f, tarp \u012fkrovim\u0173 b\u016bt\u0173 labai ilgas veikimo laikas, ypa\u010d naudojant centrinius \u017eibintus. Nor\u0117dami tai pasiekti, pagrindin\u0117je lempoje yra tik \u0161iam modeliui b\u016bdingas i\u0161manusis judesio jutiklis (naudojant sud\u0117ting\u0105 terminologijos da\u017enio jutimo ry\u0161kumo technologij\u0105). Id\u0117ja yra ta, kad \u0161viesos b\u016bsenos vidurkiai keturiuose lempos ta\u0161kuose, kurie da\u017eniausiai naudojami lauko veiklai aktyviau nei \u012fprastai, turi automati\u0161kai kintam\u0105 \u0161viesos intensyvum\u0105. Hm60r skaito \u017eingsnius ir supranta, kaip aktyviai \u017emogus juda, ir atitinkamai reguliuoja \u0161viesos intensyvum\u0105. Pavyzd\u017eiui, standartini\u0173 \u017eingsni\u0173 skai\u010dius 350lm re\u017eimu yra 220 \u017eingsni\u0173 per minut\u0119. Nuo 150 iki 220 \u017eingsni\u0173 per minut\u0119 lempos \u0161viesumas padid\u0117ja iki 150 procent\u0173 pradinio \u0161viesos intensyvumo, t.Y. iki 525 liumen\u0173. Ta\u010diau jei \u017eingsnio intensyvumas suma\u017e\u0117ja nuo 150 \u017eingsni\u0173 iki 80 \u017eingsni\u0173 per minut\u0119, darbo re\u017eimo \u0161viesos intensyvumas suma\u017e\u0117ja iki 70% pradinio arba bent 245 liumen\u0173. Pagal t\u0105 pat\u012f algoritm\u0105 Automatinis \u0161viesos intensyvumo valdymas veikia ir 130lm darbo re\u017eimu. \u0160viesos intensyvumo keitimas \u012fvyksta su 10 sekund\u017ei\u0173 v\u0117lavimu ir yra pakankamai sklandus, kad vartotojas gal\u0117t\u0173 lengvai j\u012f aptikti, tuo pa\u010diu pad\u0117damas taupyti akumuliatori\u0173, jei \u012fmanoma, ir padidinti \u0161viesos intensyvum\u0105, kai padid\u0117ja vartotojo greitis. Automatinis \u0161viesos intensyvumo valdymas n\u0117ra aktyvus beveik Darbo i\u0161sklaidytos \u0161viesos re\u017eimu, raudonos \u0161viesos re\u017eimu arba ta\u0161kin\u0117s \u0161viesos minimaliu ir maksimaliu re\u017eimu HM60R. kitas unikalus hm60r bruo\u017eas yra ta\u0161kinio \u017eibinto optikos vir\u0161uje esantis pj\u016bvis, kuris iki \u0161iol buvo naudojamas tik dvira\u010di\u0173 lempose. Tai u\u017etikrina, kad kai naudojama ta\u0161kin\u0117 \u0161viesa (t.Y. kai ap\u0161vie\u010diami tolimi objektai), dalis \u0161viesos atsispindi nuo lempos vartotojo koj\u0173. Tai padidina vartotojo saugum\u0105 situacijose, kai reikia \u017ei\u016br\u0117ti \u012f tolimus objektus nuo judesio (pvz., b\u0117giojimas ir b\u0117gimas krosu) ir tuo pa\u010diu u\u017etikrina dalin\u012f vadinamosios darbo zonos ap\u0161vietim\u0105 \u0161alia j\u016bs\u0173.<\/p>\n<p>Suprantama, kad HM60R turi atskir\u0105 optik\u0105, skirt\u0105 ap\u0161viesti tolimus objektus, taip pat darbui i\u0161 arti. Pirmasis yra su gryna balta \u0161viesa, o antrasis-su neutralia balta \u0161viesa, kuri pagerina spalv\u0173 pralaidum\u0105 ir suma\u017eina aki\u0173 nuovarg\u012f dirbtinio ap\u0161vietimo s\u0105lygomis. Be to, \u0161viestuvas turi du raudonus LED elementus. HM60R slepia pla\u010diai paplitusi\u0105 18650 tipo li\u010dio jon\u0173 baterij\u0105 (kei\u010diam\u0105). Akumuliatoriaus nereikia i\u0161imti i\u0161 lempos, kad b\u016bt\u0173 galima \u012fkrauti. \u012ekrovimas atliekamas per standartin\u012f USB-C kabel\u012f, integruot\u0105 \u012f \u0161viestuv\u0105 ir apsaugot\u0105 metaliniu dangteliu. HM60R yra visi\u0161kai atsparus vandeniui ir oro s\u0105lygoms, jo maksimalus apsaugos laipsnis yra IP68 ir buvo i\u0161bandytas d\u0117l atsparumo sm\u016bgiams kritimui i\u0161 iki 2 metr\u0173 auk\u0161\u010dio.  Fenikso hm60r maksimalus \u0161viesos intensyvumas yra 1300 liumen\u0173, o maksimalus \u0161viesos srauto diapazonas-116 metr\u0173. HM60R i\u0161 viso turi \u0161e\u0161is skirtingus baltos \u0161viesos re\u017eimus (\u012fskaitant ta\u0161kin\u0117s ir difuzin\u0117s \u0161viesos re\u017eimus), raudonos \u0161viesos re\u017eim\u0105 ir raudonos \u0161viesos SOS funkcij\u0105.<\/p>\n<p>Feniksas HM60R kiti techniniai sprendimai yra: at\u0161vaitas gr\u016bdintas ir neatspindintis apsauginis stiklas, \u012fkrovimo prievadas apsaugotas metaliniu \u017eiedu, palaiko greit\u0105 \u012fkrovim\u0105 iki 1,5 A, didelis pir\u0161tin\u0117mis valdomas jungiklis, skaitmeniniu b\u016bdu reguliuojama grandin\u0117 stabiliam \u0161viesos srautui, akumuliatoriaus \u012fkrovos indikatorius, akumuliatoriaus \u012fkrovos lygio indikatorius, perforuota ir kv\u0117puojanti galvos juosta, \u0161vies\u0105 atspindintys elementai galvos juostoje, auk\u0161tyn ir \u017eemyn reguliuojamas 180 laipsni\u0173 galvos juostos laikiklyje, atsparus vandeniui, atsparus oro s\u0105lygoms, i\u0161bandytas su atsparumu sm\u016bgiams iki 2m, maksimalus apsaugos \u012fvertinimas yra IP68, skirtas naudoti -35 temperat\u016broje&#8230;+ 45 laipsni\u0173. Feniksas MH60R, kaip ir visi kiti priekiniai \u017eibintai i\u0161 HM ir HP serijos Feniksas, bus pristatytas visas. Be lempos, pristatymo Pakuot\u0117je yra galvos juosta, 3400 mAh Tipo 18650 li\u010dio jon\u0173 baterija, \u012ekrovimo priedai, atsarginis sandarinimo \u017eiedas ir vadovas. Laisvai stovint\u012f \u0161almo laikikl\u012f (\u0161viestuvui pritvirtinti prie \u0161almo be galvos juostos) galima \u012fsigyti atskirai.<\/p>\n","protected":false},"featured_media":144833,"template":"","meta":{"_acf_changed":false},"product_brand":[],"product_cat":[216],"product_tag":[],"class_list":{"0":"post-145991","1":"product","2":"type-product","3":"status-publish","4":"has-post-thumbnail","6":"product_cat-flashlight","8":"first","9":"instock","10":"purchasable","11":"product-type-simple"},"acf":[],"_links":{"self":[{"href":"https:\/\/kingarms.ee\/en\/wp-json\/wp\/v2\/product\/145991","targetHints":{"allow":["GET"]}}],"collection":[{"href":"https:\/\/kingarms.ee\/en\/wp-json\/wp\/v2\/product"}],"about":[{"href":"https:\/\/kingarms.ee\/en\/wp-json\/wp\/v2\/types\/product"}],"wp:featuredmedia":[{"embeddable":true,"href":"https:\/\/kingarms.ee\/en\/wp-json\/wp\/v2\/media\/144833"}],"wp:attachment":[{"href":"https:\/\/kingarms.ee\/en\/wp-json\/wp\/v2\/media?parent=145991"}],"wp:term":[{"taxonomy":"product_brand","embeddable":true,"href":"https:\/\/kingarms.ee\/en\/wp-json\/wp\/v2\/product_brand?post=145991"},{"taxonomy":"product_cat","embeddable":true,"href":"https:\/\/kingarms.ee\/en\/wp-json\/wp\/v2\/product_cat?post=145991"},{"taxonomy":"product_tag","embeddable":true,"href":"https:\/\/kingarms.ee\/en\/wp-json\/wp\/v2\/product_tag?post=145991"}],"curies":[{"name":"wp","href":"https:\/\/api.w.org\/{rel}","templated":true}]}}