{"id":146002,"date":"2025-02-22T20:47:36","date_gmt":"2025-02-22T17:47:36","guid":{"rendered":"https:\/\/kingarms.ee\/product\/fenix-hm61r-v2-0-pealambi-magnetlaadimiskaabel\/"},"modified":"2025-07-27T16:58:46","modified_gmt":"2025-07-27T13:58:46","slug":"fenix-hm61r-v2-0-pealambi-magnetlaadimiskaabel","status":"publish","type":"product","link":"https:\/\/kingarms.ee\/en\/product\/fenix-hm61r-v2-0-pealambi-magnetlaadimiskaabel\/","title":{"rendered":"Feniksas HM61R V2. 0 pagrindin\u0117s lempos magnetinis \u012fkrovimo laidas"},"content":{"rendered":"","protected":false},"excerpt":{"rendered":"<p>\u012ekrovimo kabelis Feniksas HM61R v2. 0 priekini\u0173 \u017eibint\u0173. Maitinimo \u0161altinio \u0161oninis galas su USB-A antgaliu.<\/p>\n<p>Tinka: HM61R v2. 0 priekiniai \u017eibintai&#8221;<\/p>\n","protected":false},"featured_media":145001,"template":"","meta":{"_acf_changed":false},"product_brand":[],"product_cat":[216],"product_tag":[],"class_list":{"0":"post-146002","1":"product","2":"type-product","3":"status-publish","4":"has-post-thumbnail","6":"product_cat-flashlight","8":"first","9":"instock","10":"purchasable","11":"product-type-simple"},"acf":[],"_links":{"self":[{"href":"https:\/\/kingarms.ee\/en\/wp-json\/wp\/v2\/product\/146002","targetHints":{"allow":["GET"]}}],"collection":[{"href":"https:\/\/kingarms.ee\/en\/wp-json\/wp\/v2\/product"}],"about":[{"href":"https:\/\/kingarms.ee\/en\/wp-json\/wp\/v2\/types\/product"}],"wp:featuredmedia":[{"embeddable":true,"href":"https:\/\/kingarms.ee\/en\/wp-json\/wp\/v2\/media\/145001"}],"wp:attachment":[{"href":"https:\/\/kingarms.ee\/en\/wp-json\/wp\/v2\/media?parent=146002"}],"wp:term":[{"taxonomy":"product_brand","embeddable":true,"href":"https:\/\/kingarms.ee\/en\/wp-json\/wp\/v2\/product_brand?post=146002"},{"taxonomy":"product_cat","embeddable":true,"href":"https:\/\/kingarms.ee\/en\/wp-json\/wp\/v2\/product_cat?post=146002"},{"taxonomy":"product_tag","embeddable":true,"href":"https:\/\/kingarms.ee\/en\/wp-json\/wp\/v2\/product_tag?post=146002"}],"curies":[{"name":"wp","href":"https:\/\/api.w.org\/{rel}","templated":true}]}}