{"id":146017,"date":"2025-02-22T20:47:36","date_gmt":"2025-02-22T17:47:36","guid":{"rendered":"https:\/\/kingarms.ee\/product\/fenix-hm62-t-magma\/"},"modified":"2025-07-27T16:58:42","modified_gmt":"2025-07-27T13:58:42","slug":"fenix-hm62-t-magma","status":"publish","type":"product","link":"https:\/\/kingarms.ee\/en\/product\/fenix-hm62-t-magma\/","title":{"rendered":"FENIKSAS HM62-T MAGMA"},"content":{"rendered":"","protected":false},"excerpt":{"rendered":"<p>Feniksas HM62-t yra paprastas, tvirtas ir lengvas profesionalus priekinis \u017eibintas, skirtas kasdieniam naudojimui. D\u0117l lengvo svorio ir pla\u010dios sportui tinkamos galvos juostos \u0161viestuvas tinka ir k\u016bno rengybos entuziastams. Did\u017eiausias Fenikso hm62-t privalumas, be kokyb\u0117s ir patikimumo, yra jo LED elementas su neutralia balta \u0161viesa. \u0160viesos temperat\u016bra 4500&#8230;5000k palieka nagrin\u0117jamo objekto spalvas nat\u016bralias ir geriau i\u0161ry\u0161kina ap\u0161viesto objekto detales. Did\u017eiausias \u0161viesos intensyvumas yra 1200 liumen\u0173, o \u0161viesos srauto diapazonas &#8211; iki 150 metr\u0173. Be baltos \u0161viesos, taip pat yra antrinis raudonos \u0161viesos LED elementas, kurio \u0161viesos intensyvumas yra 5 liumenai. I\u0161 viso yra keturi baltos \u0161viesos stiprumai, raudonos \u0161viesos ir raudonos mirksin\u010dios \u0161viesos re\u017eimas. Feniksas hm62-T yra standartinis su kei\u010diama 18650 tipo li\u010dio jon\u0173 baterija, kuri \u012fkraunama tiesiai \u012f akumuliatori\u0173 per integruot\u0105 USB-C \u012fkrovimo lizd\u0105. Be to, lemp\u0105 taip pat galima naudoti su vienkartin\u0117mis CR123A li\u010dio baterijomis. Komplekte yra 3400 mAh baterija ir standartinis USB &#8211; C \u012fkrovimo laidas. Feniksas HM62 &#8211; T yra pagamintas i\u0161 lengvo auk\u0161tos kokyb\u0117s magnio lydinio, kad b\u016bt\u0173 u\u017etikrintas minimalus svoris ir maksimalus stiprumas. \u0160viestuvas yra visi\u0161kai atsparus vandeniui ir oro s\u0105lygoms &#8211; jo maksimali apsaugos klas\u0117 yra IP68 2M ir turi didel\u012f bei patog\u0173 \u0161onin\u012f jungikl\u012f. Be to, HM62-T turi elektronin\u0119 apsaugos funkcij\u0105 atsitiktiniam paleidimui, mygtuk\u0105 reguliuojam\u0105 sportin\u012f galvos apdangal\u0105, maitinimo \u0161altinio \u012fkrovimo lyg\u012f ir \u012fkrovimo indikatori\u0173. Galima \u012fsigyti tiek su standartiniu juodu anodavimu, tiek su juodos-raudonos-violetin\u0117s spalvos deriniu priekyje (Modelis Magma).<\/p>\n","protected":false},"featured_media":144851,"template":"","meta":{"_acf_changed":false},"product_brand":[],"product_cat":[216],"product_tag":[],"class_list":{"0":"post-146017","1":"product","2":"type-product","3":"status-publish","4":"has-post-thumbnail","6":"product_cat-flashlight","8":"first","9":"instock","10":"purchasable","11":"product-type-simple"},"acf":[],"_links":{"self":[{"href":"https:\/\/kingarms.ee\/en\/wp-json\/wp\/v2\/product\/146017","targetHints":{"allow":["GET"]}}],"collection":[{"href":"https:\/\/kingarms.ee\/en\/wp-json\/wp\/v2\/product"}],"about":[{"href":"https:\/\/kingarms.ee\/en\/wp-json\/wp\/v2\/types\/product"}],"wp:featuredmedia":[{"embeddable":true,"href":"https:\/\/kingarms.ee\/en\/wp-json\/wp\/v2\/media\/144851"}],"wp:attachment":[{"href":"https:\/\/kingarms.ee\/en\/wp-json\/wp\/v2\/media?parent=146017"}],"wp:term":[{"taxonomy":"product_brand","embeddable":true,"href":"https:\/\/kingarms.ee\/en\/wp-json\/wp\/v2\/product_brand?post=146017"},{"taxonomy":"product_cat","embeddable":true,"href":"https:\/\/kingarms.ee\/en\/wp-json\/wp\/v2\/product_cat?post=146017"},{"taxonomy":"product_tag","embeddable":true,"href":"https:\/\/kingarms.ee\/en\/wp-json\/wp\/v2\/product_tag?post=146017"}],"curies":[{"name":"wp","href":"https:\/\/api.w.org\/{rel}","templated":true}]}}