{"id":146022,"date":"2025-02-22T20:47:36","date_gmt":"2025-02-22T17:47:36","guid":{"rendered":"https:\/\/kingarms.ee\/product\/fenix-hm65r\/"},"modified":"2025-07-27T16:58:41","modified_gmt":"2025-07-27T13:58:41","slug":"fenix-hm65r","status":"publish","type":"product","link":"https:\/\/kingarms.ee\/en\/product\/fenix-hm65r\/","title":{"rendered":"FENIKSAS HM65R"},"content":{"rendered":"","protected":false},"excerpt":{"rendered":"<p>Feniksas HM65R yra tikrai novatori\u0161kas, kompakti\u0161kas, didelio na\u0161umo ir labai lengvas tiesioginio \u012fkrovimo \u0161viestuvas, kurio akumuliatoriaus dydis yra 18650. Skirtingai nuo kit\u0173 profesionali\u0173 priekini\u0173 \u017eibint\u0173 ir \u017eibintuv\u0117li\u0173, hm65r korpusas pagamintas i\u0161 magnio, kad b\u016bt\u0173 galima papildomai sutaupyti 32% t\u016brio vienetui, palyginti su aliuminiu. Paties Hm65r svoris be maitinimo \u0161altinio ir galvos juostos yra tik 69,5 gramo. D\u0117l savo dizaino ir lengvo svorio HM65R gali b\u016bti naudojamas \u012fvairiems tikslams-nuo b\u0117gimo, slidin\u0117jimo ir va\u017eiavimo dvira\u010diu iki darbo, \u017eygi\u0173 p\u0117s\u010diomis ir \u0161alm\u0173 lemp\u0173. \u0160viestuvas turi dvi atskiras optikas, kurios valdomos atskirais jungikliais ir sujungtos. Did\u017eiausia i\u0161 j\u0173 yra baltos \u0161viesos ta\u0161kin\u0117s \u0161viesos optika, kurios \u0161viesumas yra iki 1000 liumen\u0173, o \u0161viesos srauto diapazonas-iki 163 metr\u0173. Antroji, ma\u017eesn\u0117 optika, yra plati neutrali balta \u0161viesos tono i\u0161sklaidyta \u0161viesa (tir) optika, kurios \u0161viesumas yra iki 400 liumen\u0173. I\u0161sklaidyta \u0161viesa skirta patogiam darbui i\u0161 arti. Ta\u0161kin\u0117s \u0161viesos re\u017eimu i\u0161 viso yra keturi skirtingi \u0161viesos i\u0161\u0117jimai, o difuzin\u0117s \u0161viesos re\u017eimu-trys \u0161viesos i\u0161\u0117jimai. Tiek Ta\u0161kin\u0117, tiek i\u0161sklaidyta \u0161viesa gali b\u016bti valdoma atskirai arba derinama, kad b\u016bt\u0173 pasiektas maksimalus 1400 liumen\u0173 intensyvumas. HM65R yra visi\u0161kai atsparus vandeniui (apsaugos klas\u0117 IP68), atsparumas sm\u016bgiams i\u0161bandytas iki 2 metr\u0173, \u012fkraunamas tiesiogiai USB-C kabeliu ir turi kei\u010diam\u0105 3500 mAh Li\u010dio jon\u0173 baterij\u0105. Jei reikia, lemp\u0105 taip pat galima naudoti su vienkartin\u0117mis CR123A li\u010dio baterijomis, pasi\u017eymin\u010diomis dideliu atsparumu \u0161al\u010diui. Kartu su lempa esanti galvos juosta yra perforuota, kad b\u016bt\u0173 u\u017etikrintas maksimalus kv\u0117pavimas, su juostele vir\u0161 galvos ir atspindin\u010diais elementais. D\u0117l linijinio \u0161viesos stabilizavimo hm65r turi ypa\u010d ilg\u0105 veikimo laik\u0105 skirtingais darbo re\u017eimais.<\/p>\n<p>Be to, HM65R turi akumuliatoriaus \u012fkrovos lygio indikatori\u0173, \u012fkrovimo indikatori\u0173, jungiklio fiksavimo funkcij\u0105, \u012fmontuot\u0105 apsaug\u0105 nuo perkaitimo ir apsaug\u0105 nuo atvirk\u0161tinio poli\u0161kumo. Be lempos, visame rinkinyje yra 3500 mAh Tipo 18650 li\u010dio jon\u0173 baterija, pagrindinis pagrindo rinkinys, USB-C \u012fkrovimo laidas, atsarginis o \u017eiedas ir vartotojo vadovas.<\/p>\n","protected":false},"featured_media":144857,"template":"","meta":{"_acf_changed":false},"product_brand":[],"product_cat":[216],"product_tag":[],"class_list":{"0":"post-146022","1":"product","2":"type-product","3":"status-publish","4":"has-post-thumbnail","6":"product_cat-flashlight","8":"first","9":"instock","10":"purchasable","11":"product-type-simple"},"acf":[],"_links":{"self":[{"href":"https:\/\/kingarms.ee\/en\/wp-json\/wp\/v2\/product\/146022","targetHints":{"allow":["GET"]}}],"collection":[{"href":"https:\/\/kingarms.ee\/en\/wp-json\/wp\/v2\/product"}],"about":[{"href":"https:\/\/kingarms.ee\/en\/wp-json\/wp\/v2\/types\/product"}],"wp:featuredmedia":[{"embeddable":true,"href":"https:\/\/kingarms.ee\/en\/wp-json\/wp\/v2\/media\/144857"}],"wp:attachment":[{"href":"https:\/\/kingarms.ee\/en\/wp-json\/wp\/v2\/media?parent=146022"}],"wp:term":[{"taxonomy":"product_brand","embeddable":true,"href":"https:\/\/kingarms.ee\/en\/wp-json\/wp\/v2\/product_brand?post=146022"},{"taxonomy":"product_cat","embeddable":true,"href":"https:\/\/kingarms.ee\/en\/wp-json\/wp\/v2\/product_cat?post=146022"},{"taxonomy":"product_tag","embeddable":true,"href":"https:\/\/kingarms.ee\/en\/wp-json\/wp\/v2\/product_tag?post=146022"}],"curies":[{"name":"wp","href":"https:\/\/api.w.org\/{rel}","templated":true}]}}