{"id":146061,"date":"2025-02-22T20:47:14","date_gmt":"2025-02-22T17:47:14","guid":{"rendered":"https:\/\/kingarms.ee\/product\/fenix-c7\/"},"modified":"2025-07-27T16:58:38","modified_gmt":"2025-07-27T13:58:38","slug":"fenix-c7","status":"publish","type":"product","link":"https:\/\/kingarms.ee\/en\/product\/fenix-c7\/","title":{"rendered":"Feniksas C7"},"content":{"rendered":"","protected":false},"excerpt":{"rendered":"<p>Feniksas C7 yra prieinamas, patvarus, paprastas ir galingas Universalus \u017eibintuv\u0117lis. C7 pirmiausia skirtas kasdieniam profesionaliam naudojimui lauko s\u0105lygomis. Fenikso C7 maksimalus \u0161viesos intensyvumas yra 3000 liumen\u0173, o maksimalus \u0161viesos srauto diapazonas-470 metr\u0173. I\u0161 viso yra penki \u0161viesos intensyvumai nuo 30 iki 3000 lm. Patogus \u0161oninis jungiklis naudojamas lempai prijungti prie veikimo ir perjungimo re\u017eim\u0173. Lempa naudoja naujos kartos didel\u0117s talpos 21700 tipo li\u010dio jon\u0173 baterij\u0105. Komplekte yra 5000 mAh talpos baterija. Nor\u0117dami \u012fkrauti akumuliatori\u0173, lempos \u0161one yra integruotas USB-C \u012fkrovimo lizdas, kuris taip pat leid\u017eia greitai \u012fkrauti (5000 mAh baterij\u0105 visi\u0161kai \u012fkrauti tinkamu maitinimo \u0161altiniu u\u017etrunka 3 valandas). Be to, lempoje yra maitinimo \u0161altinio \u012fkrovos lygio indikatorius, integruotas \u012f jungikl\u012f, leid\u017eiantis realiu laiku steb\u0117ti akumuliatoriaus \u012fkrovos lyg\u012f. Fenikso C7 korpusas yra visi\u0161kai pagamintas i\u0161 anoduoto aliuminio lydinio ir su sandarinimo \u017eiedo sandarikliais, u\u017etikrinan\u010diais atsparum\u0105 vandeniui ir oro s\u0105lygoms. Lempos maksimalus apsaugos laipsnis yra IP68, o atsparumas vandeniui iki 2 metr\u0173 gylio buvo i\u0161bandytas per 4 valandas. Feniksas C7 yra labai atsparus tiek kar\u0161tam, tiek \u0161altam. Be to, lempos gale esan\u010dioje dang\u010dio ver\u017el\u0117je yra pasl\u0117ptas magnetas, kuris turi didel\u0119 gravitacin\u0119 trauk\u0105, leid\u017eian\u010di\u0105 lemp\u0105 pritvirtinti prie feromagnetini\u0173 pavir\u0161i\u0173. Tai leid\u017eia \u017eibintuv\u0117l\u012f greitai paversti laisv\u0173 rank\u0173 darbo lempute. Tarp labiausiai paplitusi\u0173 technini\u0173 savybi\u0173 Feniksas C7 taip pat turi lempos u\u017erakinimo funkcij\u0105, kad b\u016bt\u0173 i\u0161vengta nenumatyto paleidimo, automatin\u0119 lempos veikimo temperat\u016bros sistem\u0105, apsaugan\u010di\u0105 nuo perkaitimo, Maitinimo \u0161altinio \u012fkrovimo proceso indikatori\u0173, paskutinio \u0161viesos intensyvumo atminties funkcij\u0105, pasl\u0117pt\u0105 strob\u0105 ir SOS re\u017eim\u0105 bei kritin\u0119 ma\u017eo akumuliatoriaus \u012fkrovimo \u012fsp\u0117jimo funkcij\u0105 per \u0161viesos signal\u0105. Feniksas C7 skirtas tiems, kuriems reikia paprasto, tvirto ir patvaraus \u012frankio kasdieniam naudojimui.<\/p>\n","protected":false},"featured_media":144689,"template":"","meta":{"_acf_changed":false},"product_brand":[],"product_cat":[216],"product_tag":[],"class_list":{"0":"post-146061","1":"product","2":"type-product","3":"status-publish","4":"has-post-thumbnail","6":"product_cat-flashlight","8":"first","9":"instock","10":"purchasable","11":"product-type-simple"},"acf":[],"_links":{"self":[{"href":"https:\/\/kingarms.ee\/en\/wp-json\/wp\/v2\/product\/146061","targetHints":{"allow":["GET"]}}],"collection":[{"href":"https:\/\/kingarms.ee\/en\/wp-json\/wp\/v2\/product"}],"about":[{"href":"https:\/\/kingarms.ee\/en\/wp-json\/wp\/v2\/types\/product"}],"wp:featuredmedia":[{"embeddable":true,"href":"https:\/\/kingarms.ee\/en\/wp-json\/wp\/v2\/media\/144689"}],"wp:attachment":[{"href":"https:\/\/kingarms.ee\/en\/wp-json\/wp\/v2\/media?parent=146061"}],"wp:term":[{"taxonomy":"product_brand","embeddable":true,"href":"https:\/\/kingarms.ee\/en\/wp-json\/wp\/v2\/product_brand?post=146061"},{"taxonomy":"product_cat","embeddable":true,"href":"https:\/\/kingarms.ee\/en\/wp-json\/wp\/v2\/product_cat?post=146061"},{"taxonomy":"product_tag","embeddable":true,"href":"https:\/\/kingarms.ee\/en\/wp-json\/wp\/v2\/product_tag?post=146061"}],"curies":[{"name":"wp","href":"https:\/\/api.w.org\/{rel}","templated":true}]}}