{"id":146067,"date":"2025-02-22T20:47:14","date_gmt":"2025-02-22T17:47:14","guid":{"rendered":"https:\/\/kingarms.ee\/product\/fenix-cl27r\/"},"modified":"2025-07-27T16:58:38","modified_gmt":"2025-07-27T13:58:38","slug":"fenix-cl27r","status":"publish","type":"product","link":"https:\/\/kingarms.ee\/en\/product\/fenix-cl27r\/","title":{"rendered":"CL27R"},"content":{"rendered":"","protected":false},"excerpt":{"rendered":"<p>Feniksas CL27R yra tikrai daugiafunkcis kompakti\u0161kas \u0161viestuvas, tinkantis kasdieniam naudojimui paslaug\u0173 ir pramon\u0117s sektoriuose, nam\u0173 \u016bkiuose, taip pat stovyklavimui ir laisvalaikiui. Feniksas CL27R yra unikalus tuo, kad gali pasi\u016blyti ir u\u017eduo\u010di\u0173 \u017eibintus, ir \u017eibintuv\u0117lius. Ma\u017ea lempa slepia kombinuot\u0105 optik\u0105 su dviem \u0161viesos \u0161altiniais. CL27R gali veikti u\u017eduo\u010di\u0173 \u0161viesos re\u017eimu, u\u017etikrindamas tolygiai i\u0161sklaidyt\u0105 \u0161vies\u0105 105 laipsni\u0173 \u0161viesos kampu. Be to, \u0161viestuv\u0105 galima perjungti \u012f \u017eibintuv\u0117lio re\u017eim\u0105, kad b\u016bt\u0173 sukurtas \u0161viesos pie\u0161inys su centriniu centru (14,5 laipsni\u0173) ir \u0161iek tiek ap\u0161viestu kra\u0161tu (85 laipsni\u0173), b\u016bdingu \u017eibintuv\u0117liui. Abu po\u017ei\u016briai taip pat gali b\u016bti derinami. Taip pat galimas raudonos \u0161viesos re\u017eimas. Tai, kas daro Feniks\u0105 CL27R ypating\u0105, yra jo s\u0105saja. \u0160viestuvo \u0161viesos intensyvum\u0105 ir \u0161viesos temperat\u016br\u0105 galima skland\u017eiai keisti dviem atskirais sukamaisiais jungikliais. \u0160viesos intensyvum\u0105 galima keisti ta\u0161kinio ap\u0161vietimo re\u017eimu 5-800lm diapazone, i\u0161sklaidytos \u0161viesos re\u017eimu 10-1200lm diapazone ir kombinuotu re\u017eimu 15-1600lm diapazone. Be to, darbinio ap\u0161vietimo re\u017eimu galima skland\u017eiai pakeisti \u0161viesos temperat\u016br\u0105 tarp 2700k-6500k. Pasirink\u0119 tinkam\u0105 ap\u0161vietimo temperat\u016br\u0105, galite geriau pabr\u0117\u017eti detales ir suma\u017einti aki\u0173 \u012ftamp\u0105. Ta\u0161kin\u0117s \u0161viesos ir kombinuotu re\u017eimu lempa pasiekia daugiau nei 170 metr\u0173 \u0161viesos srauto diapazon\u0105, i\u0161sklaidytos \u0161viesos re\u017eimu-daugiau nei 50 metr\u0173. Feniksas CL27R yra su rankena su tvirtinimo magnetu ir tvirtinimo sriegiu ant standartinio stovo \u0161viestuvui montuoti. Kadangi \u0161viestuvas yra pasukamas 360 laipsni\u0173 kampu tarp rankenos, \u0161vies\u0105 visada galima nukreipti ten, kur reikia. Kaip maitinimo \u0161altinis, CL27R naudoja standartin\u0119 kei\u010diam\u0105 21700 tipo li\u010dio jon\u0173 baterij\u0105(baterija, kurios talpa yra 5000mAh komplekse). Akumuliatorius \u012fkraunamas tiesiai \u012f \u0161viestuv\u0105 per integruot\u0105 USB-C \u012fkrovimo ki\u0161tuk\u0105. Maksimalus veikimo laikas esant minimaliam \u0161viesos intensyvumui yra iki 285 Darbo valand\u0173 vienu \u012fkrovimu. CL27R yra pagamintas i\u0161 auk\u0161tos kokyb\u0117s aliuminio lydinio, turi IP66 apsaug\u0105, buvo i\u0161bandytas atsparumas sm\u016bgiams ir yra vienodai tinkamas naudoti viduje ir lauke. Kompakti\u0161kas \u0161viestuvas yra vos 109,8 mm auk\u0161\u010dio, 91,7 mm plo\u010dio, 39,6 mm storio ir sveria 300 g su maitinimo \u0161altiniu. Lempoje yra \u012fkrovimo indikatorius, akumuliatoriaus lygio indikatorius, maitinimo \u0161altinio i\u0161krovimo \u012fsp\u0117jimas ir apsaugin\u0117 sistema, skirta steb\u0117ti lempos darbin\u0119 temperat\u016br\u0105. Be \u0161viestuvo, standartin\u0117je pakuot\u0117je yra Fenikso li\u010dio jon\u0173 baterija arb-L21-5000mah, raktas \u012f akumuliatoriaus skyri\u0173, atsarginis sandarinimo \u017eiedas, \u012fkrovimo laidas ir vartotojo vadovas.<\/p>\n","protected":false},"featured_media":144695,"template":"","meta":{"_acf_changed":false},"product_brand":[],"product_cat":[216],"product_tag":[],"class_list":{"0":"post-146067","1":"product","2":"type-product","3":"status-publish","4":"has-post-thumbnail","6":"product_cat-flashlight","8":"first","9":"instock","10":"purchasable","11":"product-type-simple"},"acf":[],"_links":{"self":[{"href":"https:\/\/kingarms.ee\/en\/wp-json\/wp\/v2\/product\/146067","targetHints":{"allow":["GET"]}}],"collection":[{"href":"https:\/\/kingarms.ee\/en\/wp-json\/wp\/v2\/product"}],"about":[{"href":"https:\/\/kingarms.ee\/en\/wp-json\/wp\/v2\/types\/product"}],"wp:featuredmedia":[{"embeddable":true,"href":"https:\/\/kingarms.ee\/en\/wp-json\/wp\/v2\/media\/144695"}],"wp:attachment":[{"href":"https:\/\/kingarms.ee\/en\/wp-json\/wp\/v2\/media?parent=146067"}],"wp:term":[{"taxonomy":"product_brand","embeddable":true,"href":"https:\/\/kingarms.ee\/en\/wp-json\/wp\/v2\/product_brand?post=146067"},{"taxonomy":"product_cat","embeddable":true,"href":"https:\/\/kingarms.ee\/en\/wp-json\/wp\/v2\/product_cat?post=146067"},{"taxonomy":"product_tag","embeddable":true,"href":"https:\/\/kingarms.ee\/en\/wp-json\/wp\/v2\/product_tag?post=146067"}],"curies":[{"name":"wp","href":"https:\/\/api.w.org\/{rel}","templated":true}]}}