{"id":146092,"date":"2025-02-22T20:47:14","date_gmt":"2025-02-22T17:47:14","guid":{"rendered":"https:\/\/kingarms.ee\/product\/fenix-e03r\/"},"modified":"2025-07-27T16:58:37","modified_gmt":"2025-07-27T13:58:37","slug":"fenix-e03r","status":"publish","type":"product","link":"https:\/\/kingarms.ee\/en\/product\/fenix-e03r\/","title":{"rendered":"FENIKSAS E03R"},"content":{"rendered":"","protected":false},"excerpt":{"rendered":"<p>Feniksas e03r yra labai kompakti\u0161kas EDC (kasdien ne\u0161iojamas) \u017eibintuv\u0117lis, kurio matmenys: 47*24*12 mm ir telpa \u012f ki\u0161en\u0119, rakt\u0173 pakabuk\u0105 ir rankin\u0119. Tai \u0161viestuvas su baltais ir raudonais LED elementais ir \u012fkraunamas tiesiogiai per standartin\u0119 USB jungt\u012f. Pati lempa turi didel\u0117s spartos USB-C s\u0105saj\u0105. I\u0161 viso galimi keturi baltos \u0161viesos intensyvumai ir du raudonos \u0161viesos re\u017eimai. Did\u017eiausias e03r \u0161viesos stipris yra 260 lm, o \u0161viesos srauto diapazonas yra iki 42 metr\u0173. Kai \u0161viesos srautas yra ne ma\u017eesnis kaip 5 LM, lempa veikia vienu akumuliatoriaus \u012fkrovimu iki 18 valand\u0173 i\u0161 eil\u0117s. Fenikso e03r apsaugos klas\u0117 yra IP66, o jo atsparumas sm\u016bgiams buvo i\u0161bandytas iki 1m. e03r korpusas pagamintas tik i\u0161 metalo ir jame yra \u012fmontuotas Metalinis maitinimo jungiklis. 200 mAh li\u010dio polimero baterija yra \u012fmontuota \u012f lemp\u0105. Be to, lempoje yra fiksavimo funkcija, skirta apsaugoti nuo savaiminio sujungimo, ir akumuliatoriaus \u012fkrovos lygio indikatorius. Jei jums reikia ma\u017eos, bet labai lengvos tiesioginio \u012fkrovimo rakt\u0173 pakabuko lempos, Feniksas e03r kaip tik Jums.<\/p>\n","protected":false},"featured_media":144299,"template":"","meta":{"_acf_changed":false},"product_brand":[],"product_cat":[216],"product_tag":[],"class_list":{"0":"post-146092","1":"product","2":"type-product","3":"status-publish","4":"has-post-thumbnail","6":"product_cat-flashlight","8":"first","9":"instock","10":"purchasable","11":"product-type-simple"},"acf":[],"_links":{"self":[{"href":"https:\/\/kingarms.ee\/en\/wp-json\/wp\/v2\/product\/146092","targetHints":{"allow":["GET"]}}],"collection":[{"href":"https:\/\/kingarms.ee\/en\/wp-json\/wp\/v2\/product"}],"about":[{"href":"https:\/\/kingarms.ee\/en\/wp-json\/wp\/v2\/types\/product"}],"wp:featuredmedia":[{"embeddable":true,"href":"https:\/\/kingarms.ee\/en\/wp-json\/wp\/v2\/media\/144299"}],"wp:attachment":[{"href":"https:\/\/kingarms.ee\/en\/wp-json\/wp\/v2\/media?parent=146092"}],"wp:term":[{"taxonomy":"product_brand","embeddable":true,"href":"https:\/\/kingarms.ee\/en\/wp-json\/wp\/v2\/product_brand?post=146092"},{"taxonomy":"product_cat","embeddable":true,"href":"https:\/\/kingarms.ee\/en\/wp-json\/wp\/v2\/product_cat?post=146092"},{"taxonomy":"product_tag","embeddable":true,"href":"https:\/\/kingarms.ee\/en\/wp-json\/wp\/v2\/product_tag?post=146092"}],"curies":[{"name":"wp","href":"https:\/\/api.w.org\/{rel}","templated":true}]}}