{"id":146117,"date":"2025-02-22T20:47:14","date_gmt":"2025-02-22T17:47:14","guid":{"rendered":"https:\/\/kingarms.ee\/product\/fenix-e12-v2-0\/"},"modified":"2025-07-27T16:58:36","modified_gmt":"2025-07-27T13:58:36","slug":"fenix-e12-v2-0","status":"publish","type":"product","link":"https:\/\/kingarms.ee\/en\/product\/fenix-e12-v2-0\/","title":{"rendered":"Feniksas E12 V2. 0"},"content":{"rendered":"","protected":false},"excerpt":{"rendered":"<p>Feniksas E12 V2. 0 yra labai kompakti\u0161kas, patvarus ir lengvai naudojamas EDC (every day carry) \u017eibintuv\u0117lis. Tai vos 77,6 mm ilgio \u017eibintuv\u0117lis, kuris yra visi\u0161kai atsparus vandeniui ir kurio maksimali \u0161viesos galia yra iki 160 liumen\u0173. Feniksas E12 v2. 0 naudoja vien\u0105 standart\u0105 1.2&#8230;1,5 V \u012ftampa AA dyd\u017eio baterija arba baterijos. I\u0161 viso yra trys darbo re\u017eimai su stabilizuotu \u0161viesos intensyvumu-160lm, 30lm ir 5lm, maksimalus \u0161viesos srauto diapazonas yra 68 metrai. Darbo re\u017eimus galima keisti jungikliu, esan\u010diu lempos gale. Lempos korpusas pagamintas i\u0161 aliuminio ir padengtas III tipo stipriu anodavimu. D\u0117kle yra nupl\u0117\u0161iamas ir (arba) nuimamas ki\u0161eninis segtukas ir apyrank\u0117 (abu pridedami). Optika yra auk\u0161tos kokyb\u0117s TIR optika, suteikianti \u0161viestuvui labai universal\u0173 \u0161viesos pie\u0161in\u012f. Jei ie\u0161kote paprasto, kompakti\u0161ko ir funkcionalaus baterijomis maitinamo \u017eibintuv\u0117lio kasdieniam ne\u0161iojimui, Feniksas E12 V2. 0 yra puikus pasirinkimas!<\/p>\n","protected":false},"featured_media":144743,"template":"","meta":{"_acf_changed":false},"product_brand":[],"product_cat":[216],"product_tag":[],"class_list":{"0":"post-146117","1":"product","2":"type-product","3":"status-publish","4":"has-post-thumbnail","6":"product_cat-flashlight","8":"first","9":"instock","10":"purchasable","11":"product-type-simple"},"acf":[],"_links":{"self":[{"href":"https:\/\/kingarms.ee\/en\/wp-json\/wp\/v2\/product\/146117","targetHints":{"allow":["GET"]}}],"collection":[{"href":"https:\/\/kingarms.ee\/en\/wp-json\/wp\/v2\/product"}],"about":[{"href":"https:\/\/kingarms.ee\/en\/wp-json\/wp\/v2\/types\/product"}],"wp:featuredmedia":[{"embeddable":true,"href":"https:\/\/kingarms.ee\/en\/wp-json\/wp\/v2\/media\/144743"}],"wp:attachment":[{"href":"https:\/\/kingarms.ee\/en\/wp-json\/wp\/v2\/media?parent=146117"}],"wp:term":[{"taxonomy":"product_brand","embeddable":true,"href":"https:\/\/kingarms.ee\/en\/wp-json\/wp\/v2\/product_brand?post=146117"},{"taxonomy":"product_cat","embeddable":true,"href":"https:\/\/kingarms.ee\/en\/wp-json\/wp\/v2\/product_cat?post=146117"},{"taxonomy":"product_tag","embeddable":true,"href":"https:\/\/kingarms.ee\/en\/wp-json\/wp\/v2\/product_tag?post=146117"}],"curies":[{"name":"wp","href":"https:\/\/api.w.org\/{rel}","templated":true}]}}