{"id":146122,"date":"2025-02-22T20:47:14","date_gmt":"2025-02-22T17:47:14","guid":{"rendered":"https:\/\/kingarms.ee\/product\/fenix-e18r\/"},"modified":"2025-07-27T16:58:36","modified_gmt":"2025-07-27T13:58:36","slug":"fenix-e18r","status":"publish","type":"product","link":"https:\/\/kingarms.ee\/en\/product\/fenix-e18r\/","title":{"rendered":"FENIKSAS E18R"},"content":{"rendered":"","protected":false},"excerpt":{"rendered":"<p>Feniksas e18r yra tikrai kompakti\u0161kas \u017eibintuv\u0117lis su dideliu \u0161viesos srautu. Kompakti\u0161kos lempos, kuri yra tik 60 mm ilgio, 20 mm skersmens ir sveria 33,3 gramo, maksimali \u0161viesos galia yra 750 liumen\u0173. Kaip LED elementas, Cree turi didelio intensyvumo element\u0105, kuris suteikia lempai maksimal\u0173 \u0161viesos sraut\u0105 iki 136 m. e18r turi bendr\u0105 \u0161vies\u0105 su skland\u017eiais ir skland\u017eiais per\u0117jimais. Feniksas e18r maitinamas 16340 tipo li\u010dio jon\u0173 baterija. \u012ekrovimo metu akumuliatoriaus nereikia i\u0161imti i\u0161 lempos-jis magneti\u0161kai \u012fkraunamas tiesiai per \u012fkrovimo ki\u0161tuk\u0105, integruot\u0105 \u012f lemp\u0105, naudojant pridedam\u0105 USB kabel\u012f. Jei reikia, e18r taip pat gali b\u016bti maitinamas CR123 li\u010dio baterijomis. Maitinimo \u0161altinio i\u0161leidim\u0105 rodo integruoto lempos maitinimo \u0161altinio \u012fkrovos lygio indikatorius. Be to, e18r yra su apverstu poli\u0161kumo skydu, apsaugan\u010diu lemp\u0105 nuo netinkamo maitinimo \u0161altinio. Fenikso e18r korpusas pagamintas i\u0161 aliuminio lydinio ir padengtas antikoroziniu anodavimu. LED element\u0173 optikoje naudojama itin plona TIR optika, padengta antirefleksine ir UV apsauga. Be to, \u0161viestuvo gale esan\u010diame korpuse sumontuotas magnetas, skirtas pritvirtinti lemp\u0105 prie feromagnetini\u0173 pavir\u0161i\u0173, laikinai paver\u010diant j\u0105 laisv\u0173 rank\u0173 darbo lempute. Bendras \u0161viesos intensyvumas yra neil-maks.750, 150, 30 ir 5. be to, lempa turi pasl\u0117pt\u0105 stroboskopo re\u017eim\u0105. Lempos prijungimas prie veikimo ir perjungimo re\u017eim\u0173 yra per \u0161onin\u012f jungikl\u012f ant lempos korpuso. Feniksas e18r yra su integruota apsauga nuo perkaitimo, kuri realiu laiku stebi vidin\u0119 lempos temperat\u016br\u0105 ir suma\u017eina lempos \u0161viesum\u0105 vir\u0161 kritin\u0117s ribos. Feniksas e18r yra puikus \u0161viestuvas kasdieniam ne\u0161iojimui aktyviam \u017emogui. \u0160viestuvas yra toks kompakti\u0161kas, kad j\u012f galima naudoti kaip rakt\u0173 pakabuko lemp\u0105. \u0160tai kod\u0117l Feniksas prie lemp\u0173 rinkinio prid\u0117jo tinklo \u017eiedo akumuliatori\u0173, \u012fkrovimo laid\u0105, apyrank\u0119 ir atsargin\u012f padang\u0173 sandarikl\u012f.<\/p>\n","protected":false},"featured_media":144749,"template":"","meta":{"_acf_changed":false},"product_brand":[],"product_cat":[216],"product_tag":[],"class_list":{"0":"post-146122","1":"product","2":"type-product","3":"status-publish","4":"has-post-thumbnail","6":"product_cat-flashlight","8":"first","9":"instock","10":"purchasable","11":"product-type-simple"},"acf":[],"_links":{"self":[{"href":"https:\/\/kingarms.ee\/en\/wp-json\/wp\/v2\/product\/146122","targetHints":{"allow":["GET"]}}],"collection":[{"href":"https:\/\/kingarms.ee\/en\/wp-json\/wp\/v2\/product"}],"about":[{"href":"https:\/\/kingarms.ee\/en\/wp-json\/wp\/v2\/types\/product"}],"wp:featuredmedia":[{"embeddable":true,"href":"https:\/\/kingarms.ee\/en\/wp-json\/wp\/v2\/media\/144749"}],"wp:attachment":[{"href":"https:\/\/kingarms.ee\/en\/wp-json\/wp\/v2\/media?parent=146122"}],"wp:term":[{"taxonomy":"product_brand","embeddable":true,"href":"https:\/\/kingarms.ee\/en\/wp-json\/wp\/v2\/product_brand?post=146122"},{"taxonomy":"product_cat","embeddable":true,"href":"https:\/\/kingarms.ee\/en\/wp-json\/wp\/v2\/product_cat?post=146122"},{"taxonomy":"product_tag","embeddable":true,"href":"https:\/\/kingarms.ee\/en\/wp-json\/wp\/v2\/product_tag?post=146122"}],"curies":[{"name":"wp","href":"https:\/\/api.w.org\/{rel}","templated":true}]}}