{"id":146164,"date":"2025-02-22T20:46:55","date_gmt":"2025-02-22T17:46:55","guid":{"rendered":"https:\/\/kingarms.ee\/product\/fenix-arb-l21-4000p-li-ion-aku-eriti-suure-koormustaluvusega\/"},"modified":"2025-07-27T16:58:30","modified_gmt":"2025-07-27T13:58:30","slug":"fenix-arb-l21-4000p-li-ion-aku-eriti-suure-koormustaluvusega","status":"publish","type":"product","link":"https:\/\/kingarms.ee\/en\/product\/fenix-arb-l21-4000p-li-ion-aku-eriti-suure-koormustaluvusega\/","title":{"rendered":"Arb &#8211; L21-4000p li\u010dio jon\u0173 baterija (labai didel\u0117 keliamoji galia)"},"content":{"rendered":"<p>FENIX ARB-L21-4000P LI-ION AKU (ERITI SUURE KOORMUSTALUVUSEGA)<\/p>\n","protected":false},"excerpt":{"rendered":"<p>&#8220;&#8221;Feniksas arb &#8211; L21-4000p li\u010dio jon\u0173 baterija (labai didel\u0117 apkrova)<\/p>\n<p>Auk\u0161tos kokyb\u0117s 21700 tipo li\u010dio jon\u0173 baterija, skirta naudoti itin didel\u0117s galios \u017eibintuv\u0117liuose ir prietaisuose. Apsauginis mechanizmas u\u017etikrina, kad akumuliatorius neperkaist\u0173 ir neperkaist\u0173. Savaiminis i\u0161sikrovimas yra suma\u017eintas iki minimumo, jo tarnavimo laikas yra daugiau nei 500 \u012fkrovimo cikl\u0173. I\u0161bandyta tiek \u0161altoje, tiek kar\u0161toje aplinkoje. Nuolatinis maksimalus atsparumas apkrovai 10A, iki 3min viduje 18a.<\/p>\n<p>Arb-L21-4000p 21700<\/p>\n<p>Tinka bendram naudojimui \u012fvairi\u0173 gamintoj\u0173 \u017eibintuv\u0117liuose ir \u012frangoje, naudojant standartines 21700 tipo li\u010dio jon\u0173 baterijas su a\u0161triu &#8220;&#8221;&#8221;&#8221; + &#8220;&#8221;&#8221;&#8221; kontaktu.<\/p>\n<p>Skirtas ypa\u010d dideliam maksimaliam srov\u0117s suvartojimui Fenikso \u017eibintuv\u0117liai, tokie kaip LR35R, lr40r, lr50r, tk20r V2.0, PD40R V2.0 ir kiti.&#8221;&#8221;&#8221;<\/p>\n","protected":false},"featured_media":144563,"template":"","meta":{"_acf_changed":false},"product_brand":[],"product_cat":[216],"product_tag":[],"class_list":{"0":"post-146164","1":"product","2":"type-product","3":"status-publish","4":"has-post-thumbnail","6":"product_cat-flashlight","8":"first","9":"instock","10":"purchasable","11":"product-type-simple"},"acf":[],"_links":{"self":[{"href":"https:\/\/kingarms.ee\/en\/wp-json\/wp\/v2\/product\/146164","targetHints":{"allow":["GET"]}}],"collection":[{"href":"https:\/\/kingarms.ee\/en\/wp-json\/wp\/v2\/product"}],"about":[{"href":"https:\/\/kingarms.ee\/en\/wp-json\/wp\/v2\/types\/product"}],"wp:featuredmedia":[{"embeddable":true,"href":"https:\/\/kingarms.ee\/en\/wp-json\/wp\/v2\/media\/144563"}],"wp:attachment":[{"href":"https:\/\/kingarms.ee\/en\/wp-json\/wp\/v2\/media?parent=146164"}],"wp:term":[{"taxonomy":"product_brand","embeddable":true,"href":"https:\/\/kingarms.ee\/en\/wp-json\/wp\/v2\/product_brand?post=146164"},{"taxonomy":"product_cat","embeddable":true,"href":"https:\/\/kingarms.ee\/en\/wp-json\/wp\/v2\/product_cat?post=146164"},{"taxonomy":"product_tag","embeddable":true,"href":"https:\/\/kingarms.ee\/en\/wp-json\/wp\/v2\/product_tag?post=146164"}],"curies":[{"name":"wp","href":"https:\/\/api.w.org\/{rel}","templated":true}]}}