{"id":146169,"date":"2025-02-22T20:46:55","date_gmt":"2025-02-22T17:46:55","guid":{"rendered":"https:\/\/kingarms.ee\/product\/fenix-arb-l21-5000-li-ion-aku\/"},"modified":"2025-07-27T16:58:30","modified_gmt":"2025-07-27T13:58:30","slug":"fenix-arb-l21-5000-li-ion-aku","status":"publish","type":"product","link":"https:\/\/kingarms.ee\/en\/product\/fenix-arb-l21-5000-li-ion-aku\/","title":{"rendered":"Arb-L21-5000 li\u010dio jon\u0173 baterija"},"content":{"rendered":"","protected":false},"excerpt":{"rendered":"<p>Auk\u0161tos kokyb\u0117s Tipo 21700 li\u010dio jon\u0173 baterija. Apsauginis mechanizmas u\u017etikrina, kad akumuliatorius neperkaist\u0173 ir neperkaist\u0173. Savaiminis i\u0161sikrovimas yra suma\u017eintas iki minimumo, jo tarnavimo laikas yra daugiau nei 500 \u012fkrovimo cikl\u0173. I\u0161bandyta tiek \u0161altoje, tiek kar\u0161toje aplinkoje. Maksimalus atsparumas nuolatinei apkrovai 7,5 A.<\/p>\n<p>Arb-L21-5000 21700<\/p>\n<p>Tinka bendram naudojimui \u017eibintuv\u0117liuose, naudojant standartin\u012f 21700 tipo li\u010dio jon\u0173 akumuliatori\u0173 su a\u0161triu &#8221; + &#8221; kontaktu.<\/p>\n","protected":false},"featured_media":144569,"template":"","meta":{"_acf_changed":false},"product_brand":[],"product_cat":[216],"product_tag":[],"class_list":{"0":"post-146169","1":"product","2":"type-product","3":"status-publish","4":"has-post-thumbnail","6":"product_cat-flashlight","8":"first","9":"instock","10":"purchasable","11":"product-type-simple"},"acf":[],"_links":{"self":[{"href":"https:\/\/kingarms.ee\/en\/wp-json\/wp\/v2\/product\/146169","targetHints":{"allow":["GET"]}}],"collection":[{"href":"https:\/\/kingarms.ee\/en\/wp-json\/wp\/v2\/product"}],"about":[{"href":"https:\/\/kingarms.ee\/en\/wp-json\/wp\/v2\/types\/product"}],"wp:featuredmedia":[{"embeddable":true,"href":"https:\/\/kingarms.ee\/en\/wp-json\/wp\/v2\/media\/144569"}],"wp:attachment":[{"href":"https:\/\/kingarms.ee\/en\/wp-json\/wp\/v2\/media?parent=146169"}],"wp:term":[{"taxonomy":"product_brand","embeddable":true,"href":"https:\/\/kingarms.ee\/en\/wp-json\/wp\/v2\/product_brand?post=146169"},{"taxonomy":"product_cat","embeddable":true,"href":"https:\/\/kingarms.ee\/en\/wp-json\/wp\/v2\/product_cat?post=146169"},{"taxonomy":"product_tag","embeddable":true,"href":"https:\/\/kingarms.ee\/en\/wp-json\/wp\/v2\/product_tag?post=146169"}],"curies":[{"name":"wp","href":"https:\/\/api.w.org\/{rel}","templated":true}]}}