{"id":146179,"date":"2025-02-22T20:46:55","date_gmt":"2025-02-22T17:46:55","guid":{"rendered":"https:\/\/kingarms.ee\/product\/fenix-arb-l52-16000-akupakett\/"},"modified":"2025-07-27T16:58:29","modified_gmt":"2025-07-27T13:58:29","slug":"fenix-arb-l52-16000-akupakett","status":"publish","type":"product","link":"https:\/\/kingarms.ee\/en\/product\/fenix-arb-l52-16000-akupakett\/","title":{"rendered":"Arb-L52-16000 baterija"},"content":{"rendered":"","protected":false},"excerpt":{"rendered":"<p>Baterij\u0173 paketas, surinktas i\u0161 Fenikso li\u010dio jon\u0173 baterij\u0173, skirtas naudoti Fenikso lr50r paie\u0161kos lempose. Vardin\u0117 \u012ftampa 3,6 V, vardin\u0117 talpa 16000mah.<\/p>\n<p>Prek\u0117s kodas: ARB-L52-16000&#8243;<\/p>\n","protected":false},"featured_media":144581,"template":"","meta":{"_acf_changed":false},"product_brand":[],"product_cat":[216],"product_tag":[],"class_list":{"0":"post-146179","1":"product","2":"type-product","3":"status-publish","4":"has-post-thumbnail","6":"product_cat-flashlight","8":"first","9":"instock","10":"purchasable","11":"product-type-simple"},"acf":[],"_links":{"self":[{"href":"https:\/\/kingarms.ee\/en\/wp-json\/wp\/v2\/product\/146179","targetHints":{"allow":["GET"]}}],"collection":[{"href":"https:\/\/kingarms.ee\/en\/wp-json\/wp\/v2\/product"}],"about":[{"href":"https:\/\/kingarms.ee\/en\/wp-json\/wp\/v2\/types\/product"}],"wp:featuredmedia":[{"embeddable":true,"href":"https:\/\/kingarms.ee\/en\/wp-json\/wp\/v2\/media\/144581"}],"wp:attachment":[{"href":"https:\/\/kingarms.ee\/en\/wp-json\/wp\/v2\/media?parent=146179"}],"wp:term":[{"taxonomy":"product_brand","embeddable":true,"href":"https:\/\/kingarms.ee\/en\/wp-json\/wp\/v2\/product_brand?post=146179"},{"taxonomy":"product_cat","embeddable":true,"href":"https:\/\/kingarms.ee\/en\/wp-json\/wp\/v2\/product_cat?post=146179"},{"taxonomy":"product_tag","embeddable":true,"href":"https:\/\/kingarms.ee\/en\/wp-json\/wp\/v2\/product_tag?post=146179"}],"curies":[{"name":"wp","href":"https:\/\/api.w.org\/{rel}","templated":true}]}}