{"id":146184,"date":"2025-02-22T20:46:55","date_gmt":"2025-02-22T17:46:55","guid":{"rendered":"https:\/\/kingarms.ee\/product\/fenix-arb-lp1300-aku\/"},"modified":"2025-07-27T16:58:29","modified_gmt":"2025-07-27T13:58:29","slug":"fenix-arb-lp1300-aku","status":"publish","type":"product","link":"https:\/\/kingarms.ee\/en\/product\/fenix-arb-lp1300-aku\/","title":{"rendered":"ARB-LP1300 BATERIJA"},"content":{"rendered":"","protected":false},"excerpt":{"rendered":"<p>&#8220;&#8221;Fenikso originali li\u010dio polimero baterija (pakuot\u0117), skirta naudoti su fenikso hl18r, Fenikso hl18r ir Fenikso hl18r-t priekiniais \u017eibintais. Vardin\u0117 \u012ftampa 3,6 V, vardin\u0117 talpa 1300mAh.<\/p>\n<p>Prek\u0117s kodas: ARB-LP1300&#8243;&#8221;<\/p>\n","protected":false},"featured_media":144587,"template":"","meta":{"_acf_changed":false},"product_brand":[],"product_cat":[216],"product_tag":[],"class_list":{"0":"post-146184","1":"product","2":"type-product","3":"status-publish","4":"has-post-thumbnail","6":"product_cat-flashlight","8":"first","9":"instock","10":"purchasable","11":"product-type-simple"},"acf":[],"_links":{"self":[{"href":"https:\/\/kingarms.ee\/en\/wp-json\/wp\/v2\/product\/146184","targetHints":{"allow":["GET"]}}],"collection":[{"href":"https:\/\/kingarms.ee\/en\/wp-json\/wp\/v2\/product"}],"about":[{"href":"https:\/\/kingarms.ee\/en\/wp-json\/wp\/v2\/types\/product"}],"wp:featuredmedia":[{"embeddable":true,"href":"https:\/\/kingarms.ee\/en\/wp-json\/wp\/v2\/media\/144587"}],"wp:attachment":[{"href":"https:\/\/kingarms.ee\/en\/wp-json\/wp\/v2\/media?parent=146184"}],"wp:term":[{"taxonomy":"product_brand","embeddable":true,"href":"https:\/\/kingarms.ee\/en\/wp-json\/wp\/v2\/product_brand?post=146184"},{"taxonomy":"product_cat","embeddable":true,"href":"https:\/\/kingarms.ee\/en\/wp-json\/wp\/v2\/product_cat?post=146184"},{"taxonomy":"product_tag","embeddable":true,"href":"https:\/\/kingarms.ee\/en\/wp-json\/wp\/v2\/product_tag?post=146184"}],"curies":[{"name":"wp","href":"https:\/\/api.w.org\/{rel}","templated":true}]}}