{"id":146214,"date":"2025-02-22T20:46:55","date_gmt":"2025-02-22T17:46:55","guid":{"rendered":"https:\/\/kingarms.ee\/product\/fenix-are-d2-lcd-akupanga-funktsiooniga-akulaadija\/"},"modified":"2025-07-27T16:58:28","modified_gmt":"2025-07-27T13:58:28","slug":"fenix-are-d2-lcd-akupanga-funktsiooniga-akulaadija","status":"publish","type":"product","link":"https:\/\/kingarms.ee\/en\/product\/fenix-are-d2-lcd-akupanga-funktsiooniga-akulaadija\/","title":{"rendered":"Feniksas yra-D2 (LCD) akumuliatoriaus \u012fkroviklis su akumuliatoriaus bankininkyst\u0117s funkcija"},"content":{"rendered":"<p>FENIX ARE-D2 (LCD) AKUPANGA FUNKTSIOONIGA AKULAADIJA<\/p>\n","protected":false},"excerpt":{"rendered":"<p>Feniksas ARE-D2 yra automatinis (i\u0161manusis) akumuliatoriaus \u012fkroviklis su dviem nepriklausomais \u012fkrovimo lizdais ir LCD informacijos ekranu, tinkamu \u012fkrauti da\u017eniausiai naudojamas cilindrines li\u010dio jon\u0173, NiMH ir NiCd baterijas. Be To, viena i\u0161 Fenikso \u012fkrovimo stoteli\u0173 yra-D2, kuri taip pat tarnauja kaip baterij\u0173 bankas. Tai \u012fkroviklis, maitinamas mikro-USB, turi USB-A i\u0161vest\u012f ir skirtas naudoti patalpose. \u012ekrovimo lizdai yra autonominiai ir vienu metu gali \u012fkrauti \u012fvairi\u0173 tip\u0173 ar dyd\u017ei\u0173\/ talpos palaikomas baterijas. \u012ekrovimo metu skyst\u0173j\u0173 kristal\u0173 ekranas rodo \u012fkraunamos baterijos tip\u0105, \u012fkrovimo lyg\u012f (kaip parodyta diagramoje) ir pasirinktinai \u012fkrovimo srov\u0117s gali\u0105, \u012fkrovimo laik\u0105 ir akumuliatoriaus \u012ftamp\u0105. Be to, galima rankiniu b\u016bdu pasirinkti \u012fkrovimo srov\u0117s gali\u0105. Kai veikia kaip baterij\u0173 bankas, ekrane taip pat rodoma griovimo informacija. Palaikomos 10440, 14500, 16340, 18650, 21700 ir 26650 li\u010dio jon\u0173 baterijos ir AA, AAA ir C dyd\u017eio NiMh\/NiCd baterijos. \u012ekroviklyje yra apsauga nuo trumpojo jungimo, apsauga nuo perpildymo, apsauga nuo vir\u0161\u012ftampio ir apsauga nuo atvirk\u0161tinio poli\u0161kumo.<\/p>\n","protected":false},"featured_media":144623,"template":"","meta":{"_acf_changed":false},"product_brand":[],"product_cat":[216],"product_tag":[],"class_list":{"0":"post-146214","1":"product","2":"type-product","3":"status-publish","4":"has-post-thumbnail","6":"product_cat-flashlight","8":"first","9":"instock","10":"purchasable","11":"product-type-simple"},"acf":[],"_links":{"self":[{"href":"https:\/\/kingarms.ee\/en\/wp-json\/wp\/v2\/product\/146214","targetHints":{"allow":["GET"]}}],"collection":[{"href":"https:\/\/kingarms.ee\/en\/wp-json\/wp\/v2\/product"}],"about":[{"href":"https:\/\/kingarms.ee\/en\/wp-json\/wp\/v2\/types\/product"}],"wp:featuredmedia":[{"embeddable":true,"href":"https:\/\/kingarms.ee\/en\/wp-json\/wp\/v2\/media\/144623"}],"wp:attachment":[{"href":"https:\/\/kingarms.ee\/en\/wp-json\/wp\/v2\/media?parent=146214"}],"wp:term":[{"taxonomy":"product_brand","embeddable":true,"href":"https:\/\/kingarms.ee\/en\/wp-json\/wp\/v2\/product_brand?post=146214"},{"taxonomy":"product_cat","embeddable":true,"href":"https:\/\/kingarms.ee\/en\/wp-json\/wp\/v2\/product_cat?post=146214"},{"taxonomy":"product_tag","embeddable":true,"href":"https:\/\/kingarms.ee\/en\/wp-json\/wp\/v2\/product_tag?post=146214"}],"curies":[{"name":"wp","href":"https:\/\/api.w.org\/{rel}","templated":true}]}}