{"id":146224,"date":"2025-02-22T20:46:55","date_gmt":"2025-02-22T17:46:55","guid":{"rendered":"https:\/\/kingarms.ee\/product\/fenix-bc05r-v2-0\/"},"modified":"2025-07-27T16:58:28","modified_gmt":"2025-07-27T13:58:28","slug":"fenix-bc05r-v2-0","status":"publish","type":"product","link":"https:\/\/kingarms.ee\/en\/product\/fenix-bc05r-v2-0\/","title":{"rendered":"Feniksas BC05R V2. 0"},"content":{"rendered":"","protected":false},"excerpt":{"rendered":"<p>Feniksas Bc05r V2. 0 yra bc05r atnaujinimas.tai kompakti\u0161kas daugiafunkcis dvira\u010dio galinis \u017eibintas, kuris taip pat gali b\u016bti naudojamas kaip saugos ir signalizacijos lemput\u0117. BC05R v2.0 yra tiesiogiai \u012fkraunamas \u0161viestuvas su integruota li\u010dio polimero baterija, kurios talpa yra 400 mAh. Akumuliatorius \u012fkraunamas tiesiai \u012f lempos gal\u0105 per integruot\u0105 USB-C \u012fkrovimo prievad\u0105. Did\u017eiausias raudonos \u0161viesos \u0161viesos intensyvumas yra 15 liumen\u0173, o \u0161viesos kampas-180 laipsni\u0173. To pakanka, kad kiti eismo dalyviai b\u016bt\u0173 matomi i\u0161 keli\u0173 \u0161imt\u0173 metr\u0173 atstumo, o kitiems patiems n\u0117ra akinimo. Perjungimas \u012f veikimo ir perjungimo re\u017eimus atliekamas mygtuku, integruotu \u012f lempos priek\u012f. Galimi \u0161e\u0161i skirtingi darbo re\u017eimai-nuolatin\u0117 \u0161viesa esant dideliam \u0161viesos srautui, l\u0117tas ir greitas mirks\u0117jimas ir nuolatin\u0117 \u0161viesa esant silpnam ap\u0161vietimui, l\u0117tas ir greitas mirks\u0117jimas. Priklausomai nuo pasirinkto veikimo re\u017eimo, lemput\u0117 veikia 4h30min vienu \u012fkrovimu&#8230;120H. BC05R V2.0 yra apr\u016bpintas \u012fkrovimo procesuidcator ir daugiapakopis \u012fkrovimo lygio indikatorius, skirtas patikrinti akumuliatoriaus \u012fkrovos lyg\u012f realiuoju laiku. Be \u0161viestuvo, komplekte yra USB-C \u012fkrovimo laidas, lankstus dir\u017eelis tvirtinimui prie dvira\u010dio ir segtukas tvirtinimui prie drabu\u017ei\u0173.<\/p>\n","protected":false},"featured_media":144635,"template":"","meta":{"_acf_changed":false},"product_brand":[],"product_cat":[216],"product_tag":[],"class_list":{"0":"post-146224","1":"product","2":"type-product","3":"status-publish","4":"has-post-thumbnail","6":"product_cat-flashlight","8":"first","9":"instock","10":"purchasable","11":"product-type-simple"},"acf":[],"_links":{"self":[{"href":"https:\/\/kingarms.ee\/en\/wp-json\/wp\/v2\/product\/146224","targetHints":{"allow":["GET"]}}],"collection":[{"href":"https:\/\/kingarms.ee\/en\/wp-json\/wp\/v2\/product"}],"about":[{"href":"https:\/\/kingarms.ee\/en\/wp-json\/wp\/v2\/types\/product"}],"wp:featuredmedia":[{"embeddable":true,"href":"https:\/\/kingarms.ee\/en\/wp-json\/wp\/v2\/media\/144635"}],"wp:attachment":[{"href":"https:\/\/kingarms.ee\/en\/wp-json\/wp\/v2\/media?parent=146224"}],"wp:term":[{"taxonomy":"product_brand","embeddable":true,"href":"https:\/\/kingarms.ee\/en\/wp-json\/wp\/v2\/product_brand?post=146224"},{"taxonomy":"product_cat","embeddable":true,"href":"https:\/\/kingarms.ee\/en\/wp-json\/wp\/v2\/product_cat?post=146224"},{"taxonomy":"product_tag","embeddable":true,"href":"https:\/\/kingarms.ee\/en\/wp-json\/wp\/v2\/product_tag?post=146224"}],"curies":[{"name":"wp","href":"https:\/\/api.w.org\/{rel}","templated":true}]}}