{"id":146229,"date":"2025-02-22T20:46:55","date_gmt":"2025-02-22T17:46:55","guid":{"rendered":"https:\/\/kingarms.ee\/product\/fenix-bc06r\/"},"modified":"2025-07-27T16:58:27","modified_gmt":"2025-07-27T13:58:27","slug":"fenix-bc06r","status":"publish","type":"product","link":"https:\/\/kingarms.ee\/en\/product\/fenix-bc06r\/","title":{"rendered":"FENIKSAS BC06R"},"content":{"rendered":"","protected":false},"excerpt":{"rendered":"<p>Feniksas BC06R yra didelio ap\u0161vietimo dvira\u010dio galinis \u017eibintas. Sukurta pirmiausia reikliems entuziastams, kuriems svarbi papildoma sauga ir specialios funkcijos. Integruotas \u012fkraunamas li\u010dio jon\u0173 akumuliatorius sveria tik 44,5 g. \u0161viestuvas i\u0161 viso turi tris skirtingus raudonos \u0161viesos intensyvumus (10lm, 30lm ir 90lm) ir penkias funkcijas (besisukantis, nuolatinis, l\u0117tas mirks\u0117jimas, greitas mirks\u0117jimas, stabdymas). Nepertraukiamo, l\u0117to ir greito mirks\u0117jimo re\u017eimais i\u0161 viso galima tiek 10 lm, tiek 30 lm \u0161viesos i\u0161vestis, 10 lm \u0161viesos i\u0161vestis-besisukan\u010diu re\u017eimu, o 90 lm \u0161viesos i\u0161vestis-stabdymo re\u017eimu. Stabdymo funkcija yra pati ypatingiausia Fenikso bc06r savyb\u0117. jei stabdysite rat\u0105 arba smarkiai suma\u017einsite greit\u012f, lemput\u0117 automati\u0161kai j\u012f aptiks ir persijungs \u012f Stabdymo re\u017eim\u0105, \u012fjungdama 90lm \u0161viesos intensyvum\u0105. Re\u017eimas aktyvus 2 sekundes, tada automati\u0161kai persijungia \u012f \u012fprast\u0105 re\u017eim\u0105. Feniksas BC06R tiekiamas su reikiamais tvirtinimo ir montavimo priedais. Lemp\u0105 galima pritvirtinti tiek aplink balno kolon\u0105, tiek prie balno poskiepio, su s\u0105lyga, kad tarpas tarp korpuso inkaro yra nuo 39 mm iki 50 mm. Feniksas BC06R turi \u012fmontuot\u0105 \u012fkraunam\u0105 li\u010dio jon\u0173 baterij\u0105, kurios talpa yra 560 mAh, u\u017etikrinanti maksimal\u0173 nuosekl\u0173 veikimo laik\u0105 tarp \u012fkrovim\u0173 iki 24,5 valandos mirksint ir iki 12,5 valandos nepertraukiamu re\u017eimu. Akumuliatorius \u012fkraunamas tiesiogiai per standartin\u012f USB-C \u012fkrovimo ki\u0161tuk\u0105 lempos gale. Pilnas tu\u0161\u010dios baterijos \u012fkrovimas trunka 2 valandas. Lempos maitinimo ir re\u017eimo jungiklis yra lempos vir\u0161uje ir turi \u012fmontuot\u0105 \u012fkrovimo proceso indikatori\u0173 ir akumuliatoriaus \u012fkrovos lygio indikatori\u0173. Fenikso BC06R \u0161viesos kampas yra 270 laipsni\u0173, tod\u0117l \u0161vies\u0105 galima pamatyti ir i\u0161 u\u017e vairo, ir i\u0161 \u0161ono. \u0160viestuvas yra apsaugotas nuo dulki\u0173, vandens ir sve\u010di\u0173 pagal IP66, taip pat tinkamas naudoti ekstremaliomis oro s\u0105lygomis. Bc06r komplekte yra \u0161viestuvas su integruota baterija, \u012fkrovimo laidas, dvira\u010dio s\u0117dyn\u0117s atramos ir balno pagrindo tvirtinimo priedai bei vartotojo vadovas.<\/p>\n","protected":false},"featured_media":144641,"template":"","meta":{"_acf_changed":false},"product_brand":[],"product_cat":[216],"product_tag":[],"class_list":{"0":"post-146229","1":"product","2":"type-product","3":"status-publish","4":"has-post-thumbnail","6":"product_cat-flashlight","8":"first","9":"instock","10":"purchasable","11":"product-type-simple"},"acf":[],"_links":{"self":[{"href":"https:\/\/kingarms.ee\/en\/wp-json\/wp\/v2\/product\/146229","targetHints":{"allow":["GET"]}}],"collection":[{"href":"https:\/\/kingarms.ee\/en\/wp-json\/wp\/v2\/product"}],"about":[{"href":"https:\/\/kingarms.ee\/en\/wp-json\/wp\/v2\/types\/product"}],"wp:featuredmedia":[{"embeddable":true,"href":"https:\/\/kingarms.ee\/en\/wp-json\/wp\/v2\/media\/144641"}],"wp:attachment":[{"href":"https:\/\/kingarms.ee\/en\/wp-json\/wp\/v2\/media?parent=146229"}],"wp:term":[{"taxonomy":"product_brand","embeddable":true,"href":"https:\/\/kingarms.ee\/en\/wp-json\/wp\/v2\/product_brand?post=146229"},{"taxonomy":"product_cat","embeddable":true,"href":"https:\/\/kingarms.ee\/en\/wp-json\/wp\/v2\/product_cat?post=146229"},{"taxonomy":"product_tag","embeddable":true,"href":"https:\/\/kingarms.ee\/en\/wp-json\/wp\/v2\/product_tag?post=146229"}],"curies":[{"name":"wp","href":"https:\/\/api.w.org\/{rel}","templated":true}]}}