{"id":146234,"date":"2025-02-22T20:46:55","date_gmt":"2025-02-22T17:46:55","guid":{"rendered":"https:\/\/kingarms.ee\/product\/fenix-bc15r\/"},"modified":"2025-07-27T16:58:27","modified_gmt":"2025-07-27T13:58:27","slug":"fenix-bc15r","status":"publish","type":"product","link":"https:\/\/kingarms.ee\/en\/product\/fenix-bc15r\/","title":{"rendered":"FENIKSAS BC15R"},"content":{"rendered":"","protected":false},"excerpt":{"rendered":"<p>Feniksas BC15R yra lengvas ir gra\u017eus dvira\u010dio \u017eibintas, skirtas eismui daugiausia mieste ar priemies\u010diuose. Bc15r maksimalus \u0161viesos intensyvumas yra 400 liumen\u0173, o ap\u0161vietimo atstumas-iki 78 metr\u0173. I\u0161 viso yra trys \u0161viesos intensyvumai (50lm, 150lm ir 400lm) ir mirksintis veikimo re\u017eimas. \u0160viesos pie\u0161inys apsiriboja vir\u0161uje, kad b\u016bt\u0173 i\u0161vengta art\u0117jan\u010di\u0173 \u017emoni\u0173 akinimo. Feniksas BC15R turi integruot\u0105 2600 mAh Li\u010dio jon\u0173 baterij\u0105 ir yra \u012fkraunamas tiesiogiai per standartin\u012f USB-C \u012fkrovimo ki\u0161tuk\u0105. Yra ir \u012fkrovimo indikatorius, ir i\u0161sikrovusio akumuliatoriaus indikatorius. \u0160viestuvas yra atsparus vandeniui ir oro s\u0105lygoms ir atitinka IP66 apsaugos klas\u0119. be to, lempa tinka standartiniams Fenikso dvira\u010di\u0173 \u0161viestuvams, tokiems kaip greito atleidimo rato laikiklis (\u012ftrauktas \u012f serij\u0105), dvira\u010dio \u0161almo lempos laikiklis (pasirinktinai) ir standartinis Go-Pro laikiklis (pasirinktinai). Feniksas bc15r yra komplekte su viskuo, ko reikia greitam naudojimui.<\/p>\n","protected":false},"featured_media":144647,"template":"","meta":{"_acf_changed":false},"product_brand":[],"product_cat":[216],"product_tag":[],"class_list":{"0":"post-146234","1":"product","2":"type-product","3":"status-publish","4":"has-post-thumbnail","6":"product_cat-flashlight","8":"first","9":"instock","10":"purchasable","11":"product-type-simple"},"acf":[],"_links":{"self":[{"href":"https:\/\/kingarms.ee\/en\/wp-json\/wp\/v2\/product\/146234","targetHints":{"allow":["GET"]}}],"collection":[{"href":"https:\/\/kingarms.ee\/en\/wp-json\/wp\/v2\/product"}],"about":[{"href":"https:\/\/kingarms.ee\/en\/wp-json\/wp\/v2\/types\/product"}],"wp:featuredmedia":[{"embeddable":true,"href":"https:\/\/kingarms.ee\/en\/wp-json\/wp\/v2\/media\/144647"}],"wp:attachment":[{"href":"https:\/\/kingarms.ee\/en\/wp-json\/wp\/v2\/media?parent=146234"}],"wp:term":[{"taxonomy":"product_brand","embeddable":true,"href":"https:\/\/kingarms.ee\/en\/wp-json\/wp\/v2\/product_brand?post=146234"},{"taxonomy":"product_cat","embeddable":true,"href":"https:\/\/kingarms.ee\/en\/wp-json\/wp\/v2\/product_cat?post=146234"},{"taxonomy":"product_tag","embeddable":true,"href":"https:\/\/kingarms.ee\/en\/wp-json\/wp\/v2\/product_tag?post=146234"}],"curies":[{"name":"wp","href":"https:\/\/api.w.org\/{rel}","templated":true}]}}