{"id":146274,"date":"2025-02-22T20:46:29","date_gmt":"2025-02-22T17:46:29","guid":{"rendered":"https:\/\/kingarms.ee\/product\/fenix-alg-16-relvakinnitusklamber-m-lok-siinile\/"},"modified":"2025-07-27T16:58:24","modified_gmt":"2025-07-27T13:58:24","slug":"fenix-alg-16-relvakinnitusklamber-m-lok-siinile","status":"publish","type":"product","link":"https:\/\/kingarms.ee\/en\/product\/fenix-alg-16-relvakinnitusklamber-m-lok-siinile\/","title":{"rendered":"FENIKSAS ALG-16 GINKLO LAIKIKLIS M-LOK AUTOBUSUI"},"content":{"rendered":"","protected":false},"excerpt":{"rendered":"<p>Feniksas ALG-16 yra taktinis laikiklis \u017eibintuv\u0117liams montuoti ant \u0161aunam\u0173j\u0173 ginkl\u0173. ALG-16 turi greit\u0105 pataisym\u0105 ir yra skirtas saugiai pritvirtinti \u017eibintuv\u0117lius prie M-Lok autobus\u0173. Tinka \u017eibintuv\u0117liams, kuri\u0173 korpuso skersmuo yra 22,5&#8230;26mm ir lempos galvut\u0117s skersmuo iki 40mm.<\/p>\n<p>Pagaminta i\u0161 auk\u0161tos kokyb\u0117s anoduoto aliuminio lydinio. Vidinis tvirtinimo laikiklio pavir\u0161ius yra padengtas guminiu pamink\u0161tinimu. Montavimo laikiklio matmenys yra 51, 7h42. 1h30. 1mm, sveria 53,3 g.<\/p>\n","protected":false},"featured_media":144425,"template":"","meta":{"_acf_changed":false},"product_brand":[],"product_cat":[216],"product_tag":[],"class_list":{"0":"post-146274","1":"product","2":"type-product","3":"status-publish","4":"has-post-thumbnail","6":"product_cat-flashlight","8":"first","9":"instock","10":"purchasable","11":"product-type-simple"},"acf":[],"_links":{"self":[{"href":"https:\/\/kingarms.ee\/en\/wp-json\/wp\/v2\/product\/146274","targetHints":{"allow":["GET"]}}],"collection":[{"href":"https:\/\/kingarms.ee\/en\/wp-json\/wp\/v2\/product"}],"about":[{"href":"https:\/\/kingarms.ee\/en\/wp-json\/wp\/v2\/types\/product"}],"wp:featuredmedia":[{"embeddable":true,"href":"https:\/\/kingarms.ee\/en\/wp-json\/wp\/v2\/media\/144425"}],"wp:attachment":[{"href":"https:\/\/kingarms.ee\/en\/wp-json\/wp\/v2\/media?parent=146274"}],"wp:term":[{"taxonomy":"product_brand","embeddable":true,"href":"https:\/\/kingarms.ee\/en\/wp-json\/wp\/v2\/product_brand?post=146274"},{"taxonomy":"product_cat","embeddable":true,"href":"https:\/\/kingarms.ee\/en\/wp-json\/wp\/v2\/product_cat?post=146274"},{"taxonomy":"product_tag","embeddable":true,"href":"https:\/\/kingarms.ee\/en\/wp-json\/wp\/v2\/product_tag?post=146274"}],"curies":[{"name":"wp","href":"https:\/\/api.w.org\/{rel}","templated":true}]}}