{"id":146279,"date":"2025-02-22T20:46:29","date_gmt":"2025-02-22T17:46:29","guid":{"rendered":"https:\/\/kingarms.ee\/product\/fenix-alg-18-relvakinnitusklamber\/"},"modified":"2025-07-27T16:58:23","modified_gmt":"2025-07-27T13:58:23","slug":"fenix-alg-18-relvakinnitusklamber","status":"publish","type":"product","link":"https:\/\/kingarms.ee\/en\/product\/fenix-alg-18-relvakinnitusklamber\/","title":{"rendered":"FENIKSAS ALG-18 PISTOLETO LAIKIKLIS"},"content":{"rendered":"","protected":false},"excerpt":{"rendered":"<p>Feniksas ALG-18 yra ypa\u010d kompakti\u0161kas ir greitai montuojamas universalus pistoleto laikiklis \u017eibintuv\u0117liams. Galima greitai sumontuoti ir i\u0161imti i\u0161 ginklo be pagalbin\u0117s \u012frangos. Tinka pistolet\u0173 lygintuvams, kuri\u0173 skersmuo 18-23 mm, ir \u017eibintuv\u0117liams, kuri\u0173 rankenos skersmuo 23,5-28 mm. tinkami \u017eibintuv\u0117liai, kuri\u0173 galvos skersmuo ne didesnis kaip 69 mm. pistoleto laikiklis pagamintas i\u0161 tvirto aliuminio lydinio. Visi vidiniai pavir\u0161iai (tiek dalies lempos montavimas, tiek dalies pistoleto montavimas) yra padengti lanks\u010dia gumine danga. Gumin\u0117 danga apsaugo lemp\u0105 ir pistoleto lygintuv\u0105 nuo mechanini\u0173 pa\u017eeidim\u0173 tiek sumontavus lemp\u0105, tiek atsitraukus ginklui, tiek judant su pistoletu.<\/p>\n","protected":false},"featured_media":144431,"template":"","meta":{"_acf_changed":false},"product_brand":[],"product_cat":[216],"product_tag":[],"class_list":{"0":"post-146279","1":"product","2":"type-product","3":"status-publish","4":"has-post-thumbnail","6":"product_cat-flashlight","8":"first","9":"instock","10":"purchasable","11":"product-type-simple"},"acf":[],"_links":{"self":[{"href":"https:\/\/kingarms.ee\/en\/wp-json\/wp\/v2\/product\/146279","targetHints":{"allow":["GET"]}}],"collection":[{"href":"https:\/\/kingarms.ee\/en\/wp-json\/wp\/v2\/product"}],"about":[{"href":"https:\/\/kingarms.ee\/en\/wp-json\/wp\/v2\/types\/product"}],"wp:featuredmedia":[{"embeddable":true,"href":"https:\/\/kingarms.ee\/en\/wp-json\/wp\/v2\/media\/144431"}],"wp:attachment":[{"href":"https:\/\/kingarms.ee\/en\/wp-json\/wp\/v2\/media?parent=146279"}],"wp:term":[{"taxonomy":"product_brand","embeddable":true,"href":"https:\/\/kingarms.ee\/en\/wp-json\/wp\/v2\/product_brand?post=146279"},{"taxonomy":"product_cat","embeddable":true,"href":"https:\/\/kingarms.ee\/en\/wp-json\/wp\/v2\/product_cat?post=146279"},{"taxonomy":"product_tag","embeddable":true,"href":"https:\/\/kingarms.ee\/en\/wp-json\/wp\/v2\/product_tag?post=146279"}],"curies":[{"name":"wp","href":"https:\/\/api.w.org\/{rel}","templated":true}]}}