{"id":146306,"date":"2025-02-22T20:46:29","date_gmt":"2025-02-22T17:46:29","guid":{"rendered":"https:\/\/kingarms.ee\/product\/fenix-aot-02-reguleerija-sau-40mm-peaga-taskulampidele\/"},"modified":"2025-07-27T16:58:22","modified_gmt":"2025-07-27T13:58:22","slug":"fenix-aot-02-reguleerija-sau-40mm-peaga-taskulampidele","status":"publish","type":"product","link":"https:\/\/kingarms.ee\/en\/product\/fenix-aot-02-reguleerija-sau-40mm-peaga-taskulampidele\/","title":{"rendered":"AOT-02 VALDIKLIS SAU 40MM \u017dIBINTUV\u0116LIAMS"},"content":{"rendered":"","protected":false},"excerpt":{"rendered":"<p>Feniksas AOT-02 sau yra skirtas skelbti tamsoje. Pagaminta i\u0161 auk\u0161tos kokyb\u0117s temperat\u016brai ir sm\u016bgiams atsparaus plastiko. Kadangi sau yra pagamintas i\u0161 balto plastiko, jis ypa\u010d tinka naudoti lempose su raudona ir \u017ealia antrine \u0161viesa, be baltos \u0161viesos (pvz., Feniksas TK26R). Tai supaprastina didelio diapazono \u0161viesos signal\u0173 perdavim\u0105, o \u0161viesos spalva pasikei\u010dia tik vienu mygtuko paspaudimu.<\/p>\n<p>Tinka Fenikso (ir kit\u0173 gamintoj\u0173) \u017eibintuv\u0117liams, kuri\u0173 galvos skersmuo 40 mm.<\/p>\n","protected":false},"featured_media":144473,"template":"","meta":{"_acf_changed":false},"product_brand":[],"product_cat":[216],"product_tag":[],"class_list":{"0":"post-146306","1":"product","2":"type-product","3":"status-publish","4":"has-post-thumbnail","6":"product_cat-flashlight","8":"first","9":"instock","10":"purchasable","11":"product-type-simple"},"acf":[],"_links":{"self":[{"href":"https:\/\/kingarms.ee\/en\/wp-json\/wp\/v2\/product\/146306","targetHints":{"allow":["GET"]}}],"collection":[{"href":"https:\/\/kingarms.ee\/en\/wp-json\/wp\/v2\/product"}],"about":[{"href":"https:\/\/kingarms.ee\/en\/wp-json\/wp\/v2\/types\/product"}],"wp:featuredmedia":[{"embeddable":true,"href":"https:\/\/kingarms.ee\/en\/wp-json\/wp\/v2\/media\/144473"}],"wp:attachment":[{"href":"https:\/\/kingarms.ee\/en\/wp-json\/wp\/v2\/media?parent=146306"}],"wp:term":[{"taxonomy":"product_brand","embeddable":true,"href":"https:\/\/kingarms.ee\/en\/wp-json\/wp\/v2\/product_brand?post=146306"},{"taxonomy":"product_cat","embeddable":true,"href":"https:\/\/kingarms.ee\/en\/wp-json\/wp\/v2\/product_cat?post=146306"},{"taxonomy":"product_tag","embeddable":true,"href":"https:\/\/kingarms.ee\/en\/wp-json\/wp\/v2\/product_tag?post=146306"}],"curies":[{"name":"wp","href":"https:\/\/api.w.org\/{rel}","templated":true}]}}