{"id":146316,"date":"2025-02-22T20:46:29","date_gmt":"2025-02-22T17:46:29","guid":{"rendered":"https:\/\/kingarms.ee\/product\/fenix-aot-03w-reguleerija-sau-254-34mm-peaga-taskulampidele\/"},"modified":"2025-07-27T16:58:21","modified_gmt":"2025-07-27T13:58:21","slug":"fenix-aot-03w-reguleerija-sau-254-34mm-peaga-taskulampidele","status":"publish","type":"product","link":"https:\/\/kingarms.ee\/en\/product\/fenix-aot-03w-reguleerija-sau-254-34mm-peaga-taskulampidele\/","title":{"rendered":"FENIKSAS AOT-03V VALDIKLIS SAU 25.4-34MM \u017dIBINTUV\u0116LIAMS"},"content":{"rendered":"","protected":false},"excerpt":{"rendered":"<p>FENIKSAS AOT-03V VALDIKLIS SAU 25.4-34MM \u017dIBINTUV\u0116LIAMS<\/p>\n<p>Baltas dispersinis pj\u016bklas Feniks AOT-03v sukurtas taip, kad tamsoje b\u016bt\u0173 pateikiami prane\u0161imai eismo kontrolieri\u0173 darbe. Pagaminta i\u0161 auk\u0161tos kokyb\u0117s mink\u0161to silikono. AOT-03v yra sulankstomas \/ sulankstomas ir turi ang\u0105 pakabos dir\u017eui. Matmenys 152mm ir 36.6 mm.<\/p>\n<p>Tinka Fenikso (ir kit\u0173 gamintoj\u0173) \u017eibintuv\u0117liams, kuri\u0173 galvos skersmuo yra 25,4 mm, 26,5 mm, 32 mm ir 34 mm.<\/p>\n","protected":false},"featured_media":144479,"template":"","meta":{"_acf_changed":false},"product_brand":[],"product_cat":[216],"product_tag":[],"class_list":{"0":"post-146316","1":"product","2":"type-product","3":"status-publish","4":"has-post-thumbnail","6":"product_cat-flashlight","8":"first","9":"instock","10":"purchasable","11":"product-type-simple"},"acf":[],"_links":{"self":[{"href":"https:\/\/kingarms.ee\/en\/wp-json\/wp\/v2\/product\/146316","targetHints":{"allow":["GET"]}}],"collection":[{"href":"https:\/\/kingarms.ee\/en\/wp-json\/wp\/v2\/product"}],"about":[{"href":"https:\/\/kingarms.ee\/en\/wp-json\/wp\/v2\/types\/product"}],"wp:featuredmedia":[{"embeddable":true,"href":"https:\/\/kingarms.ee\/en\/wp-json\/wp\/v2\/media\/144479"}],"wp:attachment":[{"href":"https:\/\/kingarms.ee\/en\/wp-json\/wp\/v2\/media?parent=146316"}],"wp:term":[{"taxonomy":"product_brand","embeddable":true,"href":"https:\/\/kingarms.ee\/en\/wp-json\/wp\/v2\/product_brand?post=146316"},{"taxonomy":"product_cat","embeddable":true,"href":"https:\/\/kingarms.ee\/en\/wp-json\/wp\/v2\/product_cat?post=146316"},{"taxonomy":"product_tag","embeddable":true,"href":"https:\/\/kingarms.ee\/en\/wp-json\/wp\/v2\/product_tag?post=146316"}],"curies":[{"name":"wp","href":"https:\/\/api.w.org\/{rel}","templated":true}]}}