{"id":146321,"date":"2025-02-22T20:46:29","date_gmt":"2025-02-22T17:46:29","guid":{"rendered":"https:\/\/kingarms.ee\/product\/fenix-aot-04r-reguleerija-sau-34-40mm-peaga-taskulampidele\/"},"modified":"2025-07-27T16:58:16","modified_gmt":"2025-07-27T13:58:16","slug":"fenix-aot-04r-reguleerija-sau-34-40mm-peaga-taskulampidele","status":"publish","type":"product","link":"https:\/\/kingarms.ee\/en\/product\/fenix-aot-04r-reguleerija-sau-34-40mm-peaga-taskulampidele\/","title":{"rendered":"FENIKSAS AOT &#8211; 04R REGULIAVIMAS SAU 34-40MM \u017dIBINTUV\u0116LIAMS"},"content":{"rendered":"","protected":false},"excerpt":{"rendered":"<p>FENIKSAS AOT-04R VALDIKLIS SAU 34-40MM \u017dIBINTUV\u0116LIAMS<\/p>\n<p>Feniksas AOT-04r raudonas sau yra skirtas prane\u0161ti tamsoje eismo kontrol\u0117s institucijoms. Pagaminta i\u0161 auk\u0161tos kokyb\u0117s mink\u0161to silikono. AOT &#8211; 04r yra sulankstomas\/sulankstomas ir turi ang\u0105 pakabos dir\u017eui. Matmenys 152mm ir 43mm.<\/p>\n<p>Tinka Fenikso (ir kit\u0173 gamintoj\u0173) \u017eibintuv\u0117liams, kuri\u0173 galvut\u0117s skersmuo yra 34 mm ir 40 mm.<\/p>\n","protected":false},"featured_media":144485,"template":"","meta":{"_acf_changed":false},"product_brand":[],"product_cat":[216],"product_tag":[],"class_list":{"0":"post-146321","1":"product","2":"type-product","3":"status-publish","4":"has-post-thumbnail","6":"product_cat-flashlight","8":"first","9":"instock","10":"purchasable","11":"product-type-simple"},"acf":[],"_links":{"self":[{"href":"https:\/\/kingarms.ee\/en\/wp-json\/wp\/v2\/product\/146321","targetHints":{"allow":["GET"]}}],"collection":[{"href":"https:\/\/kingarms.ee\/en\/wp-json\/wp\/v2\/product"}],"about":[{"href":"https:\/\/kingarms.ee\/en\/wp-json\/wp\/v2\/types\/product"}],"wp:featuredmedia":[{"embeddable":true,"href":"https:\/\/kingarms.ee\/en\/wp-json\/wp\/v2\/media\/144485"}],"wp:attachment":[{"href":"https:\/\/kingarms.ee\/en\/wp-json\/wp\/v2\/media?parent=146321"}],"wp:term":[{"taxonomy":"product_brand","embeddable":true,"href":"https:\/\/kingarms.ee\/en\/wp-json\/wp\/v2\/product_brand?post=146321"},{"taxonomy":"product_cat","embeddable":true,"href":"https:\/\/kingarms.ee\/en\/wp-json\/wp\/v2\/product_cat?post=146321"},{"taxonomy":"product_tag","embeddable":true,"href":"https:\/\/kingarms.ee\/en\/wp-json\/wp\/v2\/product_tag?post=146321"}],"curies":[{"name":"wp","href":"https:\/\/api.w.org\/{rel}","templated":true}]}}