{"id":146326,"date":"2025-02-22T20:46:29","date_gmt":"2025-02-22T17:46:29","guid":{"rendered":"https:\/\/kingarms.ee\/product\/fenix-aot-04w-reguleerija-sau-34-40mm-peaga-taskulampidele\/"},"modified":"2025-07-27T16:58:16","modified_gmt":"2025-07-27T13:58:16","slug":"fenix-aot-04w-reguleerija-sau-34-40mm-peaga-taskulampidele","status":"publish","type":"product","link":"https:\/\/kingarms.ee\/en\/product\/fenix-aot-04w-reguleerija-sau-34-40mm-peaga-taskulampidele\/","title":{"rendered":"AOT-04V VALDIKLIS SAU 34-40MM \u017dIBINTUV\u0116LIAMS"},"content":{"rendered":"","protected":false},"excerpt":{"rendered":"<p>FENIKSAS AOT-04V VALDIKLIS SAU 34-40MM \u017dIBINTUV\u0116LIAMS<\/p>\n<p>Baltas dispersinis pj\u016bklas Feniks AOT-04v sukurtas taip, kad tamsoje prane\u0161t\u0173 apie eismo kontrolieri\u0173 darb\u0105. Pagaminta i\u0161 auk\u0161tos kokyb\u0117s mink\u0161to silikono. AOT-04v yra sulankstomas \/ sulankstomas ir turi ang\u0105 pakabos dir\u017eui. Matmenys 152mm ir 43mm.<\/p>\n<p>Tinka Fenikso (ir kit\u0173 gamintoj\u0173) \u017eibintuv\u0117liams, kuri\u0173 galvut\u0117s skersmuo yra 34 mm ir 40 mm.<\/p>\n","protected":false},"featured_media":144491,"template":"","meta":{"_acf_changed":false},"product_brand":[],"product_cat":[216],"product_tag":[],"class_list":{"0":"post-146326","1":"product","2":"type-product","3":"status-publish","4":"has-post-thumbnail","6":"product_cat-flashlight","8":"first","9":"instock","10":"purchasable","11":"product-type-simple"},"acf":[],"_links":{"self":[{"href":"https:\/\/kingarms.ee\/en\/wp-json\/wp\/v2\/product\/146326","targetHints":{"allow":["GET"]}}],"collection":[{"href":"https:\/\/kingarms.ee\/en\/wp-json\/wp\/v2\/product"}],"about":[{"href":"https:\/\/kingarms.ee\/en\/wp-json\/wp\/v2\/types\/product"}],"wp:featuredmedia":[{"embeddable":true,"href":"https:\/\/kingarms.ee\/en\/wp-json\/wp\/v2\/media\/144491"}],"wp:attachment":[{"href":"https:\/\/kingarms.ee\/en\/wp-json\/wp\/v2\/media?parent=146326"}],"wp:term":[{"taxonomy":"product_brand","embeddable":true,"href":"https:\/\/kingarms.ee\/en\/wp-json\/wp\/v2\/product_brand?post=146326"},{"taxonomy":"product_cat","embeddable":true,"href":"https:\/\/kingarms.ee\/en\/wp-json\/wp\/v2\/product_cat?post=146326"},{"taxonomy":"product_tag","embeddable":true,"href":"https:\/\/kingarms.ee\/en\/wp-json\/wp\/v2\/product_tag?post=146326"}],"curies":[{"name":"wp","href":"https:\/\/api.w.org\/{rel}","templated":true}]}}