{"id":146341,"date":"2025-02-22T20:46:29","date_gmt":"2025-02-22T17:46:29","guid":{"rendered":"https:\/\/kingarms.ee\/product\/fenix-aot-s-reguleerija-sau-21-254mm-peaga-taskulampidele\/"},"modified":"2025-07-27T16:58:15","modified_gmt":"2025-07-27T13:58:15","slug":"fenix-aot-s-reguleerija-sau-21-254mm-peaga-taskulampidele","status":"publish","type":"product","link":"https:\/\/kingarms.ee\/en\/product\/fenix-aot-s-reguleerija-sau-21-254mm-peaga-taskulampidele\/","title":{"rendered":"FENIKSAS AOT-S REGULIATORIUS SAU 21-25. 4 MM PRIEKINIAI KI\u0160ENINIAI \u017dIBINTAI"},"content":{"rendered":"","protected":false},"excerpt":{"rendered":"<p>FENIKSAS AOT-AI REGULIATORIUS SAU 21-25. 4 MM PRIEKINIAI KI\u0160ENINIAI \u017dIBINTAI<br \/>\nFeniksas AOT-s raudonas sau yra skirtas tam, kad tamsoje b\u016bt\u0173 galima skelbti prane\u0161imus eismo pri\u017ei\u016br\u0117tojams. Pagaminta i\u0161 auk\u0161tos kokyb\u0117s temperat\u016brai ir sm\u016bgiams atsparaus plastiko.<\/p>\n<p>Tinka Fenikso \u017eibintuv\u0117liams (taip pat ir kitiems gamintojams), kuri\u0173 galvos skersmuo nuo 21 iki 25,4 mm (1&#8243;). Daugiau informacijos apie tinkamum\u0105 Taskulambid.eu per klient\u0173 aptarnavim\u0105.<\/p>\n","protected":false},"featured_media":144515,"template":"","meta":{"_acf_changed":false},"product_brand":[],"product_cat":[216],"product_tag":[],"class_list":{"0":"post-146341","1":"product","2":"type-product","3":"status-publish","4":"has-post-thumbnail","6":"product_cat-flashlight","8":"first","9":"instock","10":"purchasable","11":"product-type-simple"},"acf":[],"_links":{"self":[{"href":"https:\/\/kingarms.ee\/en\/wp-json\/wp\/v2\/product\/146341","targetHints":{"allow":["GET"]}}],"collection":[{"href":"https:\/\/kingarms.ee\/en\/wp-json\/wp\/v2\/product"}],"about":[{"href":"https:\/\/kingarms.ee\/en\/wp-json\/wp\/v2\/types\/product"}],"wp:featuredmedia":[{"embeddable":true,"href":"https:\/\/kingarms.ee\/en\/wp-json\/wp\/v2\/media\/144515"}],"wp:attachment":[{"href":"https:\/\/kingarms.ee\/en\/wp-json\/wp\/v2\/media?parent=146341"}],"wp:term":[{"taxonomy":"product_brand","embeddable":true,"href":"https:\/\/kingarms.ee\/en\/wp-json\/wp\/v2\/product_brand?post=146341"},{"taxonomy":"product_cat","embeddable":true,"href":"https:\/\/kingarms.ee\/en\/wp-json\/wp\/v2\/product_cat?post=146341"},{"taxonomy":"product_tag","embeddable":true,"href":"https:\/\/kingarms.ee\/en\/wp-json\/wp\/v2\/product_tag?post=146341"}],"curies":[{"name":"wp","href":"https:\/\/api.w.org\/{rel}","templated":true}]}}