{"id":146351,"date":"2025-02-22T20:46:29","date_gmt":"2025-02-22T17:46:29","guid":{"rendered":"https:\/\/kingarms.ee\/product\/fenix-apb-30-vutlar-pealampidele-akudele-ning-tarvikutele\/"},"modified":"2025-07-27T16:58:14","modified_gmt":"2025-07-27T13:58:14","slug":"fenix-apb-30-vutlar-pealampidele-akudele-ning-tarvikutele","status":"publish","type":"product","link":"https:\/\/kingarms.ee\/en\/product\/fenix-apb-30-vutlar-pealampidele-akudele-ning-tarvikutele\/","title":{"rendered":"FENIKSAS APB-30 KORPUSAS BATERIJOMS IR PRIEDAMS"},"content":{"rendered":"","protected":false},"excerpt":{"rendered":"<p>&#8220;&#8221;&#8221;FENIKSAS APB-30 KORPUSAS BATERIJOMS IR PRIEDAMS PRIEKINIAI \u017dIBINTAI<\/p>\n<p>Auk\u0161tos kokyb\u0117s zip gaubtas baterijoms, priedams ir kompakti\u0161kiems \u017eibintuv\u0117liams (\u012fsk.Priekiniai \u017eibintai) ne\u0161iojimui ir laikymui. Apsaugo nuo mechanini\u0173 pa\u017eeidim\u0173, purvo ir dr\u0117gm\u0117s. Pagaminta Fenikso.<\/p>\n<p>Kailis yra mink\u0161tos strukt\u016bros. Tu\u0161\u010dios matmenys 16h12h2cm&#8221;&#8221;&#8221;<\/p>\n","protected":false},"featured_media":144527,"template":"","meta":{"_acf_changed":false},"product_brand":[],"product_cat":[216],"product_tag":[],"class_list":{"0":"post-146351","1":"product","2":"type-product","3":"status-publish","4":"has-post-thumbnail","6":"product_cat-flashlight","8":"first","9":"instock","10":"purchasable","11":"product-type-simple"},"acf":[],"_links":{"self":[{"href":"https:\/\/kingarms.ee\/en\/wp-json\/wp\/v2\/product\/146351","targetHints":{"allow":["GET"]}}],"collection":[{"href":"https:\/\/kingarms.ee\/en\/wp-json\/wp\/v2\/product"}],"about":[{"href":"https:\/\/kingarms.ee\/en\/wp-json\/wp\/v2\/types\/product"}],"wp:featuredmedia":[{"embeddable":true,"href":"https:\/\/kingarms.ee\/en\/wp-json\/wp\/v2\/media\/144527"}],"wp:attachment":[{"href":"https:\/\/kingarms.ee\/en\/wp-json\/wp\/v2\/media?parent=146351"}],"wp:term":[{"taxonomy":"product_brand","embeddable":true,"href":"https:\/\/kingarms.ee\/en\/wp-json\/wp\/v2\/product_brand?post=146351"},{"taxonomy":"product_cat","embeddable":true,"href":"https:\/\/kingarms.ee\/en\/wp-json\/wp\/v2\/product_cat?post=146351"},{"taxonomy":"product_tag","embeddable":true,"href":"https:\/\/kingarms.ee\/en\/wp-json\/wp\/v2\/product_tag?post=146351"}],"curies":[{"name":"wp","href":"https:\/\/api.w.org\/{rel}","templated":true}]}}