{"id":146391,"date":"2025-02-22T20:46:04","date_gmt":"2025-02-22T17:46:04","guid":{"rendered":"https:\/\/kingarms.ee\/product\/fenix-aer-02-v2-0-distantsluliti\/"},"modified":"2025-07-27T16:58:13","modified_gmt":"2025-07-27T13:58:13","slug":"fenix-aer-02-v2-0-distantsluliti","status":"publish","type":"product","link":"https:\/\/kingarms.ee\/en\/product\/fenix-aer-02-v2-0-distantsluliti\/","title":{"rendered":"Feniksas AER &#8211; 02 V2. 0 atstumo jungiklis"},"content":{"rendered":"","protected":false},"excerpt":{"rendered":"<p>Atstumo jungiklis Fenikso \u017eibintuv\u0117liams. Jungiklis turi du mygtukus, leid\u017eian\u010dius akimirksniu \u012fjungti lemp\u0105, perjungti lemp\u0105 \u012f nuolatin\u012f veikim\u0105 ir pasirinkti lempos \u0161viesos intensyvum\u0105 (funkcijos gali \u0161iek tiek skirtis priklausomai nuo lempos). Jungiklio konstrukcija yra visi\u0161kai atspari vandeniui ir oro s\u0105lygoms, veikimas yra tylus. Maksimalus bendras nuotolinio jungiklio ilgis yra 34 cm.<\/p>\n<p>Tinka \u0161iems Fenikso \u017eibintuv\u0117liams:<\/p>\n<p>PD35 V3. 0, PD32 V2. 0, UC35 V2. 0, TK11TAC, FD41<\/p>\n<p>Jei turite klausim\u0173 apie atstumo jungiklio tinkamum\u0105, susisiekite su mumis Taskulambid.eu klient\u0173 aptarnavimas.<\/p>\n","protected":false},"featured_media":144317,"template":"","meta":{"_acf_changed":false},"product_brand":[],"product_cat":[216],"product_tag":[],"class_list":{"0":"post-146391","1":"product","2":"type-product","3":"status-publish","4":"has-post-thumbnail","6":"product_cat-flashlight","8":"first","9":"instock","10":"purchasable","11":"product-type-simple"},"acf":[],"_links":{"self":[{"href":"https:\/\/kingarms.ee\/en\/wp-json\/wp\/v2\/product\/146391","targetHints":{"allow":["GET"]}}],"collection":[{"href":"https:\/\/kingarms.ee\/en\/wp-json\/wp\/v2\/product"}],"about":[{"href":"https:\/\/kingarms.ee\/en\/wp-json\/wp\/v2\/types\/product"}],"wp:featuredmedia":[{"embeddable":true,"href":"https:\/\/kingarms.ee\/en\/wp-json\/wp\/v2\/media\/144317"}],"wp:attachment":[{"href":"https:\/\/kingarms.ee\/en\/wp-json\/wp\/v2\/media?parent=146391"}],"wp:term":[{"taxonomy":"product_brand","embeddable":true,"href":"https:\/\/kingarms.ee\/en\/wp-json\/wp\/v2\/product_brand?post=146391"},{"taxonomy":"product_cat","embeddable":true,"href":"https:\/\/kingarms.ee\/en\/wp-json\/wp\/v2\/product_cat?post=146391"},{"taxonomy":"product_tag","embeddable":true,"href":"https:\/\/kingarms.ee\/en\/wp-json\/wp\/v2\/product_tag?post=146391"}],"curies":[{"name":"wp","href":"https:\/\/api.w.org\/{rel}","templated":true}]}}